{"id":8,"date":"2024-01-31T12:53:38","date_gmt":"2024-01-31T11:53:38","guid":{"rendered":"https:\/\/www.mueblesnebra.com\/sofas-en-zaragoza\/?page_id=8"},"modified":"2025-12-23T13:59:04","modified_gmt":"2025-12-23T12:59:04","slug":"inicio","status":"publish","type":"page","link":"https:\/\/www.mueblesnebra.com\/sofas-en-zaragoza\/","title":{"rendered":"Inicio"},"content":{"rendered":"<div class=\"wpb-content-wrapper\"><p>[vc_row full_width=\u00bbstretch_row_content\u00bb css_animation=\u00bbfadeIn\u00bb css=\u00bb.vc_custom_1718355764908{margin-bottom: 0px !important;padding-bottom: 0px !important;background-image: url(http:\/\/www.mueblesnebra.com\/sofas-en-zaragoza\/wp-content\/uploads\/sites\/2\/2024\/06\/NINA-CHAISELONGUE-Atlantis-decorada-jpeg.webp?id=41) !important;background-position: center !important;background-repeat: no-repeat !important;background-size: cover !important;}\u00bb][vc_column][vc_empty_space height=\u00bb100px\u00bb][vc_empty_space height=\u00bb150px\u00bb el_class=\u00bbdisplay-none\u00bb][vc_row_inner gap=\u00bb35&#8243; css=\u00bb.vc_custom_1718355471939{padding-right: 5px !important;padding-left: 5px !important;}\u00bb][vc_column_inner width=\u00bb1\/6&#8243;][\/vc_column_inner][vc_column_inner width=\u00bb2\/3&#8243;][vc_column_text css=\u00bb.vc_custom_1766493409413{margin-right: 10px !important;margin-left: 10px !important;}\u00bb]<\/p>\n<h1 style=\"text-align: center;\"><strong><span style=\"color: #ffffff; text-shadow: 4px 4px 4px #333;\">MUEBLES NEBRA: TIENDA DE SOF\u00c1S EN ZARAGOZA<\/span><\/strong><\/h1>\n<p style=\"text-align: center;\"><strong><span style=\"color: #ffffff; text-shadow: 4px 4px 4px #333;\">Te damos la bienvenida a Muebles Nebra, una de las mejores tiendas de sof\u00e1s en Zaragoza, donde ponemos a tu disposici\u00f3n un amplio cat\u00e1logo de sof\u00e1s con estilo \u00fanico, y de alt\u00edsima calidad.<\/span><\/strong><\/p>\n<p>[\/vc_column_text][vc_empty_space height=\u00bb100px\u00bb el_class=\u00bbdisplay-none\u00bb][vc_btn title=\u00bbENCUENTRA TU TIENDA M\u00c1S CERCANA\u00bb style=\u00bbcustom\u00bb custom_background=\u00bb#ffa400&#8243; custom_text=\u00bb#ffffff\u00bb shape=\u00bbsquare\u00bb align=\u00bbcenter\u00bb css_animation=\u00bbnone\u00bb css=\u00bb.vc_custom_1718355155164{padding-right: 20px !important;}\u00bb link=\u00bburl:https%3A%2F%2Fwww.google.com%2Fmaps%2Fsearch%2Fmuebles%2Bnebra%2F%4041.6517901%2C-0.894981%2C13z%2Fdata%3D!3m1!4b1%3Fentry%3Dttu\u00bb][\/vc_column_inner][vc_column_inner width=\u00bb1\/6&#8243;][\/vc_column_inner][\/vc_row_inner][vc_empty_space height=\u00bb150px\u00bb el_class=\u00bbdisplay-none\u00bb][vc_empty_space height=\u00bb100px\u00bb][\/vc_column][\/vc_row][vc_row full_width=\u00bbstretch_row_content\u00bb gap=\u00bb35&#8243; content_text_aligment=\u00bb\u00bb use_row_as_full_screen_section=\u00bbno\u00bb][vc_column][vc_column_text]<\/p>\n<h2 style=\"text-align: center;\"><span style=\"color: #ff9900; font-size: 24pt;\"><strong>Tu Tienda de Sof\u00e1s en Zaragoza<\/strong><\/span><\/h2>\n<p style=\"text-align: center;\">Bienvenidos a <strong>Muebles Nebra<\/strong>, tu tienda de sof\u00e1s en Zaragoza especializada en ofrecer comodidad, dise\u00f1o y calidad para tu hogar. Con m\u00e1s de 50 a\u00f1os de experiencia en el sector del mueble, en Muebles Nebra estamos comprometidos en ayudarte a encontrar el sof\u00e1 ideal para tu espacio y estilo. En nuestras tiendas en Zaragoza, situadas en el Actur y en la calle Miguel Servet, encontrar\u00e1s una amplia variedad de sof\u00e1s que se adaptan a cada necesidad y presupuesto, desde sof\u00e1s de tres plazas y chaise longue hasta sof\u00e1s cama y rinconeras.<\/p>\n<p>[\/vc_column_text][vc_empty_space][vc_masonry_media_grid css=\u00bb\u00bb initial_loading_animation=\u00bbnone\u00bb grid_id=\u00bbvc_gid:1766494725975-6cb84b02-40dd-5&#8243; include=\u00bb15508,15509,15510,15511,15512,15513,15514,15515,15516,15517,15518,15519,15520,15521,15522,15523&#8243;][\/vc_column][\/vc_row][vc_row content_text_aligment=\u00bb\u00bb use_row_as_full_screen_section=\u00bbno\u00bb][vc_column][vc_column_text css=\u00bb\u00bb]<\/p>\n<h3 style=\"text-align: center;\"><span style=\"color: #ff9900; font-size: 24pt;\"><strong>Variedad de Sof\u00e1s de calidad<\/strong><\/span><\/h3>\n<p style=\"text-align: center;\">En Muebles Nebra sabemos que cada cliente busca algo \u00fanico para su hogar. Por eso, ofrecemos una <strong>selecci\u00f3n exclusiva de sof\u00e1s<\/strong> en Zaragoza, donde podr\u00e1s elegir entre dise\u00f1os modernos, cl\u00e1sicos y funcionales. Nuestros sof\u00e1s destacan por su versatilidad, permiti\u00e9ndote encontrar el equilibrio perfecto entre comodidad y estilo. Adem\u00e1s, trabajamos solo con los mejores materiales, asegurando que cada sof\u00e1 mantenga su belleza y resistencia a lo largo del tiempo.<\/p>\n<p>[\/vc_column_text][vc_video link=\u00bbhttps:\/\/youtube.com\/shorts\/nOo5Wpet-2w?si=M01VRHzla6AKy0ph\u00bb align=\u00bbcenter\u00bb][vc_column_text css=\u00bb\u00bb]<\/p>\n<div class=\"elementor-element elementor-element-0c55f30 elementor-widget elementor-widget-heading\" data-id=\"0c55f30\" data-element_type=\"heading.default\">\n<div class=\"elementor-widget-container\">\n<h2 class=\"elementor-heading-title elementor-size-default\" style=\"text-align: center;\"><span style=\"color: #ff9900; font-size: 42px;\">Sof\u00e1s y sillones en Zaragoza<\/span><\/h2>\n<p><strong>Sof\u00e1s, sillones y complementos, todos tapizados a su elecci\u00f3n y totalmente personalizados.<\/strong><br \/>\n<strong>Si te lo imaginas, te lo fabricamos y al mejor precio<\/strong><\/p>\n<p><span style=\"font-size: 17pt;\"><span style=\"font-size: 14pt;\">En nuestra tienda ver\u00e1s que te ofrecemos una gran variedad de opciones para que encuentres el sof\u00e1 que te encaje, y en la galer\u00eda p<\/span><\/span><span style=\"font-size: 14pt; text-align: justify;\">odr\u00e1s encontrar parte de los modelos y dise\u00f1os. \u00a1Esperamos que te hayan gustado!<\/span><\/p>\n<\/div>\n<\/div>\n<div class=\"elementor-element elementor-element-bf6fcda elementor-widget elementor-widget-text-editor\" data-id=\"bf6fcda\" data-element_type=\"text-editor.default\">\n<div class=\"elementor-widget-container\">\n<div class=\"elementor-text-editor elementor-clearfix\">\n<p style=\"text-align: justify;\"><span style=\"font-size: 14pt;\">Los\u00a0<strong>sof\u00e1s y los sillones<\/strong> son uno de los grandes protagonistas del hogar y en general del sal\u00f3n. Comprar un sof\u00e1 no es una tarea f\u00e1cil, por eso, desde Muebles Nebra VIVAREA queremos ayudarte a la hora de <strong>elegir<\/strong>. As\u00ed que, te invitamos a\u00a0ver estos estupendos <strong>sof\u00e1s<\/strong>\u00a0y sillones que disponemos.<\/span><\/p>\n<p style=\"text-align: justify;\"><span style=\"font-size: 14pt;\">A la hora de elegir el sof\u00e1, es importante acertar con la tela. Disponemos de la mayor\u00eda de telas del mercado, ya sean r\u00edgidas, aterciopeladas y suaves, piel y telas antimanchas. <\/span><span style=\"font-size: 14pt;\">Si nos preguntas, nosotros siempre te recomendaremos que las telas sean antimanchas, y la m\u00e1s efectiva es AQUACLEAN. Muebles Nebra es distribuidor oficial de esta marca de telas que tan solo con agua limpia las manchas del sof\u00e1.<\/span><\/p>\n<p style=\"text-align: justify;\"><span style=\"font-size: 14pt;\">Puedes ponerte en contacto con nosotros para que podamos asesorarte sobre los t<em>ipos de <\/em>sof\u00e1s\u00a0que mejor se adaptan a lo que est\u00e1s buscando y a tus necesidades. Disponemos de <strong>sof\u00e1s chaiselongue, sillones, sof\u00e1 relax el\u00e9ctrico o manual, sof\u00e1 reclinable, sof\u00e1 con asientos deslizables, sof\u00e1s de 2 plazas, 3 plazas, etc.<\/strong>\u00a0\u00a1Somos tu tienda de sof\u00e1s en Zaragoza, te esperamos!<\/span><\/p>\n<h2 style=\"text-align: center;\"><span style=\"color: #ff9900; font-size: 42px;\">Sillones en Zaragoza<\/span><\/h2>\n<p><span style=\"font-size: 14pt;\">Adem\u00e1s de sof\u00e1s, tambi\u00e9n ofrecemos una selecci\u00f3n de sillones que te permitir\u00e1n crear un rinc\u00f3n de relajaci\u00f3n en tu hogar. Nuestros sillones son c\u00f3modos y duraderos, ideales para leer un libro o ver tu programa favorito.<\/span><\/p>\n<h2 style=\"text-align: center;\"><span style=\"color: #ff9900; font-size: 42px;\">\u00bfPor qu\u00e9 elegirnos para comprar tu sof\u00e1?<\/span><\/h2>\n<p><span style=\"font-size: 14pt;\">En Muebles Nebra, nos destacamos por ofrecer mucho m\u00e1s que simplemente sof\u00e1s. Aqu\u00ed tienes algunas razones para elegirnos:<\/span><\/p>\n<ul>\n<li><span style=\"font-size: 14pt;\"><strong>Calidad Garantizada:<\/strong> Todos nuestros sof\u00e1s est\u00e1n fabricados con los m\u00e1s altos est\u00e1ndares de calidad, lo que garantiza que disfrutar\u00e1s de a\u00f1os de comodidad y durabilidad.<\/span><\/li>\n<li><span style=\"font-size: 14pt;\"><strong>Variedad de Estilos:<\/strong> Como mencionamos anteriormente, ofrecemos una amplia variedad de estilos para satisfacer todos los gustos, desde los m\u00e1s cl\u00e1sicos hasta los m\u00e1s contempor\u00e1neos.<\/span><\/li>\n<li><span style=\"font-size: 14pt;\"><strong>Atenci\u00f3n Personalizada:<\/strong> Nuestro personal amable y conocedor est\u00e1 listo para responder tus preguntas y ayudarte a encontrar el sof\u00e1 perfecto.<\/span><\/li>\n<li><span style=\"font-size: 14pt;\"><strong>Entrega y Montaje:<\/strong> Ofrecemos servicios de entrega y montaje para garantizar que tu nuevo sof\u00e1 se instale correctamente en tu hogar.<\/span><\/li>\n<\/ul>\n<p>Disponemos de un gran surtido de sof\u00e1s, relax motorizados, deslizantes, sof\u00e1s cama, piel, tela y nos adaptamos a tus medidas.<\/p>\n<p>Adem\u00e1s, elige la tapicer\u00eda y el color que m\u00e1s te guste. En nuestra tienda de sof\u00e1s en Actur te hacemos el sof\u00e1 a la carta. Disponemos de telas antimanchas, aquaclean, rustika y telas convencionales de gran calidad.<\/p>\n<h2 style=\"text-align: center;\"><span style=\"color: #ff9900; font-size: 42px;\">Sof\u00e1s de Dise\u00f1o al Mejor Precio<\/span><\/h2>\n<p>Contamos con los mejores sof\u00e1s de dise\u00f1o, pero no todos los sof\u00e1s sirven para todo el mundo. \u00a1Descubre nuestras recomendaciones!<\/p>\n<p>Es importante saber medidas aproximadas del\u00a0<strong>hueco que dispones para el sof\u00e1 y que tipo de sof\u00e1 te gustar\u00eda en funci\u00f3n del formato<\/strong>\u00a0ya sea 3 plazas, chaiselongue o rinconera. Adem\u00e1s, es importante el sistema (fijo, deslizante y relax).<\/p>\n<p>Adem\u00e1s de medidas y formatos, es importante el tema de la tela. Ya que existen muchas telas en el mercado, pero en Muebles Nebra recomendamos las\u00a0<strong>telas antimanchas, concretamente la marca AQUACLEAN<\/strong>, de la que somos distribuidores oficiales. Existen telas m\u00e1s aterciopeladas, m\u00e1s duras, m\u00e1s finas o incluso la piel.<\/p>\n<p>Otra recomendaci\u00f3n que te damos es que pruebes los sof\u00e1s para ver como te gustan, ya que hay diferentes\u00a0<strong>sentadas, alturas y fondos<\/strong>. Las sentadas pueden ser m\u00e1s duras o blandas. Las alturas dependen mucho de las patas del sofa y de si lleva o no cabezal. Por \u00faltimo, cuando el sof\u00e1 tiene m\u00e1s fondo, ser\u00e1 m\u00e1s c\u00f3modo para personas altas. Si tiene menos fondo para personas m\u00e1s peque\u00f1as.<\/p>\n<\/div>\n<\/div>\n<\/div>\n<p>[\/vc_column_text][vc_empty_space][vc_empty_space][\/vc_column][\/vc_row][vc_row content_text_aligment=\u00bb\u00bb use_row_as_full_screen_section=\u00bbno\u00bb][vc_column][vc_column_text]<\/p>\n<h2 style=\"text-align: center;\"><span style=\"color: #ff9900; font-size: 42px;\">Tienda de Sofas en Zaragoza, con Dos Ubicaciones para Ti<\/span><\/h2>\n<p>Para tu comodidad, contamos con <strong>dos tiendas de sof\u00e1s en Zaragoza<\/strong>:<\/p>\n<p style=\"text-align: center;\"><span style=\"font-size: 18pt;\"><a href=\"https:\/\/www.google.es\/maps\/search\/muebles+nebra\/@41.6464272,-0.8781824,15z\/data=!3m1!4b1?entry=ttu\" target=\"_blank\" rel=\"noopener\"><span style=\"color: #ff9900;\"><strong>Encuentra tu tienda m\u00e1s cercana<\/strong><\/span><\/a><\/span><\/p>\n<p>[\/vc_column_text][vc_empty_space][vc_gmaps link=\u00bb#E-8_JTNDaWZyYW1lJTIwc3JjJTNEJTIyaHR0cHMlM0ElMkYlMkZ3d3cuZ29vZ2xlLmNvbSUyRm1hcHMlMkZlbWJlZCUzRnBiJTNEJTIxMW0xNiUyMTFtMTIlMjExbTMlMjExZDIxMDUwLjI2NDI0MjA2OTY5JTIxMmQtMC44NzY4NzI2MTE2MTIwNjAxJTIxM2Q0MS42NTcwNzk0OTMyNTI2NyUyMTJtMyUyMTFmMCUyMTJmMCUyMTNmMCUyMTNtMiUyMTFpMTAyNCUyMTJpNzY4JTIxNGYxMy4xJTIxMm0xJTIxMXNtdWVibGVzJTI1MjBuZWJyYSUyMTVlMCUyMTNtMiUyMTFzZXMlMjEyc2VzJTIxNHYxNjA3ODQ2NDcyNzAzJTIxNW0yJTIxMXNlcyUyMTJzZXMlMjIlMjB3aWR0aCUzRCUyMjYwMCUyMiUyMGhlaWdodCUzRCUyMjQ1MCUyMiUyMGZyYW1lYm9yZGVyJTNEJTIyMCUyMiUyMHN0eWxlJTNEJTIyYm9yZGVyJTNBMCUzQiUyMiUyMGFsbG93ZnVsbHNjcmVlbiUzRCUyMiUyMiUyMGFyaWEtaGlkZGVuJTNEJTIyZmFsc2UlMjIlMjB0YWJpbmRleCUzRCUyMjAlMjIlM0UlM0MlMkZpZnJhbWUlM0U=\u00bb css_animation=\u00bbbounceIn\u00bb][vc_empty_space][\/vc_column][\/vc_row][vc_row content_text_aligment=\u00bb\u00bb use_row_as_full_screen_section=\u00bbno\u00bb][vc_column width=\u00bb1\/2&#8243;][vc_column_text]<\/p>\n<h3>MUEBLES NEBRA | Actur<\/h3>\n<p>Calle Pablo Ruiz Picasso, 33<br \/>\nCP 50018 Zaragoza<br \/>\nTel\u00e9fono: 976 74 07 90<br \/>\nHorario: Lunes \u2013 Viernes: 10:00 \u2013 13:30 \/ 16:30 \u2013 20:30<br \/>\nS\u00e1bados: 10:00-13:30 \/ 17:00-20:30[\/vc_column_text][vc_empty_space][vc_empty_space][\/vc_column][vc_column width=\u00bb1\/2&#8243;][vc_column_text]<\/p>\n<h3>MUEBLES NEBRA | Servet<\/h3>\n<p>Calle de Miguel Servet, 66<br \/>\nCP 50013 Zaragoza<br \/>\nTel\u00e9fono: 976 41 58 10<br \/>\nHorario: Lunes \u2013 Viernes: 10:00 \u2013 13:30 \/ 16:30 \u2013 20:30<br \/>\nS\u00e1bados: 10:00-13:30 \/ 17:00-20:30[\/vc_column_text][\/vc_column][\/vc_row][vc_row content_text_aligment=\u00bb\u00bb use_row_as_full_screen_section=\u00bbno\u00bb][vc_column][vc_column_text]<\/p>\n<p style=\"text-align: center;\">En Muebles Nebra, no solo vendemos sof\u00e1s, tambi\u00e9n te ofrecemos una experiencia personalizada en cada visita. Estamos aqu\u00ed para responder a todas tus preguntas y ayudarte a hacer la mejor elecci\u00f3n para tu hogar.<\/p>\n<p>[\/vc_column_text][vc_column_text]<\/p>\n<h2 style=\"text-align: center;\"><span style=\"color: #ff9900; font-size: 42px;\">Descubre Muebles Nebra &#8211; Mucho m\u00e1s que una Tienda de Sof\u00e1s en Zaragoza<\/span><\/h2>\n<p style=\"text-align: center;\">Te invitamos a visitar Muebles Nebra y conocer nuestra selecci\u00f3n de sof\u00e1s en Zaragoza. Disfruta de la calidad, el estilo y la comodidad que mereces, todo a precios competitivos y con el respaldo de una tienda con trayectoria. Haz de tu hogar un espacio \u00fanico y acogedor con los sof\u00e1s que te ofrecemos en Muebles Nebra.<\/p>\n<p style=\"text-align: center;\"><span style=\"font-size: 18pt;\"><a href=\"https:\/\/www.mueblesnebra.com\/contacto\/\"><span style=\"color: #ff9900;\"><strong>Contacta con nosotros\u00a0<\/strong><\/span><\/a><\/span><\/p>\n<p>[\/vc_column_text][vc_empty_space][\/vc_column][\/vc_row][vc_row content_text_aligment=\u00bb\u00bb use_row_as_full_screen_section=\u00bbno\u00bb][vc_column][vc_empty_space][\/vc_column][\/vc_row]<\/p>\n<\/div>","protected":false},"excerpt":{"rendered":"<p>[vc_row full_width=\u00bbstretch_row_content\u00bb css_animation=\u00bbfadeIn\u00bb css=\u00bb.vc_custom_1718355764908{margin-bottom: 0px !important;padding-bottom: 0px !important;background-image: url(http:\/\/www.mueblesnebra.com\/sofas-en-zaragoza\/wp-content\/uploads\/sites\/2\/2024\/06\/NINA-CHAISELONGUE-Atlantis-decorada-jpeg.webp?id=41) !important;background-position: center !important;background-repeat: no-repeat !important;background-size: cover !important;}\u00bb][vc_column][vc_empty_space height=\u00bb100px\u00bb][vc_empty_space height=\u00bb150px\u00bb el_class=\u00bbdisplay-none\u00bb][vc_row_inner gap=\u00bb35&#8243; css=\u00bb.vc_custom_1718355471939{padding-right: 5px !important;padding-left: 5px !important;}\u00bb][vc_column_inner width=\u00bb1\/6&#8243;][\/vc_column_inner][vc_column_inner width=\u00bb2\/3&#8243;][vc_column_text css=\u00bb.vc_custom_1766493409413{margin-right: 10px !important;margin-left: 10px !important;}\u00bb] MUEBLES NEBRA: TIENDA DE SOF\u00c1S EN ZARAGOZA Te damos la bienvenida a Muebles Nebra, una de las mejores tiendas de sof\u00e1s en Zaragoza, [&hellip;]<\/p>\n","protected":false},"author":395,"featured_media":0,"parent":0,"menu_order":0,"comment_status":"closed","ping_status":"closed","template":"","meta":{"_genesis_hide_title":false,"_genesis_hide_breadcrumbs":false,"_genesis_hide_singular_image":false,"_genesis_hide_footer_widgets":false,"_genesis_custom_body_class":"","_genesis_custom_post_class":"","_genesis_layout":"","footnotes":""},"class_list":{"0":"post-8","1":"page","2":"type-page","3":"status-publish","5":"entry"},"_links":{"self":[{"href":"https:\/\/www.mueblesnebra.com\/sofas-en-zaragoza\/wp-json\/wp\/v2\/pages\/8","targetHints":{"allow":["GET"]}}],"collection":[{"href":"https:\/\/www.mueblesnebra.com\/sofas-en-zaragoza\/wp-json\/wp\/v2\/pages"}],"about":[{"href":"https:\/\/www.mueblesnebra.com\/sofas-en-zaragoza\/wp-json\/wp\/v2\/types\/page"}],"author":[{"embeddable":true,"href":"https:\/\/www.mueblesnebra.com\/sofas-en-zaragoza\/wp-json\/wp\/v2\/users\/395"}],"replies":[{"embeddable":true,"href":"https:\/\/www.mueblesnebra.com\/sofas-en-zaragoza\/wp-json\/wp\/v2\/comments?post=8"}],"version-history":[{"count":27,"href":"https:\/\/www.mueblesnebra.com\/sofas-en-zaragoza\/wp-json\/wp\/v2\/pages\/8\/revisions"}],"predecessor-version":[{"id":15553,"href":"https:\/\/www.mueblesnebra.com\/sofas-en-zaragoza\/wp-json\/wp\/v2\/pages\/8\/revisions\/15553"}],"wp:attachment":[{"href":"https:\/\/www.mueblesnebra.com\/sofas-en-zaragoza\/wp-json\/wp\/v2\/media?parent=8"}],"curies":[{"name":"wp","href":"https:\/\/api.w.org\/{rel}","templated":true}]}}