{"id":78,"date":"2024-07-16T12:19:19","date_gmt":"2024-07-16T10:19:19","guid":{"rendered":"https:\/\/www.mueblesnebra.com\/sofas-en-zaragoza\/?page_id=78"},"modified":"2024-12-02T14:51:26","modified_gmt":"2024-12-02T13:51:26","slug":"sofas-cama","status":"publish","type":"page","link":"https:\/\/www.mueblesnebra.com\/sofas-en-zaragoza\/sofas-cama\/","title":{"rendered":"Sof\u00e1s Cama"},"content":{"rendered":"<div class=\"wpb-content-wrapper\"><p>[vc_row full_width=\u00bbstretch_row_content\u00bb css_animation=\u00bbfadeIn\u00bb css=\u00bb.vc_custom_1721116387844{margin-bottom: 0px !important;padding-bottom: 0px !important;background-image: url(http:\/\/www.mueblesnebra.com\/sofas-en-zaragoza\/wp-content\/uploads\/sites\/2\/2024\/07\/portada-sofas-camas-en-zaragoza.webp?id=113) !important;background-position: center !important;background-repeat: no-repeat !important;background-size: cover !important;}\u00bb][vc_column][vc_empty_space height=\u00bb100px\u00bb][vc_empty_space height=\u00bb150px\u00bb el_class=\u00bbdisplay-none\u00bb][vc_row_inner gap=\u00bb35&#8243; css=\u00bb.vc_custom_1718355471939{padding-right: 5px !important;padding-left: 5px !important;}\u00bb][vc_column_inner width=\u00bb1\/6&#8243;][\/vc_column_inner][vc_column_inner width=\u00bb2\/3&#8243;][vc_column_text css=\u00bb.vc_custom_1721116570671{margin-right: 10px !important;margin-left: 10px !important;}\u00bb]<\/p>\n<h1 style=\"text-align: center;\"><strong><span style=\"color: #ffffff; text-shadow: 4px 4px 4px #333;\">SOF\u00c1S CAMA EN ZARAGOZA<\/span><\/strong><\/h1>\n<p style=\"text-align: center;\"><strong><span style=\"color: #ffffff; text-shadow: 4px 4px 4px #333;\">\u00bfQu\u00e9 mejor opci\u00f3n que un buen sof\u00e1 cama? No solo es incre\u00edblemente c\u00f3modo para ver la televisi\u00f3n y pasar el rato en el sal\u00f3n, tambi\u00e9n es perfecto cuando tienes visita y necesitas una cama extra, \u00a1es muy funcional! Echa un vistazo a nuestros modelos, \u00a1o p\u00e1sate por tienda!<\/span><\/strong><\/p>\n<p>[\/vc_column_text][vc_empty_space height=\u00bb100px\u00bb el_class=\u00bbdisplay-none\u00bb][vc_btn title=\u00bbCAT\u00c1LOGO DE SOF\u00c1S\u00bb style=\u00bbcustom\u00bb custom_background=\u00bb#ffa400&#8243; custom_text=\u00bb#ffffff\u00bb shape=\u00bbsquare\u00bb align=\u00bbcenter\u00bb css_animation=\u00bbnone\u00bb link=\u00bburl:https%3A%2F%2Fwww.mueblesnebra.com%2Fsofas-en-zaragoza%2Fcatalogo-sofas%2F\u00bb css=\u00bb.vc_custom_1721116678828{padding-right: 20px !important;}\u00bb][\/vc_column_inner][vc_column_inner width=\u00bb1\/6&#8243;][\/vc_column_inner][\/vc_row_inner][vc_empty_space height=\u00bb150px\u00bb el_class=\u00bbdisplay-none\u00bb][vc_empty_space height=\u00bb100px\u00bb][\/vc_column][\/vc_row][vc_row full_width=\u00bbstretch_row_content\u00bb][vc_column][vc_row_inner][vc_column_inner width=\u00bb2\/4&#8243;][vc_column_text]<\/p>\n<p style=\"text-align: left;\"><nav aria-label=\"breadcrumbs\" class=\"rank-math-breadcrumb\"><p><span class=\"last\">Inicio<\/span><\/p><\/nav><\/p>\n<p>[\/vc_column_text][\/vc_column_inner][vc_column_inner width=\u00bb1\/4&#8243;][\/vc_column_inner][vc_column_inner width=\u00bb1\/4&#8243;][\/vc_column_inner][\/vc_row_inner][vc_column_text css=\u00bb.vc_custom_1721120467434{padding-right: 50px !important;padding-left: 50px !important;}\u00bb]<\/p>\n<h2 style=\"text-align: center;\"><span style=\"color: #ff9900; font-size: 24pt;\">Tu tienda de sof\u00e1s cama en Zaragoza<\/span><\/h2>\n<p>[\/vc_column_text][\/vc_column][\/vc_row][vc_row full_width=\u00bbstretch_row_content_no_spaces\u00bb css=\u00bb.vc_custom_1721117250766{margin-bottom: 0px !important;padding-bottom: 0px !important;}\u00bb][vc_column width=\u00bb1\/3&#8243;][vc_column_text css=\u00bb.vc_custom_1721120491000{padding-right: 50px !important;padding-left: 50px !important;}\u00bb]<\/p>\n<h2 style=\"text-align: left;\"><span style=\"color: #ff9900; font-size: 24pt;\">\u00bfBuscando un sof\u00e1 cama de calidad?<\/span><\/h2>\n<p>[\/vc_column_text][vc_column_text css=\u00bb.vc_custom_1721118627734{padding-right: 50px !important;padding-left: 50px !important;}\u00bb]Si est\u00e1s buscando sof\u00e1s cama en Zaragoza, has llegado a la tienda indicada. Nuestra tienda no solo ofrece una amplia gama de modelos, sino que siempre te vamos a ofrecer un sof\u00e1 cama bien c\u00f3modo y funcional. Sabemos que es una inversi\u00f3n importante, por lo que nos esforzamos por ofrecer productos que no solo sean c\u00f3modos para dormir, sino tambi\u00e9n y pr\u00e1cticos y funcionales para vuestro d\u00eda a d\u00eda.<\/p>\n<p>Tambi\u00e9n ofrecemos proyectos personalizados. Para tu sof\u00e1 cama, puedes elegir tu tela y cuero, color para que se integre bien en tu decoraci\u00f3n, y mucho m\u00e1s, s\u00f3lo tienes contactarnos y contarnos qu\u00e9 necesitas.<\/p>\n<p>Disponemos de modelos compactos que son perfectos para apartamentos, estudios y habitaciones de invitados. Estos sof\u00e1s cama est\u00e1n dise\u00f1ados para ofrecer m\u00e1ximo confort sin ocupar demasiado espacio[\/vc_column_text][vc_btn title=\u00bbSolicita tu proyecto personalizado\u00bb style=\u00bbcustom\u00bb custom_background=\u00bb#ffa400&#8243; custom_text=\u00bb#ffffff\u00bb shape=\u00bbsquare\u00bb align=\u00bbcenter\u00bb css_animation=\u00bbnone\u00bb link=\u00bburl:https%3A%2F%2Fwww.mueblesnebra.com%2Fsofas-en-zaragoza%2Fsolicitar-proyecto%2F\u00bb css=\u00bb.vc_custom_1721118184816{padding-right: 20px !important;}\u00bb][vc_empty_space height=\u00bb100px\u00bb][\/vc_column][vc_column width=\u00bb2\/3&#8243;][vc_single_image image=\u00bb140&#8243; img_size=\u00bb1366\u00d7768&#8243; alignment=\u00bbcenter\u00bb][\/vc_column][\/vc_row][vc_row][vc_column][vc_empty_space height=\u00bb50px\u00bb][\/vc_column][\/vc_row][vc_row full_width=\u00bbstretch_row_content_no_spaces\u00bb][vc_column width=\u00bb2\/3&#8243;][vc_single_image image=\u00bb142&#8243; img_size=\u00bb1366\u00d7768&#8243; alignment=\u00bbcenter\u00bb][\/vc_column][vc_column width=\u00bb1\/3&#8243;][vc_column_text css=\u00bb.vc_custom_1721118752559{padding-right: 50px !important;padding-left: 50px !important;}\u00bb]<\/p>\n<h3 style=\"text-align: left;\"><strong><span style=\"color: #ff9900; font-size: 24pt;\">Variedad de modelos<\/span><\/strong><\/h3>\n<p>[\/vc_column_text][vc_column_text css=\u00bb.vc_custom_1721118931769{padding-right: 50px !important;padding-left: 50px !important;}\u00bb]Es normal que no te convenza el primer sof\u00e1 cama que veas, por eso, la variedad es clave cuando se trata de sof\u00e1s. En nuestra tienda f\u00edsica, encontrar\u00e1s una selecci\u00f3n extensa que incluye todos los estilos, tama\u00f1os, e incluso mecanismos de apertura que puedas necesitar. \u00bfQuieres un sof\u00e1 cama italiano? Lo tenemos \u00bfQuieres un clic-clac, o un chaise longue? \u00a1Tambi\u00e9n lo tenemos! Opciones para todos los gustos y estilos.<\/p>\n<p>Si prefieres un look contempor\u00e1neo, tenemos sof\u00e1s cama con l\u00edneas limpias y colores neutros. Para los amantes del estilo cl\u00e1sico, ofrecemos modelos con detalles elegantes y tapicer\u00edas de alta calidad.[\/vc_column_text][vc_empty_space height=\u00bb100px\u00bb][\/vc_column][\/vc_row][vc_row][vc_column][vc_empty_space height=\u00bb50px\u00bb][\/vc_column][\/vc_row][vc_row full_width=\u00bbstretch_row_content_no_spaces\u00bb css=\u00bb.vc_custom_1721117250766{margin-bottom: 0px !important;padding-bottom: 0px !important;}\u00bb][vc_column width=\u00bb1\/3&#8243;][vc_column_text css=\u00bb.vc_custom_1721119059566{padding-right: 50px !important;padding-left: 50px !important;}\u00bb]<\/p>\n<h2 style=\"text-align: left;\"><span style=\"color: #ff9900; font-size: 24pt;\">El sof\u00e1 cama outlet que buscabas en Zaragoza<\/span><\/h2>\n<p>[\/vc_column_text][vc_column_text css=\u00bb.vc_custom_1721119551891{padding-right: 50px !important;padding-left: 50px !important;}\u00bb]Adem\u00e1s de nuestra colecci\u00f3n regular, contamos con una secci\u00f3n de outlet donde puedes encontrar sof\u00e1s cama a precios incre\u00edbles. Nuestra secci\u00f3n de outlet de sof\u00e1s cama en Zaragoza es perfecta si buscas un sof\u00e1 premium a buen precio.<\/p>\n<p>Ofrecemos modelos de temporadas anteriores, exhibiciones de tienda y unidades de liquidaci\u00f3n a precios muy atractivos. Estos sof\u00e1s cama mantienen la misma calidad y confort que nuestros modelos actuales, pero a menor coste. \u00a1No hay oportunidad mejor para comprar un sof\u00e1 cama en Zaragoza de calidad!<\/p>\n<p>Aunque se trate de productos de outlet, nosotros siempre mantenemos nuestro control de calidad, as\u00ed, nos aseguramos de que todo est\u00e1 en perfectas condiciones.<\/p>\n<p>Tenemos a tu disposici\u00f3n tambi\u00e9n un servicio de asesoramiento personalizado para ayudarte a encontrar el sof\u00e1 cama que mejor se adapte a tu presupuesto. Siempre estaremos disponibles para responder a tus preguntas y guiarte en lo que necesites.[\/vc_column_text][vc_empty_space height=\u00bb100px\u00bb][\/vc_column][vc_column width=\u00bb2\/3&#8243;][vc_single_image image=\u00bb141&#8243; img_size=\u00bb1366\u00d7768&#8243; alignment=\u00bbcenter\u00bb][\/vc_column][\/vc_row][vc_row full_width=\u00bbstretch_row_content\u00bb][vc_column width=\u00bb1\/6&#8243;][\/vc_column][vc_column width=\u00bb2\/3&#8243;][vc_column_text css=\u00bb.vc_custom_1721120991136{padding-right: 50px !important;padding-left: 50px !important;}\u00bb]<\/p>\n<h2 style=\"text-align: center;\"><span style=\"color: #ff9900; font-size: 24pt;\">\u00bfQu\u00e9 sof\u00e1 cama es el m\u00e1s adecuado?<\/span><\/h2>\n<p>[\/vc_column_text][vc_column_text]\u00bfNo te puedes decidir o no sabes en que factores basarte para comprar tu sof\u00e1 cama en Zaragoza? \u00a1No te preocupes! Te dejamos un peque\u00f1o listado de en qu\u00e9 te tienes que fijar o pensar.<\/p>\n<ol>\n<li><strong>Prop\u00f3sito del sof\u00e1 cama<\/strong>. Uso diario vs uso ocasional: Si lo vas a utilizas con frecuencia como cama, es importante elegir uno con un colch\u00f3n de alta calidad, como los de espuma de memoria o muelles ensacados. Para un uso m\u00e1s ocasional, un colch\u00f3n de espuma est\u00e1ndar es m\u00e1s que suficiente.<\/li>\n<li><strong>\u00bfDe cuanto espacio dispones en tu sal\u00f3n o habitaci\u00f3n?<\/strong>\n<ol>\n<li>Tama\u00f1o de la habitaci\u00f3n. Mide el espacio donde planeas colocar el sof\u00e1 cama. Aseg\u00farate de que haya suficiente espacio para desplegarlo completamente sin problemas.<\/li>\n<li>Tama\u00f1o del sof\u00e1 cama. Los sof\u00e1s cama vienen en varios tama\u00f1os, desde individuales hasta matrimoniales. Elige el tama\u00f1o que mejor se adapte a tu espacio y necesidades.<\/li>\n<\/ol>\n<\/li>\n<li><strong>Mecanismo de apertura<\/strong>. Tenemos tres opciones distintas:\n<ol>\n<li>Apertura italiana. Es un top ventas, ya que tiene un mecanismo f\u00e1cil de usar y permite un colcho\u00f3n m\u00e1s grueso y c\u00f3modo. Ideal para uso frecuente.<\/li>\n<li>Clic-clac. F\u00e1cil de convertir de sof\u00e1 a cama y viceversa. Perfecto para espacios peque\u00f1os.<\/li>\n<li>Desplegable. Tradicional y sencillo, aunque puede requerir m\u00e1s espacio para abrirse completamente.<\/li>\n<\/ol>\n<\/li>\n<li><strong>Confort<\/strong>. Si esto es esencial para ti (sobre todo para dormir), debes fijarte mucho en la calidad del colch\u00f3n, mejor si es de espuma o l\u00e1tex. En cuanto a los cojines, elige siempre uno que hayas probado anteriormente y que notes que es un buen soporte lumbar.<\/li>\n<li><strong>Estilo y dise\u00f1o<\/strong>. Que complemente tu decoraci\u00f3n actual. Ten en mente siempre el color, la textura, y el estilo del sof\u00e1. Tambi\u00e9n es importante la tapicer\u00eda del sof\u00e1 cama.<\/li>\n<li><strong>Materiales<\/strong>. Si tiene una estructura de madera maciza, o metal, mucho mejor. En cuanto a la tapicer\u00eda, escoge materiales f\u00e1ciles de limpiar pero de calidad, como la microfibra, el cuero, o telas resistentes a las manchas.<\/li>\n<li><strong>Relaci\u00f3n calidad-precio.<\/strong> Aseg\u00farate de obtener el mejor valor por tu dinero. A veces, invertir un poco m\u00e1s en calidad puede ser lo que necesitas para un sof\u00e1 cama que dure y que mantenga su confort a largo plazo.<\/li>\n<\/ol>\n<p>Si lo vais a usar para una habitaci\u00f3n de invitados, lo mejor ser\u00e1 un sof\u00e1 cama desplegable con un colch\u00f3n est\u00e1ndar que sea de buena calidad.<\/p>\n<p style=\"text-align: center;\">\u00bfTienes duda o quieres un asesoramiento personalizado?<\/p>\n<p>[\/vc_column_text][vc_btn title=\u00bb\u00a1Cont\u00e1ctanos!\u00bb style=\u00bbcustom\u00bb custom_background=\u00bb#ffa400&#8243; custom_text=\u00bb#ffffff\u00bb shape=\u00bbsquare\u00bb align=\u00bbcenter\u00bb css_animation=\u00bbnone\u00bb link=\u00bburl:https%3A%2F%2Fwww.mueblesnebra.com%2Fsofas-en-zaragoza%2Fcontacto%2F\u00bb css=\u00bb.vc_custom_1724761538216{padding-right: 20px !important;}\u00bb][\/vc_column][vc_column width=\u00bb1\/6&#8243;][\/vc_column][\/vc_row]<\/p>\n<\/div>","protected":false},"excerpt":{"rendered":"<p>[vc_row full_width=\u00bbstretch_row_content\u00bb css_animation=\u00bbfadeIn\u00bb css=\u00bb.vc_custom_1721116387844{margin-bottom: 0px !important;padding-bottom: 0px !important;background-image: url(http:\/\/www.mueblesnebra.com\/sofas-en-zaragoza\/wp-content\/uploads\/sites\/2\/2024\/07\/portada-sofas-camas-en-zaragoza.webp?id=113) !important;background-position: center !important;background-repeat: no-repeat !important;background-size: cover !important;}\u00bb][vc_column][vc_empty_space height=\u00bb100px\u00bb][vc_empty_space height=\u00bb150px\u00bb el_class=\u00bbdisplay-none\u00bb][vc_row_inner gap=\u00bb35&#8243; css=\u00bb.vc_custom_1718355471939{padding-right: 5px !important;padding-left: 5px !important;}\u00bb][vc_column_inner width=\u00bb1\/6&#8243;][\/vc_column_inner][vc_column_inner width=\u00bb2\/3&#8243;][vc_column_text css=\u00bb.vc_custom_1721116570671{margin-right: 10px !important;margin-left: 10px !important;}\u00bb] SOF\u00c1S CAMA EN ZARAGOZA \u00bfQu\u00e9 mejor opci\u00f3n que un buen sof\u00e1 cama? No solo es incre\u00edblemente c\u00f3modo para ver la televisi\u00f3n y pasar [&hellip;]<\/p>\n","protected":false},"author":395,"featured_media":0,"parent":0,"menu_order":0,"comment_status":"closed","ping_status":"closed","template":"","meta":{"_genesis_hide_title":false,"_genesis_hide_breadcrumbs":false,"_genesis_hide_singular_image":false,"_genesis_hide_footer_widgets":false,"_genesis_custom_body_class":"","_genesis_custom_post_class":"","_genesis_layout":"","footnotes":""},"class_list":{"0":"post-78","1":"page","2":"type-page","3":"status-publish","5":"entry"},"_links":{"self":[{"href":"https:\/\/www.mueblesnebra.com\/sofas-en-zaragoza\/wp-json\/wp\/v2\/pages\/78","targetHints":{"allow":["GET"]}}],"collection":[{"href":"https:\/\/www.mueblesnebra.com\/sofas-en-zaragoza\/wp-json\/wp\/v2\/pages"}],"about":[{"href":"https:\/\/www.mueblesnebra.com\/sofas-en-zaragoza\/wp-json\/wp\/v2\/types\/page"}],"author":[{"embeddable":true,"href":"https:\/\/www.mueblesnebra.com\/sofas-en-zaragoza\/wp-json\/wp\/v2\/users\/395"}],"replies":[{"embeddable":true,"href":"https:\/\/www.mueblesnebra.com\/sofas-en-zaragoza\/wp-json\/wp\/v2\/comments?post=78"}],"version-history":[{"count":39,"href":"https:\/\/www.mueblesnebra.com\/sofas-en-zaragoza\/wp-json\/wp\/v2\/pages\/78\/revisions"}],"predecessor-version":[{"id":358,"href":"https:\/\/www.mueblesnebra.com\/sofas-en-zaragoza\/wp-json\/wp\/v2\/pages\/78\/revisions\/358"}],"wp:attachment":[{"href":"https:\/\/www.mueblesnebra.com\/sofas-en-zaragoza\/wp-json\/wp\/v2\/media?parent=78"}],"curies":[{"name":"wp","href":"https:\/\/api.w.org\/{rel}","templated":true}]}}