{"id":419,"date":"2025-03-17T08:47:28","date_gmt":"2025-03-17T07:47:28","guid":{"rendered":"https:\/\/www.mueblesnebra.com\/sofas-en-zaragoza\/?page_id=419"},"modified":"2025-03-17T08:47:28","modified_gmt":"2025-03-17T07:47:28","slug":"deslizantes","status":"publish","type":"page","link":"https:\/\/www.mueblesnebra.com\/sofas-en-zaragoza\/deslizantes\/","title":{"rendered":"Sof\u00e1s deslizantes"},"content":{"rendered":"<div class=\"wpb-content-wrapper\"><p>[vc_row full_width=\u00bbstretch_row_content\u00bb css_animation=\u00bbnone\u00bb css=\u00bb.vc_custom_1742193951569{margin-bottom: 0px !important;padding-bottom: 0px !important;background-image: url(http:\/\/www.mueblesnebra.com\/sofas-en-zaragoza\/wp-content\/uploads\/sites\/2\/2025\/03\/sofa-con-asiento-deslizante-sense.webp?id=423) !important;background-position: center !important;background-repeat: no-repeat !important;background-size: cover !important;}\u00bb][vc_column][vc_empty_space height=\u00bb100px\u00bb][vc_empty_space height=\u00bb150px\u00bb el_class=\u00bbdisplay-none\u00bb][vc_row_inner gap=\u00bb35&#8243; css=\u00bb.vc_custom_1718355471939{padding-right: 5px !important;padding-left: 5px !important;}\u00bb][vc_column_inner width=\u00bb1\/6&#8243;][\/vc_column_inner][vc_column_inner width=\u00bb2\/3&#8243;][vc_column_text css=\u00bb.vc_custom_1742194930512{margin-right: 10px !important;margin-left: 10px !important;}\u00bb]<\/p>\n<h1 style=\"text-align: center;\"><strong><span style=\"color: #ffffff; text-shadow: 4px 4px 4px #333;\">Sof\u00e1s deslizantes Zaragoza<\/span><\/strong><\/h1>\n<p style=\"text-align: center;\"><strong><span style=\"color: #ffffff; text-shadow: 4px 4px 4px #333;\">\u00bfBuscando sof\u00e1s deslizantes en Zaragoza? En nuestra tienda, te ofrecemos una buena variedad de sof\u00e1s con este sistema carro, dise\u00f1ados para proporcionarte el m\u00e1ximo confort y adaptarse a cualquier tipo de sal\u00f3n.<\/span><\/strong><\/p>\n<p>[\/vc_column_text][vc_empty_space height=\u00bb100px\u00bb el_class=\u00bbdisplay-none\u00bb][vc_btn title=\u00bbCONT\u00c1CTANOS\u00bb style=\u00bbcustom\u00bb custom_background=\u00bb#ffa400&#8243; custom_text=\u00bb#ffffff\u00bb shape=\u00bbsquare\u00bb align=\u00bbcenter\u00bb css_animation=\u00bbnone\u00bb link=\u00bburl:https%3A%2F%2Fwww.mueblesnebra.com%2Fsofas-en-zaragoza%2Fcontacto%2F\u00bb css=\u00bb.vc_custom_1733132933932{padding-right: 20px !important;}\u00bb][\/vc_column_inner][vc_column_inner width=\u00bb1\/6&#8243;][\/vc_column_inner][\/vc_row_inner][vc_empty_space height=\u00bb150px\u00bb el_class=\u00bbdisplay-none\u00bb][vc_empty_space height=\u00bb100px\u00bb][\/vc_column][\/vc_row][vc_row full_width=\u00bbstretch_row_content\u00bb][vc_column][vc_row_inner][vc_column_inner width=\u00bb2\/4&#8243;][vc_column_text]<\/p>\n<p style=\"text-align: left;\"><nav aria-label=\"breadcrumbs\" class=\"rank-math-breadcrumb\"><p><span class=\"last\">Inicio<\/span><\/p><\/nav><\/p>\n<p>[\/vc_column_text][\/vc_column_inner][vc_column_inner width=\u00bb1\/4&#8243;][\/vc_column_inner][vc_column_inner width=\u00bb1\/4&#8243;][\/vc_column_inner][\/vc_row_inner][\/vc_column][\/vc_row][vc_row full_width=\u00bbstretch_row_content_no_spaces\u00bb css=\u00bb.vc_custom_1721117250766{margin-bottom: 0px !important;padding-bottom: 0px !important;}\u00bb][vc_column width=\u00bb1\/2&#8243;][vc_column_text css=\u00bb.vc_custom_1742194968115{padding-right: 50px !important;padding-left: 50px !important;}\u00bb]<\/p>\n<h2 style=\"text-align: left;\"><span style=\"color: #ff9900; font-size: 24pt;\">Sof\u00e1s deslizantes de carro con el acabado que necesites<\/span><\/h2>\n<p>[\/vc_column_text][vc_column_text css=\u00bb.vc_custom_1742195222122{padding-right: 50px !important;padding-left: 50px !important;}\u00bb]Nuestros sof\u00e1s deslizantes de carro se han convertido en una opci\u00f3n bastante bueno para los que quieren comodidad y dise\u00f1o. \u00bfPor qu\u00e9? Porque gracias a su mecanismo deslizante, puedes ajustar la profundidad del asiento para lograr una postura mucho m\u00e1s ergon\u00f3mica y placentera.<\/p>\n<p>En nuestra tienda, disponemos de sof\u00e1s deslizantes con diferentes tipos de tapizados, desde telas resistentes y f\u00e1ciles de limpiar hasta opciones de piel sint\u00e9tica o natural. Por lo tanto, nuestros modelos no son solo funcionales, tambi\u00e9n son de calidad. Cada modelo est\u00e1 fabricado con materiales de primera categor\u00eda y sistemas de gu\u00edas de alta resistencia que garantizan un deslizamiento suave y seguro.[\/vc_column_text][vc_btn title=\u00bbSolicita tu proyecto personalizado\u00bb style=\u00bbcustom\u00bb custom_background=\u00bb#ffa400&#8243; custom_text=\u00bb#ffffff\u00bb shape=\u00bbsquare\u00bb align=\u00bbcenter\u00bb css_animation=\u00bbnone\u00bb link=\u00bburl:https%3A%2F%2Fwww.mueblesnebra.com%2Fsofas-en-zaragoza%2Fsolicitar-proyecto%2F\u00bb css=\u00bb.vc_custom_1721118184816{padding-right: 20px !important;}\u00bb][vc_empty_space height=\u00bb100px\u00bb][\/vc_column][vc_column width=\u00bb1\/2&#8243;][vc_single_image image=\u00bb442&#8243; img_size=\u00bb1200&#215;800&#8243; alignment=\u00bbcenter\u00bb][\/vc_column][\/vc_row][vc_row][vc_column][vc_empty_space height=\u00bb50px\u00bb][\/vc_column][\/vc_row][vc_row full_width=\u00bbstretch_row_content_no_spaces\u00bb][vc_column width=\u00bb1\/2&#8243;][vc_single_image image=\u00bb443&#8243; img_size=\u00bb1200&#215;800&#8243; alignment=\u00bbcenter\u00bb][\/vc_column][vc_column width=\u00bb1\/2&#8243;][vc_column_text css=\u00bb.vc_custom_1742195316810{padding-right: 50px !important;padding-left: 50px !important;}\u00bb]<\/p>\n<h3 style=\"text-align: left;\"><strong><span style=\"color: #ff9900; font-size: 24pt;\">Nuestros sof\u00e1s deslizantes<\/span><\/strong><\/h3>\n<p>[\/vc_column_text][vc_column_text css=\u00bb.vc_custom_1742195812247{padding-right: 50px !important;padding-left: 50px !important;}\u00bb]Si te pasas por alguna de nuestras tiendas en Zaragoza, ver\u00e1s que tenemos para ti un <strong>amplio cat\u00e1logo<\/strong> de sof\u00e1s deslizantes. Si buscas un <strong>sof\u00e1 deslizante 2 plazas<\/strong> para espacios m\u00e1s reducidos, tenemos opciones compactas y ergon\u00f3micas que ir\u00e1n perfectos sin ocupar demasiado espacio.<\/p>\n<p>Para salones medianos o grandes, contamos con <strong>sof\u00e1s sistema carro de tres y cuatro plazas<\/strong>, ideales para familias o para quienes disfrutan de recibir visitas. Estos modelos permiten ajustar la profundidad del asiento de manera independiente, brindando un confort personalizado a cada usuario.[\/vc_column_text][vc_btn title=\u00bbNuestra tienda virtual\u00bb style=\u00bbcustom\u00bb custom_background=\u00bb#ffa400&#8243; custom_text=\u00bb#ffffff\u00bb shape=\u00bbsquare\u00bb align=\u00bbcenter\u00bb css_animation=\u00bbnone\u00bb link=\u00bburl:https%3A%2F%2Fmy.matterport.com%2Fshow%2F%3Fm%3Dp4NuWtmXVXV\u00bb css=\u00bb.vc_custom_1724764966942{padding-right: 20px !important;}\u00bb][vc_empty_space height=\u00bb100px\u00bb][\/vc_column][\/vc_row][vc_row][vc_column][vc_empty_space height=\u00bb50px\u00bb][\/vc_column][\/vc_row][vc_row full_width=\u00bbstretch_row_content\u00bb][vc_column width=\u00bb1\/6&#8243;][\/vc_column][vc_column width=\u00bb2\/3&#8243;][vc_column_text css=\u00bb.vc_custom_1742196290856{padding-right: 50px !important;padding-left: 50px !important;}\u00bb]<\/p>\n<h3 style=\"text-align: center;\"><span style=\"color: #ff9900; font-size: 24pt;\">M\u00e1s de este cat\u00e1logo<\/span><\/h3>\n<p>[\/vc_column_text][vc_row_inner gap=\u00bb5&#8243;][vc_column_inner width=\u00bb1\/2&#8243;][vc_single_image image=\u00bb423&#8243; img_size=\u00bbfull\u00bb alignment=\u00bbcenter\u00bb][\/vc_column_inner][vc_column_inner width=\u00bb1\/2&#8243;][vc_single_image image=\u00bb422&#8243; img_size=\u00bbfull\u00bb alignment=\u00bbcenter\u00bb][\/vc_column_inner][\/vc_row_inner][vc_row_inner gap=\u00bb5&#8243;][vc_column_inner width=\u00bb1\/2&#8243;][vc_single_image image=\u00bb424&#8243; img_size=\u00bbfull\u00bb alignment=\u00bbcenter\u00bb][\/vc_column_inner][vc_column_inner width=\u00bb1\/2&#8243;][vc_single_image image=\u00bb425&#8243; img_size=\u00bbfull\u00bb alignment=\u00bbcenter\u00bb][\/vc_column_inner][\/vc_row_inner][vc_row_inner][vc_column_inner width=\u00bb1\/6&#8243;][\/vc_column_inner][vc_column_inner width=\u00bb2\/3&#8243;][vc_single_image image=\u00bb426&#8243; img_size=\u00bbfull\u00bb alignment=\u00bbcenter\u00bb][\/vc_column_inner][vc_column_inner width=\u00bb1\/6&#8243;][\/vc_column_inner][\/vc_row_inner][\/vc_column][vc_column width=\u00bb1\/6&#8243;][\/vc_column][\/vc_row][vc_row full_width=\u00bbstretch_row_content\u00bb][vc_column width=\u00bb1\/6&#8243;][\/vc_column][vc_column width=\u00bb2\/3&#8243;][vc_column_text css=\u00bb.vc_custom_1742196278319{padding-right: 50px !important;padding-left: 50px !important;}\u00bb]<\/p>\n<h2 style=\"text-align: center;\"><span style=\"color: #ff9900; font-size: 24pt;\">\u00bfQu\u00e9 ventajas tienen estos sof\u00e1s deslizantes?<\/span><\/h2>\n<p>[\/vc_column_text][vc_column_text]Tienen muchos beneficios, y es que gracias a su <strong>mecanismo deslizante<\/strong>, estos sof\u00e1s permiten adaptar la profundidad del asiento seg\u00fan las necesidades de cada persona, brindando un <strong>soporte adecuado para la espalda y las piernas<\/strong>. Hay que tener en cuenta que su dise\u00f1o modular los hace <strong>altamente funcionales<\/strong> en cualquier situaci\u00f3n.<\/p>\n<p>Adem\u00e1s, estos sof\u00e1s con asientos extra\u00edbles pueden ser utilizados, dada la ocasi\u00f3n, para <strong>dormir<\/strong>, perfecto para invitados o si quieres echarte la siesta en el sof\u00e1.<\/p>\n<p>Muchos de nuestros sof\u00e1s deslizantes incorporan <strong>espacios de almacenamiento<\/strong>, ideales para guardar mantas, cojines o lo que t\u00fa quieras, sin ocupar espacio adicional.[\/vc_column_text][vc_row_inner][vc_column_inner width=\u00bb1\/3&#8243;][vc_btn title=\u00bbSof\u00e1s chaise longue\u00bb style=\u00bbcustom\u00bb custom_background=\u00bb#ffa400&#8243; custom_text=\u00bb#ffffff\u00bb shape=\u00bbsquare\u00bb align=\u00bbcenter\u00bb css_animation=\u00bbnone\u00bb link=\u00bburl:https%3A%2F%2Fwww.mueblesnebra.com%2Fsofas-en-zaragoza%2Fsofas-chaise-longue%2F\u00bb css=\u00bb.vc_custom_1742196762175{padding-right: 20px !important;}\u00bb][\/vc_column_inner][vc_column_inner width=\u00bb1\/3&#8243;][vc_btn title=\u00bbSof\u00e1s de piel\u00bb style=\u00bbcustom\u00bb custom_background=\u00bb#ffa400&#8243; custom_text=\u00bb#ffffff\u00bb shape=\u00bbsquare\u00bb align=\u00bbcenter\u00bb css_animation=\u00bbnone\u00bb link=\u00bburl:https%3A%2F%2Fwww.mueblesnebra.com%2Fsofas-en-zaragoza%2Fsofas-piel%2F\u00bb css=\u00bb.vc_custom_1742196774618{padding-right: 20px !important;}\u00bb][\/vc_column_inner][vc_column_inner width=\u00bb1\/3&#8243;][vc_btn title=\u00bbSof\u00e1s cama\u00bb style=\u00bbcustom\u00bb custom_background=\u00bb#ffa400&#8243; custom_text=\u00bb#ffffff\u00bb shape=\u00bbsquare\u00bb align=\u00bbcenter\u00bb css_animation=\u00bbnone\u00bb link=\u00bburl:https%3A%2F%2Fwww.mueblesnebra.com%2Fsofas-en-zaragoza%2Fsofas-cama%2F\u00bb css=\u00bb.vc_custom_1742196793691{padding-right: 20px !important;}\u00bb][\/vc_column_inner][\/vc_row_inner][vc_empty_space height=\u00bb20px\u00bb][vc_column_text css=\u00bb.vc_custom_1742197366610{padding-right: 50px !important;padding-left: 50px !important;}\u00bb]<\/p>\n<h2 style=\"text-align: center;\"><strong><span style=\"color: #ff9900; font-size: 24pt;\">Preguntas frecuentes<\/span><\/strong><\/h2>\n<p>[\/vc_column_text][vc_tta_accordion][vc_tta_section title=\u00bb\u00bfQu\u00e9 es un sof\u00e1 deslizante?\u00bb tab_id=\u00bb1742197341216-d2a4fb8e-6f26&#8243;][vc_column_text]Un sof\u00e1 deslizante es un tipo de sof\u00e1 que incorpora un mecanismo que permite extender los asientos para aumentar su profundidad, brindando mayor comodidad y ergonom\u00eda. Son ideales para descansar, ver la televisi\u00f3n o disfrutar de una postura m\u00e1s relajada.[\/vc_column_text][\/vc_tta_section][vc_tta_section title=\u00bb\u00bfQu\u00e9 diferencia hay entre un sof\u00e1 deslizante y un sof\u00e1 relax?\u00bb tab_id=\u00bb1742197341228-5a35678a-e01a\u00bb][vc_column_text]Mientras que un sof\u00e1 deslizante permite extender los asientos para ofrecer mayor profundidad, un sof\u00e1 relax suele contar con un mecanismo de reclinaci\u00f3n, que puede incluir reposapi\u00e9s elevable y respaldo inclinable. Ambos ofrecen comodidad, pero con diferentes sistemas de ajuste.[\/vc_column_text][\/vc_tta_section][vc_tta_section title=\u00bb\u00bfQu\u00e9 tipos de sof\u00e1s deslizantes existen?\u00bb tab_id=\u00bb1742197488400-6d365a18-1798&#8243;][vc_column_text]Pues depende, te pueden ofrecer:<\/p>\n<ul>\n<li>Sof\u00e1 deslizante de carro, con un mecanismo de deslizamiento sobre gu\u00edas met\u00e1licas.<\/li>\n<li>Lo mismo pero con almacenamiento, perfecto para guardar mantas, cojines, y dem\u00e1s.<\/li>\n<li>Luego ya depende de las plazas que quieras, lo normal es que te encuentres con sof\u00e1s de 2, y hasta 3 o 4 plazas.<\/li>\n<\/ul>\n<p>[\/vc_column_text][\/vc_tta_section][\/vc_tta_accordion][\/vc_column][vc_column width=\u00bb1\/6&#8243;][\/vc_column][\/vc_row]<\/p>\n<\/div>","protected":false},"excerpt":{"rendered":"<p>[vc_row full_width=\u00bbstretch_row_content\u00bb css_animation=\u00bbnone\u00bb css=\u00bb.vc_custom_1742193951569{margin-bottom: 0px !important;padding-bottom: 0px !important;background-image: url(http:\/\/www.mueblesnebra.com\/sofas-en-zaragoza\/wp-content\/uploads\/sites\/2\/2025\/03\/sofa-con-asiento-deslizante-sense.webp?id=423) !important;background-position: center !important;background-repeat: no-repeat !important;background-size: cover !important;}\u00bb][vc_column][vc_empty_space height=\u00bb100px\u00bb][vc_empty_space height=\u00bb150px\u00bb el_class=\u00bbdisplay-none\u00bb][vc_row_inner gap=\u00bb35&#8243; css=\u00bb.vc_custom_1718355471939{padding-right: 5px !important;padding-left: 5px !important;}\u00bb][vc_column_inner width=\u00bb1\/6&#8243;][\/vc_column_inner][vc_column_inner width=\u00bb2\/3&#8243;][vc_column_text css=\u00bb.vc_custom_1742194930512{margin-right: 10px !important;margin-left: 10px !important;}\u00bb] Sof\u00e1s deslizantes Zaragoza \u00bfBuscando sof\u00e1s deslizantes en Zaragoza? En nuestra tienda, te ofrecemos una buena variedad de sof\u00e1s con este sistema carro, dise\u00f1ados [&hellip;]<\/p>\n","protected":false},"author":395,"featured_media":0,"parent":0,"menu_order":0,"comment_status":"closed","ping_status":"closed","template":"","meta":{"_genesis_hide_title":false,"_genesis_hide_breadcrumbs":false,"_genesis_hide_singular_image":false,"_genesis_hide_footer_widgets":false,"_genesis_custom_body_class":"","_genesis_custom_post_class":"","_genesis_layout":"","footnotes":""},"class_list":{"0":"post-419","1":"page","2":"type-page","3":"status-publish","5":"entry"},"_links":{"self":[{"href":"https:\/\/www.mueblesnebra.com\/sofas-en-zaragoza\/wp-json\/wp\/v2\/pages\/419","targetHints":{"allow":["GET"]}}],"collection":[{"href":"https:\/\/www.mueblesnebra.com\/sofas-en-zaragoza\/wp-json\/wp\/v2\/pages"}],"about":[{"href":"https:\/\/www.mueblesnebra.com\/sofas-en-zaragoza\/wp-json\/wp\/v2\/types\/page"}],"author":[{"embeddable":true,"href":"https:\/\/www.mueblesnebra.com\/sofas-en-zaragoza\/wp-json\/wp\/v2\/users\/395"}],"replies":[{"embeddable":true,"href":"https:\/\/www.mueblesnebra.com\/sofas-en-zaragoza\/wp-json\/wp\/v2\/comments?post=419"}],"version-history":[{"count":19,"href":"https:\/\/www.mueblesnebra.com\/sofas-en-zaragoza\/wp-json\/wp\/v2\/pages\/419\/revisions"}],"predecessor-version":[{"id":445,"href":"https:\/\/www.mueblesnebra.com\/sofas-en-zaragoza\/wp-json\/wp\/v2\/pages\/419\/revisions\/445"}],"wp:attachment":[{"href":"https:\/\/www.mueblesnebra.com\/sofas-en-zaragoza\/wp-json\/wp\/v2\/media?parent=419"}],"curies":[{"name":"wp","href":"https:\/\/api.w.org\/{rel}","templated":true}]}}