{"id":382,"date":"2025-01-28T12:37:26","date_gmt":"2025-01-28T11:37:26","guid":{"rendered":"https:\/\/www.mueblesnebra.com\/sofas-en-zaragoza\/?page_id=382"},"modified":"2026-02-02T14:00:30","modified_gmt":"2026-02-02T13:00:30","slug":"modernos","status":"publish","type":"page","link":"https:\/\/www.mueblesnebra.com\/sofas-en-zaragoza\/sillones\/relax\/modernos\/","title":{"rendered":"Modernos"},"content":{"rendered":"<div class=\"wpb-content-wrapper\"><p>[vc_row full_width=\u00bbstretch_row_content\u00bb css_animation=\u00bbnone\u00bb css=\u00bb.vc_custom_1738064086017{margin-bottom: 0px !important;padding-bottom: 0px !important;background-image: url(http:\/\/www.mueblesnebra.com\/sofas-en-zaragoza\/wp-content\/uploads\/sites\/2\/2025\/01\/sillon-de-diseno-moderno.webp?id=390) !important;background-position: center !important;background-repeat: no-repeat !important;background-size: cover !important;}\u00bb][vc_column][vc_empty_space height=\u00bb100px\u00bb][vc_empty_space height=\u00bb150px\u00bb el_class=\u00bbdisplay-none\u00bb][vc_row_inner gap=\u00bb35&#8243; css=\u00bb.vc_custom_1718355471939{padding-right: 5px !important;padding-left: 5px !important;}\u00bb][vc_column_inner width=\u00bb1\/6&#8243;][\/vc_column_inner][vc_column_inner width=\u00bb2\/3&#8243;][vc_column_text css=\u00bb.vc_custom_1738061444062{margin-right: 10px !important;margin-left: 10px !important;}\u00bb]<\/p>\n<h1 style=\"text-align: center;\"><strong><span style=\"color: #ffffff; text-shadow: 4px 4px 4px #333;\">Sillones Relax Modernos en Zaragoza<\/span><\/strong><\/h1>\n<p style=\"text-align: center;\"><strong><span style=\"color: #ffffff; text-shadow: 4px 4px 4px #333;\">\u00a1Bienvenido a nuestra tienda en Zaragoza! Aqu\u00ed, encontrar\u00e1s la mejor selecci\u00f3n de sillones relax modernos dise\u00f1ados para combinar confort, estilo y funcionalidad. Transformar tu hogar en un espacio de relax y elegancia nunca fue tan f\u00e1cil.<\/span><\/strong><\/p>\n<p>[\/vc_column_text][vc_empty_space height=\u00bb100px\u00bb el_class=\u00bbdisplay-none\u00bb][vc_btn title=\u00bbCONT\u00c1CTANOS\u00bb style=\u00bbcustom\u00bb custom_background=\u00bb#ffa400&#8243; custom_text=\u00bb#ffffff\u00bb shape=\u00bbsquare\u00bb align=\u00bbcenter\u00bb css_animation=\u00bbnone\u00bb css=\u00bb.vc_custom_1733132933932{padding-right: 20px !important;}\u00bb link=\u00bburl:https%3A%2F%2Fwww.mueblesnebra.com%2Fsofas-en-zaragoza%2Fcontacto%2F\u00bb][\/vc_column_inner][vc_column_inner width=\u00bb1\/6&#8243;][\/vc_column_inner][\/vc_row_inner][vc_empty_space height=\u00bb150px\u00bb el_class=\u00bbdisplay-none\u00bb][vc_empty_space height=\u00bb100px\u00bb][\/vc_column][\/vc_row][vc_row full_width=\u00bbstretch_row_content\u00bb][vc_column][vc_row_inner][vc_column_inner width=\u00bb2\/4&#8243;][vc_column_text]<\/p>\n<p style=\"text-align: left;\"><nav aria-label=\"breadcrumbs\" class=\"rank-math-breadcrumb\"><p><span class=\"last\">Inicio<\/span><\/p><\/nav><\/p>\n<p>[\/vc_column_text][\/vc_column_inner][vc_column_inner width=\u00bb1\/4&#8243;][\/vc_column_inner][vc_column_inner width=\u00bb1\/4&#8243;][\/vc_column_inner][\/vc_row_inner][\/vc_column][\/vc_row][vc_row full_width=\u00bbstretch_row_content\u00bb][vc_column][vc_row_inner][vc_column_inner width=\u00bb1\/6&#8243;][\/vc_column_inner][vc_column_inner width=\u00bb2\/3&#8243;][vc_column_text css=\u00bb.vc_custom_1770036783453{padding-right: 50px !important;padding-left: 50px !important;}\u00bb]<\/p>\n<h2 style=\"text-align: center;\"><span style=\"color: #ff9900; font-size: 24pt;\">Echa un ojo a nuestros sillones relax modernos<\/span><\/h2>\n<p>[\/vc_column_text][vc_images_carousel images=\u00bb15605,15607,15608,15606&#8243; img_size=\u00bbfull\u00bb onclick=\u00bblink_no\u00bb slides_per_view=\u00bb2&#8243; css=\u00bb\u00bb][\/vc_column_inner][vc_column_inner width=\u00bb1\/6&#8243;][\/vc_column_inner][\/vc_row_inner][\/vc_column][\/vc_row][vc_row full_width=\u00bbstretch_row_content_no_spaces\u00bb css=\u00bb.vc_custom_1721117250766{margin-bottom: 0px !important;padding-bottom: 0px !important;}\u00bb][vc_column width=\u00bb1\/3&#8243;][vc_column_text css=\u00bb.vc_custom_1738061534633{padding-right: 50px !important;padding-left: 50px !important;}\u00bb]<\/p>\n<h2 style=\"text-align: left;\"><span style=\"color: #ff9900; font-size: 24pt;\">Un sill\u00f3n relax de dise\u00f1o<\/span><\/h2>\n<p>[\/vc_column_text][vc_column_text css=\u00bb.vc_custom_1738061635167{padding-right: 50px !important;padding-left: 50px !important;}\u00bb]Los sillones relax de dise\u00f1o moderno no solo son muebles <strong>funcionales<\/strong>, sino tambi\u00e9n elementos <strong>decorativos<\/strong> que marcan la diferencia en cualquier espacio. Si buscas una pieza que combine est\u00e9tica y comodidad, nuestros sillones relax son la elecci\u00f3n perfecta. Cada uno de ellos est\u00e1 dise\u00f1ado pensando en las necesidades del cliente moderno, con l\u00edneas limpias, materiales de calidad y caracter\u00edsticas que se adaptan a tu estilo de vida. Adem\u00e1s, tienen:<\/p>\n<ul>\n<li><strong>Un dise\u00f1o ergon\u00f3mico.<\/strong>\u00a0Proporcionan soporte completo para tu cuerpo, desde el cuello hasta las piernas.<\/li>\n<li><strong>Una gran variedad de estilos.<\/strong>\u00a0Desde dise\u00f1os minimalistas hasta modelos m\u00e1s sofisticados, ideales para cualquier tipo de decoraci\u00f3n.<\/li>\n<li><strong>Materiales premium.<\/strong>\u00a0Tapizados en piel, tela o microfibra de alta resistencia y f\u00e1ciles de mantener.<\/li>\n<li><strong>Tecnolog\u00eda avanzada.<\/strong>\u00a0Muchos de nuestros modelos incluyen funciones como control el\u00e9ctrico, masajes y reposapi\u00e9s ajustables.<\/li>\n<\/ul>\n<p>Si est\u00e1s buscando comodidad sin renunciar al dise\u00f1o, nuestros <strong>sillones relax modernos<\/strong> son tu mejor opci\u00f3n.[\/vc_column_text][vc_btn title=\u00bbSolicita tu proyecto personalizado\u00bb style=\u00bbcustom\u00bb custom_background=\u00bb#ffa400&#8243; custom_text=\u00bb#ffffff\u00bb shape=\u00bbsquare\u00bb align=\u00bbcenter\u00bb css_animation=\u00bbnone\u00bb css=\u00bb.vc_custom_1721118184816{padding-right: 20px !important;}\u00bb link=\u00bburl:https%3A%2F%2Fwww.mueblesnebra.com%2Fsofas-en-zaragoza%2Fsolicitar-proyecto%2F\u00bb][vc_empty_space height=\u00bb100px\u00bb][\/vc_column][vc_column width=\u00bb2\/3&#8243;][vc_single_image image=\u00bb392&#8243; img_size=\u00bb1200&#215;800&#8243; alignment=\u00bbcenter\u00bb][\/vc_column][\/vc_row][vc_row][vc_column][vc_empty_space height=\u00bb50px\u00bb][\/vc_column][\/vc_row][vc_row full_width=\u00bbstretch_row_content_no_spaces\u00bb][vc_column width=\u00bb2\/3&#8243;][vc_single_image image=\u00bb391&#8243; img_size=\u00bb1200&#215;801&#8243; alignment=\u00bbcenter\u00bb css=\u00bb\u00bb][\/vc_column][vc_column width=\u00bb1\/3&#8243;][vc_column_text css=\u00bb.vc_custom_1738061972735{padding-right: 50px !important;padding-left: 50px !important;}\u00bb]<\/p>\n<h3 style=\"text-align: left;\"><strong><span style=\"color: #ff9900; font-size: 24pt;\">\u00bfQu\u00e9 sillones relax modernos tenemos?<\/span><\/strong><\/h3>\n<p>[\/vc_column_text][vc_column_text css=\u00bb.vc_custom_1738062825119{padding-right: 50px !important;padding-left: 50px !important;}\u00bb]Ofrecemos una amplia gama de sillones relax modernos para satisfacer todos los gustos y necesidades. Por ejemplo, para espacios m\u00e1s peque\u00f1os, ofrecemos<strong> sillones relax modernos<\/strong> de dise\u00f1o <strong>compacto<\/strong>. Estos modelos est\u00e1n dise\u00f1ados para maximizar el confort en \u00e1reas reducidas sin comprometer el estilo, y tienen ciertos beneficios:<\/p>\n<ul>\n<li>Ideales para apartamentos o espacios reducidos.<\/li>\n<li>Funciones reclinables en dise\u00f1os minimalistas.<\/li>\n<li>Disponibles en colores neutros y vibrantes para adaptarse a tu decoraci\u00f3n.<\/li>\n<\/ul>\n<p>[\/vc_column_text][vc_tta_accordion section_title_tag=\u00bbh3&#8243; active_section=\u00bb20000&#8243; collapsible_all=\u00bbtrue\u00bb][vc_tta_section title=\u00bbOtros dise\u00f1os\u00bb tab_id=\u00bb1738062832427-4aa96961-6969&#8243;][vc_column_text]Otros dise\u00f1os son los sillones relax modernos el\u00e9ctricos para quienes buscan un confort personalizado. Gracias a su sistema de control el\u00e9ctrico, puedes ajustar f\u00e1cilmente la inclinaci\u00f3n del respaldo y del reposapi\u00e9s, adapt\u00e1ndolo a tu posici\u00f3n favorita. Estas butacas tienen:<\/p>\n<ul>\n<li>Motores silenciosos y de alta precisi\u00f3n.<\/li>\n<li>Control remoto intuitivo para ajustar posiciones.<\/li>\n<li>Disponibles en colores y materiales modernos.<\/li>\n<\/ul>\n<p>Tambi\u00e9n est\u00e1n los mismos sillones pero manuales, que combinan dise\u00f1o moderno con un funcionamiento sencillo. Solo necesitas una ligera presi\u00f3n para reclinar el respaldo y activar el reposapi\u00e9s. Estos sillones de dise\u00f1o destacan por:<\/p>\n<ul>\n<li>Dise\u00f1o robusto y duradero.<\/li>\n<li>No necesitan electricidad, lo que los hace ideales para cualquier espacio.<\/li>\n<li>Estilos modernos que se adaptan a cualquier ambiente.<\/li>\n<\/ul>\n<p>[\/vc_column_text][\/vc_tta_section][\/vc_tta_accordion][vc_btn title=\u00bbNuestra tienda virtual\u00bb style=\u00bbcustom\u00bb custom_background=\u00bb#ffa400&#8243; custom_text=\u00bb#ffffff\u00bb shape=\u00bbsquare\u00bb align=\u00bbcenter\u00bb css_animation=\u00bbnone\u00bb css=\u00bb.vc_custom_1724764966942{padding-right: 20px !important;}\u00bb link=\u00bburl:https%3A%2F%2Fmy.matterport.com%2Fshow%2F%3Fm%3Dp4NuWtmXVXV\u00bb][\/vc_column][\/vc_row][vc_row][vc_column][vc_empty_space height=\u00bb50px\u00bb][\/vc_column][\/vc_row][vc_row full_width=\u00bbstretch_row_content\u00bb][vc_column width=\u00bb1\/6&#8243;][\/vc_column][vc_column width=\u00bb2\/3&#8243;][vc_column_text css=\u00bb.vc_custom_1770037219806{padding-right: 50px !important;padding-left: 50px !important;}\u00bb]<\/p>\n<h2 style=\"text-align: center;\"><span style=\"color: #ff9900; font-size: 24pt;\">Sillones relax de dise\u00f1o moderno que corrigen tu postura<\/span><\/h2>\n<p>[\/vc_column_text][vc_column_text]Adem\u00e1s de ser c\u00f3modos y elegantes, nuestros <strong>sillones relax modernos<\/strong> est\u00e1n dise\u00f1ados para mejorar tu postura. La ergonom\u00eda es clave en el dise\u00f1o de estos sillones, ayudando a aliviar tensiones musculares y promoviendo una postura saludable. Los principales beneficios son que cuenta con:<\/p>\n<ol>\n<li><strong>Un soporte lumbar.<\/strong>\u00a0Los sillones incluyen soporte espec\u00edfico para la zona lumbar, reduciendo el estr\u00e9s en la espalda baja.<\/li>\n<li><strong>Reposacabezas ajustable.<\/strong>\u00a0Dise\u00f1ados para sostener tu cuello y evitar tensiones.<\/li>\n<li><strong>Reposapi\u00e9s integrado.<\/strong>\u00a0Mejora la circulaci\u00f3n al elevar las piernas a una posici\u00f3n c\u00f3moda.<\/li>\n<\/ol>\n<p>Invertir en un sill\u00f3n que cuide tu postura no solo mejora tu calidad de vida, sino que tambi\u00e9n a\u00f1ade un toque de estilo moderno a tu hogar.[\/vc_column_text][vc_row_inner][vc_column_inner width=\u00bb1\/3&#8243;][vc_btn title=\u00bbSillones masaje y calor lumbar\u00bb style=\u00bbcustom\u00bb custom_background=\u00bb#ffa400&#8243; custom_text=\u00bb#ffffff\u00bb shape=\u00bbsquare\u00bb align=\u00bbcenter\u00bb css_animation=\u00bbnone\u00bb css=\u00bb.vc_custom_1733145951487{padding-right: 20px !important;}\u00bb link=\u00bburl:https%3A%2F%2Fwww.mueblesnebra.com%2Fsofas-en-zaragoza%2Fsillones%2Frelax%2Fmasaje-y-calor-lumbar%2F\u00bb][\/vc_column_inner][vc_column_inner width=\u00bb1\/3&#8243;][vc_btn title=\u00bbSillones viscoel\u00e1sticos\u00bb style=\u00bbcustom\u00bb custom_background=\u00bb#ffa400&#8243; custom_text=\u00bb#ffffff\u00bb shape=\u00bbsquare\u00bb align=\u00bbcenter\u00bb css_animation=\u00bbnone\u00bb css=\u00bb.vc_custom_1738071864322{padding-right: 20px !important;}\u00bb link=\u00bburl:https%3A%2F%2Fwww.mueblesnebra.com%2Fsofas-en-zaragoza%2Fsillones%2Frelax%2Fviscoelasticos%2F\u00bb][\/vc_column_inner][vc_column_inner width=\u00bb1\/3&#8243;][vc_btn title=\u00bbSillones orejeros\u00bb style=\u00bbcustom\u00bb custom_background=\u00bb#ffa400&#8243; custom_text=\u00bb#ffffff\u00bb shape=\u00bbsquare\u00bb align=\u00bbcenter\u00bb css_animation=\u00bbnone\u00bb css=\u00bb.vc_custom_1733145984115{padding-right: 20px !important;}\u00bb link=\u00bburl:https%3A%2F%2Fwww.mueblesnebra.com%2Fsofas-en-zaragoza%2Fsillones%2Forejeros%2F\u00bb][\/vc_column_inner][\/vc_row_inner][vc_empty_space height=\u00bb20px\u00bb][vc_column_text css=\u00bb.vc_custom_1738063361925{padding-right: 50px !important;padding-left: 50px !important;}\u00bb]<\/p>\n<h2 style=\"text-align: center;\"><strong><span style=\"color: #ff9900; font-size: 24pt;\">Preguntas frecuentes<\/span><\/strong><\/h2>\n<p>[\/vc_column_text][vc_tta_accordion section_title_tag=\u00bbh3&#8243; active_section=\u00bb1&#8243; collapsible_all=\u00bbtrue\u00bb][vc_tta_section title=\u00bb\u00bfQu\u00e9 opciones de tapizado ten\u00e9is disponibles?\u00bb tab_id=\u00bb1738063350128-c78530fb-9bca\u00bb][vc_column_text]Otra ventaja de nuestros <strong>sillones relax modernos<\/strong> es la posibilidad de personalizar el tapizado para adaptarlo a tus gustos y necesidades. Ofrecemos una amplia gama de materiales y colores para que encuentres el sill\u00f3n perfecto.<\/p>\n<ul>\n<li><strong>Piel aut\u00e9ntica<\/strong>: Elegante, duradera y f\u00e1cil de limpiar, ideal para un estilo sofisticado.<\/li>\n<li><strong>Tela de alta calidad<\/strong>: Perfecta para un look acogedor y disponible en una variedad de colores y texturas.<\/li>\n<li><strong>Microfibra<\/strong>: Resistente a las manchas y suave al tacto, ideal para hogares con ni\u00f1os o mascotas.<\/li>\n<li><strong>Tapizados sostenibles<\/strong>: Opciones ecol\u00f3gicas que combinan estilo y responsabilidad ambiental.<\/li>\n<\/ul>\n<p>Por otro lado, tambi\u00e9n tenemos los sillones viscoel\u00e1sticos. Sea cual sea tu elecci\u00f3n, nuestros sillones est\u00e1n dise\u00f1ados para mantener su belleza y funcionalidad durante a\u00f1os.[\/vc_column_text][\/vc_tta_section][vc_tta_section title=\u00bb\u00bfC\u00f3mo elegir el sill\u00f3n relax moderno ideal?\u00bb tab_id=\u00bb1738063350137-6e863c5b-f813&#8243;][vc_column_text]Elegir el sill\u00f3n perfecto puede parecer complicado, pero aqu\u00ed tienes algunos consejos que te ayudar\u00e1n:<\/p>\n<ol>\n<li><strong>Define tu estilo<\/strong>: \u00bfPrefieres un dise\u00f1o minimalista, industrial o acogedor? Escoge un modelo que se ajuste a la decoraci\u00f3n de tu hogar.<\/li>\n<li><strong>Considera las funciones<\/strong>: Decide si necesitas un modelo el\u00e9ctrico o manual, y si valoras caracter\u00edsticas adicionales como masajes o calefacci\u00f3n.<\/li>\n<li><strong>Eval\u00faa el tama\u00f1o<\/strong>: Mide el espacio donde planeas colocar el sill\u00f3n para asegurarte de que encaje perfectamente.<\/li>\n<li><strong>Elige el material adecuado<\/strong>: Ten en cuenta factores como la facilidad de limpieza y la durabilidad del tapizado.<\/li>\n<\/ol>\n<p>Con estos pasos, estamos seguros de que encontrar\u00e1s el <strong>sill\u00f3n relax moderno<\/strong> perfecto para tu hogar.[\/vc_column_text][\/vc_tta_section][\/vc_tta_accordion][\/vc_column][vc_column width=\u00bb1\/6&#8243;][\/vc_column][\/vc_row]<\/p>\n<\/div>","protected":false},"excerpt":{"rendered":"<p>[vc_row full_width=\u00bbstretch_row_content\u00bb css_animation=\u00bbnone\u00bb css=\u00bb.vc_custom_1738064086017{margin-bottom: 0px !important;padding-bottom: 0px !important;background-image: url(http:\/\/www.mueblesnebra.com\/sofas-en-zaragoza\/wp-content\/uploads\/sites\/2\/2025\/01\/sillon-de-diseno-moderno.webp?id=390) !important;background-position: center !important;background-repeat: no-repeat !important;background-size: cover !important;}\u00bb][vc_column][vc_empty_space height=\u00bb100px\u00bb][vc_empty_space height=\u00bb150px\u00bb el_class=\u00bbdisplay-none\u00bb][vc_row_inner gap=\u00bb35&#8243; css=\u00bb.vc_custom_1718355471939{padding-right: 5px !important;padding-left: 5px !important;}\u00bb][vc_column_inner width=\u00bb1\/6&#8243;][\/vc_column_inner][vc_column_inner width=\u00bb2\/3&#8243;][vc_column_text css=\u00bb.vc_custom_1738061444062{margin-right: 10px !important;margin-left: 10px !important;}\u00bb] Sillones Relax Modernos en Zaragoza \u00a1Bienvenido a nuestra tienda en Zaragoza! Aqu\u00ed, encontrar\u00e1s la mejor selecci\u00f3n de sillones relax modernos dise\u00f1ados para combinar [&hellip;]<\/p>\n","protected":false},"author":395,"featured_media":0,"parent":289,"menu_order":0,"comment_status":"closed","ping_status":"closed","template":"","meta":{"_genesis_hide_title":false,"_genesis_hide_breadcrumbs":false,"_genesis_hide_singular_image":false,"_genesis_hide_footer_widgets":false,"_genesis_custom_body_class":"","_genesis_custom_post_class":"","_genesis_layout":"","footnotes":""},"class_list":{"0":"post-382","1":"page","2":"type-page","3":"status-publish","5":"entry"},"_links":{"self":[{"href":"https:\/\/www.mueblesnebra.com\/sofas-en-zaragoza\/wp-json\/wp\/v2\/pages\/382","targetHints":{"allow":["GET"]}}],"collection":[{"href":"https:\/\/www.mueblesnebra.com\/sofas-en-zaragoza\/wp-json\/wp\/v2\/pages"}],"about":[{"href":"https:\/\/www.mueblesnebra.com\/sofas-en-zaragoza\/wp-json\/wp\/v2\/types\/page"}],"author":[{"embeddable":true,"href":"https:\/\/www.mueblesnebra.com\/sofas-en-zaragoza\/wp-json\/wp\/v2\/users\/395"}],"replies":[{"embeddable":true,"href":"https:\/\/www.mueblesnebra.com\/sofas-en-zaragoza\/wp-json\/wp\/v2\/comments?post=382"}],"version-history":[{"count":15,"href":"https:\/\/www.mueblesnebra.com\/sofas-en-zaragoza\/wp-json\/wp\/v2\/pages\/382\/revisions"}],"predecessor-version":[{"id":15611,"href":"https:\/\/www.mueblesnebra.com\/sofas-en-zaragoza\/wp-json\/wp\/v2\/pages\/382\/revisions\/15611"}],"up":[{"embeddable":true,"href":"https:\/\/www.mueblesnebra.com\/sofas-en-zaragoza\/wp-json\/wp\/v2\/pages\/289"}],"wp:attachment":[{"href":"https:\/\/www.mueblesnebra.com\/sofas-en-zaragoza\/wp-json\/wp\/v2\/media?parent=382"}],"curies":[{"name":"wp","href":"https:\/\/api.w.org\/{rel}","templated":true}]}}