{"id":330,"date":"2024-12-02T14:20:58","date_gmt":"2024-12-02T13:20:58","guid":{"rendered":"https:\/\/www.mueblesnebra.com\/sofas-en-zaragoza\/?page_id=330"},"modified":"2024-12-02T14:37:32","modified_gmt":"2024-12-02T13:37:32","slug":"masaje-y-calor-lumbar","status":"publish","type":"page","link":"https:\/\/www.mueblesnebra.com\/sofas-en-zaragoza\/sillones\/relax\/masaje-y-calor-lumbar\/","title":{"rendered":"Sillones relax de masaje y calor lumbar"},"content":{"rendered":"<div class=\"wpb-content-wrapper\"><p>[vc_row full_width=\u00bbstretch_row_content\u00bb css_animation=\u00bbfadeIn\u00bb css=\u00bb.vc_custom_1733144128291{margin-bottom: 0px !important;padding-bottom: 0px !important;background-image: url(http:\/\/www.mueblesnebra.com\/sofas-en-zaragoza\/wp-content\/uploads\/sites\/2\/2024\/12\/tienda-de-sillones-de-masaje-relax.webp?id=336) !important;background-position: center !important;background-repeat: no-repeat !important;background-size: cover !important;}\u00bb][vc_column][vc_empty_space height=\u00bb100px\u00bb][vc_empty_space height=\u00bb150px\u00bb el_class=\u00bbdisplay-none\u00bb][vc_row_inner gap=\u00bb35&#8243; css=\u00bb.vc_custom_1718355471939{padding-right: 5px !important;padding-left: 5px !important;}\u00bb][vc_column_inner width=\u00bb1\/6&#8243;][\/vc_column_inner][vc_column_inner width=\u00bb2\/3&#8243;][vc_column_text css=\u00bb.vc_custom_1733143375544{margin-right: 10px !important;margin-left: 10px !important;}\u00bb]<\/p>\n<h1 style=\"text-align: center;\"><strong><span style=\"color: #ffffff; text-shadow: 4px 4px 4px #333;\">Sillones relax de masaje y calor lumbar<\/span><\/strong><\/h1>\n<p style=\"text-align: center;\"><strong><span style=\"color: #ffffff; text-shadow: 4px 4px 4px #333;\">Un sill\u00f3n relax de masaje y calor lumbar es m\u00e1s que un mueble; es una herramienta para tu bienestar. Si est\u00e1s buscando un sill\u00f3n que combine comodidad, funcionalidad y beneficios terap\u00e9uticos, has llegado al lugar indicado. En nuestra tienda en Zaragoza, te ofrecemos una amplia selecci\u00f3n de sillones dise\u00f1ados para proporcionar relajaci\u00f3n total y cuidar de tu salud.<\/span><\/strong><\/p>\n<p>[\/vc_column_text][vc_empty_space height=\u00bb100px\u00bb el_class=\u00bbdisplay-none\u00bb][vc_btn title=\u00bbCONT\u00c1CTANOS\u00bb style=\u00bbcustom\u00bb custom_background=\u00bb#ffa400&#8243; custom_text=\u00bb#ffffff\u00bb shape=\u00bbsquare\u00bb align=\u00bbcenter\u00bb css_animation=\u00bbnone\u00bb link=\u00bburl:https%3A%2F%2Fwww.mueblesnebra.com%2Fsofas-en-zaragoza%2Fcontacto%2F\u00bb css=\u00bb.vc_custom_1733143524779{padding-right: 20px !important;}\u00bb][\/vc_column_inner][vc_column_inner width=\u00bb1\/6&#8243;][\/vc_column_inner][\/vc_row_inner][vc_empty_space height=\u00bb150px\u00bb el_class=\u00bbdisplay-none\u00bb][vc_empty_space height=\u00bb100px\u00bb][\/vc_column][\/vc_row][vc_row full_width=\u00bbstretch_row_content\u00bb][vc_column][vc_row_inner][vc_column_inner width=\u00bb2\/4&#8243;][vc_column_text]<\/p>\n<p style=\"text-align: left;\"><nav aria-label=\"breadcrumbs\" class=\"rank-math-breadcrumb\"><p><span class=\"last\">Inicio<\/span><\/p><\/nav><\/p>\n<p>[\/vc_column_text][\/vc_column_inner][vc_column_inner width=\u00bb1\/4&#8243;][\/vc_column_inner][vc_column_inner width=\u00bb1\/4&#8243;][\/vc_column_inner][\/vc_row_inner][vc_column_text css=\u00bb.vc_custom_1733143400320{padding-right: 50px !important;padding-left: 50px !important;}\u00bb]<\/p>\n<h2 style=\"text-align: center;\"><span style=\"color: #ff9900; font-size: 24pt;\">Caracter\u00edsticas del Sill\u00f3n Relax de Masaje y Calor Lumbar<\/span><\/h2>\n<p>[\/vc_column_text][\/vc_column][\/vc_row][vc_row full_width=\u00bbstretch_row_content_no_spaces\u00bb css=\u00bb.vc_custom_1721117250766{margin-bottom: 0px !important;padding-bottom: 0px !important;}\u00bb][vc_column width=\u00bb1\/3&#8243;][vc_column_text css=\u00bb.vc_custom_1733143422736{padding-right: 50px !important;padding-left: 50px !important;}\u00bb]<\/p>\n<h3 style=\"text-align: left;\"><span style=\"color: #ff9900; font-size: 24pt;\">Sistema de Masaje por Vibraci\u00f3n<\/span><\/h3>\n<p>[\/vc_column_text][vc_column_text css=\u00bb.vc_custom_1733143621689{padding-right: 50px !important;padding-left: 50px !important;}\u00bb]Los sillones relax de masaje y calor lumbar est\u00e1n dise\u00f1ados para satisfacer las necesidades de las personas que buscan un descanso integral. Su tecnolog\u00eda avanzada combina funciones de masaje, reclinaci\u00f3n y calor terap\u00e9utico para mejorar la calidad de vida.<\/p>\n<p>Empezando por una de las m\u00e1s importantes de las caracter\u00edsticas de estos sillones de masaje, tienen un sistema de vibraci\u00f3n en m\u00faltiples zonas, distribuidas para que sea un masaje integral. Esto, tiene sus beneficios:<\/p>\n<ol>\n<li><strong>Relajaci\u00f3n muscular.<\/strong>\u00a0Alivia la tensi\u00f3n en la espalda, hombros, gl\u00fateos y piernas.<\/li>\n<li><strong>Estimulaci\u00f3n circulatoria.<\/strong>\u00a0Favorece el flujo sangu\u00edneo, ayudando a reducir la hinchaz\u00f3n y el cansancio.<\/li>\n<li><strong>Ajustes personalizables.<\/strong> Permite seleccionar la intensidad y la zona del masaje.<\/li>\n<\/ol>\n<p>[\/vc_column_text][vc_btn title=\u00bbSolicita tu proyecto personalizado\u00bb style=\u00bbcustom\u00bb custom_background=\u00bb#ffa400&#8243; custom_text=\u00bb#ffffff\u00bb shape=\u00bbsquare\u00bb align=\u00bbcenter\u00bb css_animation=\u00bbnone\u00bb link=\u00bburl:https%3A%2F%2Fwww.mueblesnebra.com%2Fsofas-en-zaragoza%2Fsolicitar-proyecto%2F\u00bb css=\u00bb.vc_custom_1721118184816{padding-right: 20px !important;}\u00bb][vc_empty_space height=\u00bb100px\u00bb][\/vc_column][vc_column width=\u00bb2\/3&#8243;][vc_single_image image=\u00bb339&#8243; img_size=\u00bbfull\u00bb alignment=\u00bbcenter\u00bb][\/vc_column][\/vc_row][vc_row][vc_column][vc_empty_space height=\u00bb50px\u00bb][\/vc_column][\/vc_row][vc_row full_width=\u00bbstretch_row_content_no_spaces\u00bb][vc_column width=\u00bb2\/3&#8243;][vc_single_image image=\u00bb337&#8243; img_size=\u00bbfull\u00bb alignment=\u00bbcenter\u00bb][\/vc_column][vc_column width=\u00bb1\/3&#8243;][vc_column_text css=\u00bb.vc_custom_1733143442808{padding-right: 50px !important;padding-left: 50px !important;}\u00bb]<\/p>\n<h3 style=\"text-align: left;\"><span style=\"color: #ff9900; font-size: 24pt;\">Reclinaci\u00f3n Manual 160\u00ba<\/span><\/h3>\n<p>[\/vc_column_text][vc_column_text css=\u00bb.vc_custom_1733144395788{padding-right: 50px !important;padding-left: 50px !important;}\u00bb]El sill\u00f3n de masaje tambi\u00e9n destaca por su funci\u00f3n de reclinaci\u00f3n, que permite <strong>ajustar el respaldo hasta 160 grados<\/strong>. Esta funcionalidad te permite adoptar diferentes posiciones seg\u00fan la actividad que realices, como:<\/p>\n<ul>\n<li><strong>Ver televisi\u00f3n.<\/strong>\u00a0Posici\u00f3n semi reclinada que proporciona soporte adecuado para la espalda.<\/li>\n<li><strong>Leer.<\/strong>\u00a0Postura c\u00f3moda con un \u00e1ngulo perfecto para sostener un libro o tablet.<\/li>\n<li><strong>Descansar.<\/strong>\u00a0La reclinaci\u00f3n completa es ideal para una siesta o relajaci\u00f3n profunda.<\/li>\n<\/ul>\n<p>El mecanismo manual es <strong>f\u00e1cil de usar<\/strong> y garantiza un movimiento fluido y seguro.[\/vc_column_text][vc_empty_space height=\u00bb100px\u00bb][\/vc_column][\/vc_row][vc_row][vc_column][vc_empty_space height=\u00bb50px\u00bb][\/vc_column][\/vc_row][vc_row full_width=\u00bbstretch_row_content_no_spaces\u00bb css=\u00bb.vc_custom_1721117250766{margin-bottom: 0px !important;padding-bottom: 0px !important;}\u00bb][vc_column width=\u00bb1\/3&#8243;][vc_column_text css=\u00bb.vc_custom_1733143459944{padding-right: 50px !important;padding-left: 50px !important;}\u00bb]<\/p>\n<h3 style=\"text-align: left;\"><span style=\"color: #ff9900; font-size: 24pt;\">Sistema de Calor Lumbar<\/span><\/h3>\n<p>[\/vc_column_text][vc_column_text css=\u00bb.vc_custom_1733144530949{padding-right: 50px !important;padding-left: 50px !important;}\u00bb]Una de las caracter\u00edsticas m\u00e1s apreciadas en estos sillones relax de masaje y calor lumbar. Es un elemento incluso terap\u00e9utico que tiene a\u00fan m\u00e1s beneficios de los que os hemos comentado anteriormente:<\/p>\n<ul>\n<li><strong>Alivio del dolor<\/strong>. El calor ayuda a relajar los m\u00fasculos tensos y aliviar dolores cr\u00f3nicos en la parte baja de la espalda.<\/li>\n<li><strong>Reduce el estr\u00e9s<\/strong>. La combinaci\u00f3n de calor y masaje crea una experiencia profundamente relajante.<\/li>\n<li><strong>Mejora la postura<\/strong>. El calor facilita la relajaci\u00f3n de los tejidos, favoreciendo una posici\u00f3n ergon\u00f3mica.<\/li>\n<\/ul>\n<p>Todo esto lo hace perfecto, tanto si lo vas a utilizar simplemente para estar a\u00fan m\u00e1s c\u00f3modo, como si es para aliviar molestias lumbares.[\/vc_column_text][vc_empty_space height=\u00bb100px\u00bb][\/vc_column][vc_column width=\u00bb2\/3&#8243;][vc_single_image image=\u00bb338&#8243; img_size=\u00bbfull\u00bb alignment=\u00bbcenter\u00bb][\/vc_column][\/vc_row][vc_row full_width=\u00bbstretch_row_content\u00bb][vc_column width=\u00bb1\/6&#8243;][\/vc_column][vc_column width=\u00bb2\/3&#8243;][vc_column_text css=\u00bb.vc_custom_1733144639696{padding-right: 50px !important;padding-left: 50px !important;}\u00bb]<\/p>\n<h2 style=\"text-align: center;\"><span style=\"color: #ff9900; font-size: 24pt;\">Sill\u00f3n de Masaje Relax y Calor Lumbar: \u00bfCon o Sin Vibraci\u00f3n?<\/span><\/h2>\n<p>[\/vc_column_text][vc_column_text]Cuando se trata de elegir un <strong>sill\u00f3n de masaje relax y calor lumbar<\/strong>, la opci\u00f3n con vibraci\u00f3n es, en la mayor\u00eda de los casos, la mejor elecci\u00f3n. A continuaci\u00f3n, te explicamos por qu\u00e9.<\/p>\n<p>Para empezar, es un masaje <strong>m\u00e1s efectivo y completo<\/strong>. Los sillones con vibraci\u00f3n distribuyen micro movimientos por diferentes zonas del cuerpo (espalda, gl\u00fateos, piernas) para estimular los m\u00fasculos de forma m\u00e1s profunda. Esto proporciona un alivio m\u00e1s significativo a la tensi\u00f3n muscular y al estr\u00e9s acumulado.<\/p>\n<p>Nuestros modelos con vibraci\u00f3n permiten <strong>ajustar la intensidad<\/strong> y activar solo las zonas que t\u00fa quieras para el masaje. Esto significa que puedes adaptar cada sesi\u00f3n seg\u00fan lo que necesitas. Adem\u00e1s, la vibraci\u00f3n mejora el flujo sangu\u00edneo, lo que ayuda a reducir la hinchaz\u00f3n, aliviar dolores musculares y promover la relajaci\u00f3n general del cuerpo.<\/p>\n<p>La combinaci\u00f3n de vibraci\u00f3n y calor lumbar <strong>potencia los efectos terap\u00e9uticos<\/strong>. Mientras el calor relaja los tejidos profundos y alivia el dolor, la vibraci\u00f3n estimula el cuerpo de manera activa. Tambi\u00e9n, si practicas deporte, trabajas largas horas sentado, o tienes alguna molestia cr\u00f3nica, como lumbalgia, un sill\u00f3n de masaje relax vibraci\u00f3n y calor lumbar te ayudar\u00e1 a <strong>aliviar<\/strong> muchos de estos problemas.<\/p>\n<p>Aunque los sillones sin vibraci\u00f3n tambi\u00e9n tienen su lugar, suelen ser m\u00e1s b\u00e1sicos y est\u00e1n orientados a quienes buscan una opci\u00f3n sencilla para descansar o beneficiarse \u00fanicamente del calor lumbar. Por lo tanto, <strong>s\u00f3lo elige uno sin vibraci\u00f3n si no tienes dolencias <\/strong>o prefieres una experiencia m\u00e1s est\u00e1tica.[\/vc_column_text][vc_btn title=\u00bb\u00a1Cont\u00e1ctanos!\u00bb style=\u00bbcustom\u00bb custom_background=\u00bb#ffa400&#8243; custom_text=\u00bb#ffffff\u00bb shape=\u00bbsquare\u00bb align=\u00bbcenter\u00bb css_animation=\u00bbnone\u00bb link=\u00bburl:https%3A%2F%2Fwww.mueblesnebra.com%2Fsofas-en-zaragoza%2Fcontacto%2F\u00bb css=\u00bb.vc_custom_1721121664143{padding-right: 20px !important;}\u00bb][vc_empty_space height=\u00bb20px\u00bb][vc_column_text css=\u00bb.vc_custom_1733145069092{padding-right: 50px !important;padding-left: 50px !important;}\u00bb]<\/p>\n<h2 style=\"text-align: center;\"><span style=\"color: #ff9900; font-size: 24pt;\">Preguntas Frecuentes sobre los Sillones Relax de Masaje y Calor Lumbar<\/span><\/h2>\n<p>[\/vc_column_text][vc_tta_accordion section_title_tag=\u00bbh3&#8243; active_section=\u00bb2000000000000&#8243; collapsible_all=\u00bbtrue\u00bb][vc_tta_section title=\u00bb\u00bfQu\u00e9 diferencia hay entre un sill\u00f3n de masaje y uno convencional?\u00bb tab_id=\u00bb1733145074769-407cb54f-f05d\u00bb][vc_column_text]Un sill\u00f3n de masaje tiene unas cuantas funcionalidades avanzadas, como sistemas de vibraci\u00f3n, calor y reclinaci\u00f3n ajustable, dise\u00f1ados para ofrecer beneficios terap\u00e9uticos. En cambio, uno convencional se enfoca m\u00e1s en la comodidad b\u00e1sica sin opciones de masaje.[\/vc_column_text][\/vc_tta_section][vc_tta_section title=\u00bb\u00bfPuedo usarlo todos los d\u00edas?\u00bb tab_id=\u00bb1733145074785-fed30b68-a239&#8243;][vc_column_text]S\u00ed, un sill\u00f3n relax de masaje y calor lumbar est\u00e1 dise\u00f1ado para el uso diario. Sin embargo, se recomienda seguir las instrucciones del fabricante sobre la duraci\u00f3n m\u00e1xima de cada sesi\u00f3n para evitar un uso excesivo. M\u00e1s que nada, para no sobrecalentar el motor y que se estropee.[\/vc_column_text][\/vc_tta_section][vc_tta_section title=\u00bb\u00bfC\u00f3mo funciona el sistema de calor lumbar?\u00bb tab_id=\u00bb1733145344383-c215d1a1-2220&#8243;][vc_column_text]Un sill\u00f3n relax de masaje y calor lumbar tiene un sistema que utiliza tecnolog\u00eda de infrarrojos o resistencia el\u00e9ctrica para calentar suavemente la parte baja de la espalda. Este calor promueve la relajaci\u00f3n muscular, mejora la flexibilidad y puede aliviar dolores relacionados con el esfuerzo f\u00edsico o problemas posturales.[\/vc_column_text][\/vc_tta_section][vc_tta_section title=\u00bb\u00bfLos sillones de masaje relax con vibraci\u00f3n son seguros para todos?\u00bb tab_id=\u00bb1733145374843-713cd745-0069&#8243;][vc_column_text]Para pr\u00e1cticamente todo el mundo, los sillones relax de masaje y calor lumbar <strong>s\u00ed son seguros<\/strong>. S\u00f3lo aconsejamos tener cuidado a quienes tengan problemas m\u00e9dicos, como marcapasos, o si est\u00e1is embarazadas o ten\u00e9is alguna lesi\u00f3n grave. En cualquiera de estos casos, consultar a vuestro m\u00e9dico antes de usarlos.[\/vc_column_text][\/vc_tta_section][\/vc_tta_accordion][\/vc_column][vc_column width=\u00bb1\/6&#8243;][\/vc_column][\/vc_row]<\/p>\n<\/div>","protected":false},"excerpt":{"rendered":"<p>[vc_row full_width=\u00bbstretch_row_content\u00bb css_animation=\u00bbfadeIn\u00bb css=\u00bb.vc_custom_1733144128291{margin-bottom: 0px !important;padding-bottom: 0px !important;background-image: url(http:\/\/www.mueblesnebra.com\/sofas-en-zaragoza\/wp-content\/uploads\/sites\/2\/2024\/12\/tienda-de-sillones-de-masaje-relax.webp?id=336) !important;background-position: center !important;background-repeat: no-repeat !important;background-size: cover !important;}\u00bb][vc_column][vc_empty_space height=\u00bb100px\u00bb][vc_empty_space height=\u00bb150px\u00bb el_class=\u00bbdisplay-none\u00bb][vc_row_inner gap=\u00bb35&#8243; css=\u00bb.vc_custom_1718355471939{padding-right: 5px !important;padding-left: 5px !important;}\u00bb][vc_column_inner width=\u00bb1\/6&#8243;][\/vc_column_inner][vc_column_inner width=\u00bb2\/3&#8243;][vc_column_text css=\u00bb.vc_custom_1733143375544{margin-right: 10px !important;margin-left: 10px !important;}\u00bb] Sillones relax de masaje y calor lumbar Un sill\u00f3n relax de masaje y calor lumbar es m\u00e1s que un mueble; es una herramienta [&hellip;]<\/p>\n","protected":false},"author":395,"featured_media":0,"parent":289,"menu_order":0,"comment_status":"closed","ping_status":"closed","template":"","meta":{"_genesis_hide_title":false,"_genesis_hide_breadcrumbs":false,"_genesis_hide_singular_image":false,"_genesis_hide_footer_widgets":false,"_genesis_custom_body_class":"","_genesis_custom_post_class":"","_genesis_layout":"","footnotes":""},"class_list":{"0":"post-330","1":"page","2":"type-page","3":"status-publish","5":"entry"},"_links":{"self":[{"href":"https:\/\/www.mueblesnebra.com\/sofas-en-zaragoza\/wp-json\/wp\/v2\/pages\/330","targetHints":{"allow":["GET"]}}],"collection":[{"href":"https:\/\/www.mueblesnebra.com\/sofas-en-zaragoza\/wp-json\/wp\/v2\/pages"}],"about":[{"href":"https:\/\/www.mueblesnebra.com\/sofas-en-zaragoza\/wp-json\/wp\/v2\/types\/page"}],"author":[{"embeddable":true,"href":"https:\/\/www.mueblesnebra.com\/sofas-en-zaragoza\/wp-json\/wp\/v2\/users\/395"}],"replies":[{"embeddable":true,"href":"https:\/\/www.mueblesnebra.com\/sofas-en-zaragoza\/wp-json\/wp\/v2\/comments?post=330"}],"version-history":[{"count":16,"href":"https:\/\/www.mueblesnebra.com\/sofas-en-zaragoza\/wp-json\/wp\/v2\/pages\/330\/revisions"}],"predecessor-version":[{"id":352,"href":"https:\/\/www.mueblesnebra.com\/sofas-en-zaragoza\/wp-json\/wp\/v2\/pages\/330\/revisions\/352"}],"up":[{"embeddable":true,"href":"https:\/\/www.mueblesnebra.com\/sofas-en-zaragoza\/wp-json\/wp\/v2\/pages\/289"}],"wp:attachment":[{"href":"https:\/\/www.mueblesnebra.com\/sofas-en-zaragoza\/wp-json\/wp\/v2\/media?parent=330"}],"curies":[{"name":"wp","href":"https:\/\/api.w.org\/{rel}","templated":true}]}}