{"id":307,"date":"2024-12-02T13:04:21","date_gmt":"2024-12-02T12:04:21","guid":{"rendered":"https:\/\/www.mueblesnebra.com\/sofas-en-zaragoza\/?page_id=307"},"modified":"2026-02-02T12:51:13","modified_gmt":"2026-02-02T11:51:13","slug":"geriatricos","status":"publish","type":"page","link":"https:\/\/www.mueblesnebra.com\/sofas-en-zaragoza\/sillones\/geriatricos\/","title":{"rendered":"Sillones geri\u00e1tricos"},"content":{"rendered":"<div class=\"wpb-content-wrapper\"><p>[vc_row full_width=\u00bbstretch_row_content\u00bb css_animation=\u00bbfadeIn\u00bb css=\u00bb.vc_custom_1733139141843{margin-bottom: 0px !important;padding-bottom: 0px !important;background-image: url(http:\/\/www.mueblesnebra.com\/sofas-en-zaragoza\/wp-content\/uploads\/sites\/2\/2024\/12\/sillones-geriatricos-para-residencia.webp?id=312) !important;background-position: center !important;background-repeat: no-repeat !important;background-size: cover !important;}\u00bb][vc_column][vc_empty_space height=\u00bb100px\u00bb][vc_empty_space height=\u00bb150px\u00bb el_class=\u00bbdisplay-none\u00bb][vc_row_inner gap=\u00bb35&#8243; css=\u00bb.vc_custom_1718355471939{padding-right: 5px !important;padding-left: 5px !important;}\u00bb][vc_column_inner width=\u00bb1\/6&#8243;][\/vc_column_inner][vc_column_inner width=\u00bb2\/3&#8243;][vc_column_text css=\u00bb.vc_custom_1733139278501{margin-right: 10px !important;margin-left: 10px !important;}\u00bb]<\/p>\n<h1 style=\"text-align: center;\"><strong><span style=\"color: #ffffff; text-shadow: 4px 4px 4px #333;\">Sillones geri\u00e1tricos<\/span><\/strong><\/h1>\n<p style=\"text-align: center;\"><strong><span style=\"color: #ffffff; text-shadow: 4px 4px 4px #333;\">Si buscas una soluci\u00f3n pr\u00e1ctica, c\u00f3moda y segura para mejorar la calidad de vida de las personas mayores, los sillones geri\u00e1tricos son la respuesta. Estos sillones est\u00e1n dise\u00f1ados espec\u00edficamente para proporcionar un soporte ergon\u00f3mico, facilitar el descanso y ayudar en la movilidad. En nuestra tienda, ofrecemos una amplia selecci\u00f3n de sillones geri\u00e1tricos ideales tanto para uso personal como para centros especializados.<\/span><\/strong><\/p>\n<p>[\/vc_column_text][vc_empty_space height=\u00bb100px\u00bb el_class=\u00bbdisplay-none\u00bb][vc_btn title=\u00bbCONT\u00c1CTANOS\u00bb style=\u00bbcustom\u00bb custom_background=\u00bb#ffa400&#8243; custom_text=\u00bb#ffffff\u00bb shape=\u00bbsquare\u00bb align=\u00bbcenter\u00bb css_animation=\u00bbnone\u00bb css=\u00bb.vc_custom_1733139340864{padding-right: 20px !important;}\u00bb link=\u00bburl:https%3A%2F%2Fwww.mueblesnebra.com%2Fsofas-en-zaragoza%2Fcontacto%2F\u00bb][\/vc_column_inner][vc_column_inner width=\u00bb1\/6&#8243;][\/vc_column_inner][\/vc_row_inner][vc_empty_space height=\u00bb150px\u00bb el_class=\u00bbdisplay-none\u00bb][\/vc_column][\/vc_row][vc_row full_width=\u00bbstretch_row_content\u00bb][vc_column][vc_row_inner][vc_column_inner width=\u00bb2\/4&#8243;][vc_column_text]<\/p>\n<p style=\"text-align: left;\"><nav aria-label=\"breadcrumbs\" class=\"rank-math-breadcrumb\"><p><span class=\"last\">Inicio<\/span><\/p><\/nav><\/p>\n<p>[\/vc_column_text][\/vc_column_inner][vc_column_inner width=\u00bb1\/4&#8243;][\/vc_column_inner][vc_column_inner width=\u00bb1\/4&#8243;][\/vc_column_inner][\/vc_row_inner][vc_column_text css=\u00bb.vc_custom_1733139461972{padding-right: 50px !important;padding-left: 50px !important;}\u00bb]<\/p>\n<h2 style=\"text-align: center;\"><span style=\"color: #ff9900; font-size: 24pt;\">Sillones geri\u00e1tricos ideales para todo tipo de centros<\/span><\/h2>\n<p>[\/vc_column_text][\/vc_column][\/vc_row][vc_row full_width=\u00bbstretch_row_content_no_spaces\u00bb css=\u00bb.vc_custom_1721117250766{margin-bottom: 0px !important;padding-bottom: 0px !important;}\u00bb][vc_column width=\u00bb1\/3&#8243;][vc_column_text css=\u00bb.vc_custom_1733139471280{padding-right: 50px !important;padding-left: 50px !important;}\u00bb]<\/p>\n<h3 style=\"text-align: left;\"><span style=\"color: #ff9900; font-size: 24pt;\">Residencias<\/span><\/h3>\n<p>[\/vc_column_text][vc_column_text css=\u00bb.vc_custom_1770033059897{padding-right: 50px !important;padding-left: 50px !important;}\u00bb]El mobiliario para geri\u00e1trico en Zaragoza cumple un papel esencial para garantizar el bienestar de los residentes. Estos sillones no solo proporcionan comodidad, sino que tambi\u00e9n cuentan con caracter\u00edsticas espec\u00edficas como:<\/p>\n<ul>\n<li><strong>Reposapi\u00e9s elevables:<\/strong> Facilitan la circulaci\u00f3n y reducen la hinchaz\u00f3n en las piernas.<\/li>\n<li><strong>Respaldo ajustable:<\/strong> Permite adoptar posiciones ergon\u00f3micas para leer, descansar o ver televisi\u00f3n.<\/li>\n<li><strong>Sistemas de elevaci\u00f3n:<\/strong> Ayudan a levantarse sin esfuerzo, reduciendo el riesgo de ca\u00eddas.<\/li>\n<\/ul>\n<p>Adem\u00e1s, los materiales de alta calidad garantizan una limpieza f\u00e1cil y durabilidad, ideales para entornos donde se va a usar de forma intensiva.<\/p>\n<p>Ten en cuenta que son una parte esencial para una residencia, un hospital, o incluso tu propia casa si tienes a una persona mayor contigo, ya que les ayudar\u00e1s a descansar adecuadamente y a que se muevan con mucha m\u00e1s facilidad.[\/vc_column_text][vc_btn title=\u00bbSolicita tu proyecto personalizado\u00bb style=\u00bbcustom\u00bb custom_background=\u00bb#ffa400&#8243; custom_text=\u00bb#ffffff\u00bb shape=\u00bbsquare\u00bb align=\u00bbcenter\u00bb css_animation=\u00bbnone\u00bb css=\u00bb.vc_custom_1721118184816{padding-right: 20px !important;}\u00bb link=\u00bburl:https%3A%2F%2Fwww.mueblesnebra.com%2Fsofas-en-zaragoza%2Fsolicitar-proyecto%2F\u00bb][vc_empty_space height=\u00bb100px\u00bb][\/vc_column][vc_column width=\u00bb2\/3&#8243;][vc_single_image image=\u00bb310&#8243; img_size=\u00bb1200&#215;800&#8243; alignment=\u00bbcenter\u00bb][\/vc_column][\/vc_row][vc_row][vc_column][vc_empty_space height=\u00bb50px\u00bb][\/vc_column][\/vc_row][vc_row full_width=\u00bbstretch_row_content_no_spaces\u00bb][vc_column width=\u00bb2\/3&#8243;][vc_single_image image=\u00bb311&#8243; img_size=\u00bb1200&#215;800&#8243; alignment=\u00bbcenter\u00bb][\/vc_column][vc_column width=\u00bb1\/3&#8243;][vc_column_text css=\u00bb.vc_custom_1733139618568{padding-right: 50px !important;padding-left: 50px !important;}\u00bb]<\/p>\n<h3 style=\"text-align: left;\"><span style=\"color: #ff9900; font-size: 24pt;\">Centros de d\u00eda<\/span><\/h3>\n<p>[\/vc_column_text][vc_column_text css=\u00bb.vc_custom_1733139811308{padding-right: 50px !important;padding-left: 50px !important;}\u00bb]En los centros de d\u00eda, donde nuestros abuelos o padres pasan varias horas, los sillones geri\u00e1tricos son clave para su salud. As\u00ed, ellos tambi\u00e9n se pueden relajar en un ambiente mucho m\u00e1s c\u00f3modo y seguro mientras participan en cualquier actividad diaria. Caracter\u00edsticas como la funci\u00f3n reclinable y el soporte lumbar aseguran un descanso placentero, mientras que los modelos con ruedas permiten una f\u00e1cil movilidad dentro de las instalaciones.<\/p>\n<p>Si te pasas por nuestra tienda en Zaragoza ver\u00e1s toda nuestra gama de sillones para ti, desde modelos sencillos hasta mucho m\u00e1s avanzados.[\/vc_column_text][vc_btn title=\u00bbCONT\u00c1CTANOS\u00bb style=\u00bbcustom\u00bb custom_background=\u00bb#ffa400&#8243; custom_text=\u00bb#ffffff\u00bb shape=\u00bbsquare\u00bb align=\u00bbcenter\u00bb css_animation=\u00bbnone\u00bb css=\u00bb.vc_custom_1733139340864{padding-right: 20px !important;}\u00bb link=\u00bburl:https%3A%2F%2Fwww.mueblesnebra.com%2Fsofas-en-zaragoza%2Fcontacto%2F\u00bb][\/vc_column][\/vc_row][vc_row][vc_column][vc_empty_space height=\u00bb50px\u00bb][\/vc_column][\/vc_row][vc_row full_width=\u00bbstretch_row_content\u00bb][vc_column width=\u00bb1\/6&#8243;][\/vc_column][vc_column width=\u00bb2\/3&#8243;][vc_column_text css=\u00bb.vc_custom_1733140030740{padding-right: 50px !important;padding-left: 50px !important;}\u00bb]<\/p>\n<h2 style=\"text-align: center;\"><span style=\"color: #ff9900; font-size: 24pt;\">El Mejor Sill\u00f3n Elevador para Tu Abuelo<\/span><\/h2>\n<p>[\/vc_column_text][vc_column_text]Elegir el sill\u00f3n elevador perfecto para un ser querido puede marcar una gran diferencia en su calidad de vida. Estos sillones est\u00e1n dise\u00f1ados espec\u00edficamente para personas mayores con movilidad reducida, proporcionando independencia y seguridad.<\/p>\n<p>Los sillones geri\u00e1tricos cuentan con un mecanismo de elevaci\u00f3n para ayudar a la persona a levantarse y sentarse <strong>sin esfuerzo<\/strong>. Esto es ideal si la persona tiene limitaciones f\u00edsicas o problemas articulares, ya que este mobiliario tiene varios beneficios clave:<\/p>\n<ul>\n<li><strong>Facilidad para levantarse<\/strong>. El mecanismo de elevaci\u00f3n reduce la presi\u00f3n en las articulaciones al ponerse de pie.<\/li>\n<li><strong>Comodidad<\/strong>. La inclinaci\u00f3n ajustable permite encontrar la postura m\u00e1s c\u00f3moda para cada momento.<\/li>\n<li><strong>Independencia<\/strong>. Por supuesto, depende de cada situaci\u00f3n personal, pero la persona mayor podr\u00e1 realizar estas acciones sin necesidad de asistencia constante.<\/li>\n<\/ul>\n<p>Tambi\u00e9n deber\u00e1s tener en cuenta los tipos de sillones geri\u00e1tricos que existen, y tener en mente ciertos factores que te contamos a continuaci\u00f3n.[\/vc_column_text][vc_tta_accordion section_title_tag=\u00bbh3&#8243; active_section=\u00bb2000000000000&#8243; collapsible_all=\u00bbtrue\u00bb][vc_tta_section title=\u00bbTipos de Sillones Elevadores para personas mayores\u00bb tab_id=\u00bb1733140249296-08de55de-726a\u00bb][vc_column_text]<\/p>\n<ul>\n<li><strong>Sill\u00f3n Elevador Manual:<\/strong>\n<ul>\n<li>Sistema de elevaci\u00f3n activado por palanca.<\/li>\n<li>M\u00e1s asequible, ideal para quienes buscan funcionalidad b\u00e1sica.<\/li>\n<\/ul>\n<\/li>\n<li><strong>Sill\u00f3n Elevador El\u00e9ctrico:<\/strong>\n<ul>\n<li>Control remoto para ajustes precisos de posici\u00f3n.<\/li>\n<li>Funciones avanzadas como masaje, calefacci\u00f3n y reclinaci\u00f3n completa.<\/li>\n<\/ul>\n<\/li>\n<\/ul>\n<p>No obstante, tienes que tener en cuenta varios factores antes de elegirlo:<\/p>\n<ul>\n<li>\u00bfCu\u00e1nto espacio dispones donde lo vayas a utilizar?<\/li>\n<li>\u00bfNecesita algo m\u00e1s el sill\u00f3n elevador para que sea perfecto para qui\u00e9n lo vaya a usar, como calefacci\u00f3n?<\/li>\n<li>\u00bfTiene la tapicer\u00eda adecuada? \u00bfSe limpia f\u00e1cil?<\/li>\n<li>\u00bfSoportar\u00e1 bien el peso?<\/li>\n<\/ul>\n<p>[\/vc_column_text][\/vc_tta_section][\/vc_tta_accordion][vc_btn title=\u00bb\u00a1Cont\u00e1ctanos!\u00bb style=\u00bbcustom\u00bb custom_background=\u00bb#ffa400&#8243; custom_text=\u00bb#ffffff\u00bb shape=\u00bbsquare\u00bb align=\u00bbcenter\u00bb css_animation=\u00bbnone\u00bb css=\u00bb.vc_custom_1721121664143{padding-right: 20px !important;}\u00bb link=\u00bburl:https%3A%2F%2Fwww.mueblesnebra.com%2Fsofas-en-zaragoza%2Fcontacto%2F\u00bb][vc_empty_space height=\u00bb20px\u00bb][vc_column_text css=\u00bb.vc_custom_1733140527376{padding-right: 50px !important;padding-left: 50px !important;}\u00bb]<\/p>\n<p style=\"text-align: center;\"><span style=\"color: #ff9900; font-size: 24pt;\">Preguntas frecuentes<\/span><\/p>\n<p>[\/vc_column_text][vc_tta_accordion section_title_tag=\u00bbh2&#8243; active_section=\u00bb2000000000000&#8243; collapsible_all=\u00bbtrue\u00bb][vc_tta_section title=\u00bb\u00bfQu\u00e9 ventajas tienen los sillones geri\u00e1tricos para mi casa?\u00bb tab_id=\u00bb1733140532085-2bc67331-5f58&#8243;][vc_column_text]Aunque los sillones geri\u00e1tricos son comunes en residencias y centros de d\u00eda, tambi\u00e9n son una excelente opci\u00f3n para tu casa, sobre todo si tienes que cuidar de uno de tus padres o abuelos. Estos son algunos beneficios de incluirlos en tu sala de estar:<\/p>\n<ul>\n<li><strong>Mejoran la calidad de vida.<\/strong>\u00a0Proporcionan comodidad y alivio a las personas mayores en sus actividades diarias.<\/li>\n<li><strong>Seguridad.<\/strong> Ayudan bastante a reducir el riesgo de lesiones al sentarse o levantarse.<\/li>\n<li><strong>Estilo y funcionalidad.<\/strong>\u00a0Dise\u00f1os modernos que se integran perfectamente en la decoraci\u00f3n del hogar.<\/li>\n<\/ul>\n<p>[\/vc_column_text][\/vc_tta_section][vc_tta_section title=\u00bb\u00bfSon los sillones levanta personas f\u00e1ciles de usar?\u00bb tab_id=\u00bb1733140532099-fd126279-904c\u00bb][vc_column_text]S\u00ed, los sillones elevadores est\u00e1n dise\u00f1ados pensando en que sea muy f\u00e1cil de usar. Los modelos el\u00e9ctricos tienen unos controles bastante intuitivos, mientras que los manuales requieren de movimientos simples.<\/p>\n<p>A\u00fan as\u00ed, si os quer\u00e9is asegurar, siempre puedes pasarte por tienda y te mostramos c\u00f3mo se usa sin problema alguno.[\/vc_column_text][\/vc_tta_section][vc_tta_section title=\u00bb\u00bfQu\u00e9 diferencia hay entre un sill\u00f3n geri\u00e1trico y uno normal?\u00bb tab_id=\u00bb1733140950677-b02421d8-b915&#8243;][vc_column_text]Un sill\u00f3n geri\u00e1trico est\u00e1 espec\u00edficamente dise\u00f1ado para las necesidades de las personas mayores. Proporciona un soporte ergon\u00f3mico, funcionalidades avanzadas y sistemas de seguridad que no suelen estar presentes en un sill\u00f3n convencional.[\/vc_column_text][\/vc_tta_section][vc_tta_section title=\u00bb\u00bfC\u00f3mo es nuestro sill\u00f3n geri\u00e1trico con ruedas?\u00bb tab_id=\u00bb1740037859117-43556129-fcd5&#8243;][vc_column_text]Para nuestras personas mayores que necesitan la mejor comodidad y facilidad de movimiento, un sill\u00f3n geri\u00e1trico con ruedas es la mejor opci\u00f3n. Estos sillones est\u00e1n dise\u00f1ados para ofrecer toda esta movilidad \u00f3ptima dentro de vuestra casa o en cualquier centro de d\u00eda.<\/p>\n<p>Sus caracter\u00edsticas son:<\/p>\n<ol>\n<li><strong>Movilidad<\/strong> sin esfuerzo. Gracias a sus ruedas giratorias, se pueden desplazar con facilidad en diferentes superficies.<\/li>\n<li><strong>Seguridad.<\/strong>\u00a0Incorporan frenos en las ruedas para evitar deslizamientos accidentales.<\/li>\n<li><strong>Comodidad<\/strong>. Dise\u00f1ados con acolchados de alta densidad y materiales transpirables para mayor confort.<\/li>\n<li><strong>Adaptabilidad.<\/strong>\u00a0Algunos modelos cuentan con respaldos reclinables y reposapi\u00e9s ajustables para garantizar la mejor postura en cada momento.<\/li>\n<\/ol>\n<h3>Sill\u00f3n Geri\u00e1trico Reclinable con Ruedas<\/h3>\n<p>Un sill\u00f3n geri\u00e1trico reclinable con ruedas es la soluci\u00f3n ideal si buscas descanso y facilidad de desplazamiento. Este tipo de sill\u00f3n no solo permite mover al usuario de un lugar a otro con total seguridad, sino que tambi\u00e9n ofrece distintas posiciones para garantizar el mayor bienestar. Lo m\u00e1s importante de este sill\u00f3n es que:<\/p>\n<ol>\n<li>Sistema <strong>reclinable<\/strong> ajustable. Permite modificar el \u00e1ngulo del respaldo para mejorar la postura o facilitar el descanso.<\/li>\n<li><strong>Reposapi\u00e9s<\/strong> elevable. Reduce la presi\u00f3n en las piernas y mejora la circulaci\u00f3n sangu\u00ednea.<\/li>\n<li><strong>Estructura robusta<\/strong> y estable. Fabricado con materiales resistentes para soportar m\u00e1s peso y ofrecer m\u00e1xima durabilidad.<\/li>\n<li><strong>Ruedas<\/strong> con bloqueo de seguridad. Facilita el traslado sin perder estabilidad.<\/li>\n<li><strong>Tapicer\u00eda<\/strong> f\u00e1cil de limpiar. Ideal para su uso en residencias y hospitales, donde la higiene es fundamental.<\/li>\n<\/ol>\n<p>Vis\u00edtanos y encuentra el sill\u00f3n perfecto para ti o para tu ser querido.[\/vc_column_text][\/vc_tta_section][\/vc_tta_accordion][\/vc_column][vc_column width=\u00bb1\/6&#8243;][\/vc_column][\/vc_row]<\/p>\n<\/div>","protected":false},"excerpt":{"rendered":"<p>[vc_row full_width=\u00bbstretch_row_content\u00bb css_animation=\u00bbfadeIn\u00bb css=\u00bb.vc_custom_1733139141843{margin-bottom: 0px !important;padding-bottom: 0px !important;background-image: url(http:\/\/www.mueblesnebra.com\/sofas-en-zaragoza\/wp-content\/uploads\/sites\/2\/2024\/12\/sillones-geriatricos-para-residencia.webp?id=312) !important;background-position: center !important;background-repeat: no-repeat !important;background-size: cover !important;}\u00bb][vc_column][vc_empty_space height=\u00bb100px\u00bb][vc_empty_space height=\u00bb150px\u00bb el_class=\u00bbdisplay-none\u00bb][vc_row_inner gap=\u00bb35&#8243; css=\u00bb.vc_custom_1718355471939{padding-right: 5px !important;padding-left: 5px !important;}\u00bb][vc_column_inner width=\u00bb1\/6&#8243;][\/vc_column_inner][vc_column_inner width=\u00bb2\/3&#8243;][vc_column_text css=\u00bb.vc_custom_1733139278501{margin-right: 10px !important;margin-left: 10px !important;}\u00bb] Sillones geri\u00e1tricos Si buscas una soluci\u00f3n pr\u00e1ctica, c\u00f3moda y segura para mejorar la calidad de vida de las personas mayores, los sillones geri\u00e1tricos [&hellip;]<\/p>\n","protected":false},"author":395,"featured_media":0,"parent":223,"menu_order":0,"comment_status":"closed","ping_status":"closed","template":"","meta":{"_genesis_hide_title":false,"_genesis_hide_breadcrumbs":false,"_genesis_hide_singular_image":false,"_genesis_hide_footer_widgets":false,"_genesis_custom_body_class":"","_genesis_custom_post_class":"","_genesis_layout":"","footnotes":""},"class_list":{"0":"post-307","1":"page","2":"type-page","3":"status-publish","5":"entry"},"_links":{"self":[{"href":"https:\/\/www.mueblesnebra.com\/sofas-en-zaragoza\/wp-json\/wp\/v2\/pages\/307","targetHints":{"allow":["GET"]}}],"collection":[{"href":"https:\/\/www.mueblesnebra.com\/sofas-en-zaragoza\/wp-json\/wp\/v2\/pages"}],"about":[{"href":"https:\/\/www.mueblesnebra.com\/sofas-en-zaragoza\/wp-json\/wp\/v2\/types\/page"}],"author":[{"embeddable":true,"href":"https:\/\/www.mueblesnebra.com\/sofas-en-zaragoza\/wp-json\/wp\/v2\/users\/395"}],"replies":[{"embeddable":true,"href":"https:\/\/www.mueblesnebra.com\/sofas-en-zaragoza\/wp-json\/wp\/v2\/comments?post=307"}],"version-history":[{"count":24,"href":"https:\/\/www.mueblesnebra.com\/sofas-en-zaragoza\/wp-json\/wp\/v2\/pages\/307\/revisions"}],"predecessor-version":[{"id":15599,"href":"https:\/\/www.mueblesnebra.com\/sofas-en-zaragoza\/wp-json\/wp\/v2\/pages\/307\/revisions\/15599"}],"up":[{"embeddable":true,"href":"https:\/\/www.mueblesnebra.com\/sofas-en-zaragoza\/wp-json\/wp\/v2\/pages\/223"}],"wp:attachment":[{"href":"https:\/\/www.mueblesnebra.com\/sofas-en-zaragoza\/wp-json\/wp\/v2\/media?parent=307"}],"curies":[{"name":"wp","href":"https:\/\/api.w.org\/{rel}","templated":true}]}}