{"id":289,"date":"2024-12-02T11:20:54","date_gmt":"2024-12-02T10:20:54","guid":{"rendered":"https:\/\/www.mueblesnebra.com\/sofas-en-zaragoza\/?page_id=289"},"modified":"2025-12-23T13:34:46","modified_gmt":"2025-12-23T12:34:46","slug":"relax","status":"publish","type":"page","link":"https:\/\/www.mueblesnebra.com\/sofas-en-zaragoza\/sillones\/relax\/","title":{"rendered":"Sillones relax"},"content":{"rendered":"<div class=\"wpb-content-wrapper\"><p>[vc_row full_width=\u00bbstretch_row_content\u00bb css_animation=\u00bbnone\u00bb css=\u00bb.vc_custom_1733133325108{margin-bottom: 0px !important;padding-bottom: 0px !important;background-image: url(http:\/\/www.mueblesnebra.com\/sofas-en-zaragoza\/wp-content\/uploads\/sites\/2\/2024\/12\/tu-tienda-de-sillones-relax.webp?id=298) !important;background-position: center !important;background-repeat: no-repeat !important;background-size: cover !important;}\u00bb][vc_column][vc_empty_space height=\u00bb100px\u00bb][vc_empty_space height=\u00bb150px\u00bb el_class=\u00bbdisplay-none\u00bb][vc_row_inner gap=\u00bb35&#8243; css=\u00bb.vc_custom_1718355471939{padding-right: 5px !important;padding-left: 5px !important;}\u00bb][vc_column_inner width=\u00bb1\/6&#8243;][\/vc_column_inner][vc_column_inner width=\u00bb2\/3&#8243;][vc_column_text css=\u00bb.vc_custom_1766491805080{margin-right: 10px !important;margin-left: 10px !important;}\u00bb]<\/p>\n<h1 style=\"text-align: center;\"><strong><span style=\"color: #ffffff; text-shadow: 4px 4px 4px #333;\">Sillones Relax en Zaragoza<\/span><\/strong><\/h1>\n<p style=\"text-align: center;\"><strong><span style=\"color: #ffffff; text-shadow: 4px 4px 4px #333;\">\u00bfNecesitas sillones relax en Zaragoza? Muebles Nebra es tu lugar.\u00a0Amplia variedad de sillones de descanso dise\u00f1ados para proporcionar la comodidad que necesitas. A medida, manuales, el\u00e9ctricos&#8230; \u00a1Cualquier tipo de sill\u00f3n que necesites!<\/span><\/strong><\/p>\n<p>[\/vc_column_text][vc_empty_space height=\u00bb100px\u00bb el_class=\u00bbdisplay-none\u00bb][vc_btn title=\u00bbCONT\u00c1CTANOS\u00bb style=\u00bbcustom\u00bb custom_background=\u00bb#ffa400&#8243; custom_text=\u00bb#ffffff\u00bb shape=\u00bbsquare\u00bb align=\u00bbcenter\u00bb css_animation=\u00bbnone\u00bb css=\u00bb.vc_custom_1733132933932{padding-right: 20px !important;}\u00bb link=\u00bburl:https%3A%2F%2Fwww.mueblesnebra.com%2Fsofas-en-zaragoza%2Fcontacto%2F\u00bb][\/vc_column_inner][vc_column_inner width=\u00bb1\/6&#8243;][\/vc_column_inner][\/vc_row_inner][vc_empty_space height=\u00bb150px\u00bb el_class=\u00bbdisplay-none\u00bb][vc_empty_space height=\u00bb100px\u00bb][\/vc_column][\/vc_row][vc_row full_width=\u00bbstretch_row_content\u00bb][vc_column][vc_row_inner][vc_column_inner width=\u00bb2\/4&#8243;][vc_column_text]<\/p>\n<p style=\"text-align: left;\"><nav aria-label=\"breadcrumbs\" class=\"rank-math-breadcrumb\"><p><span class=\"last\">Inicio<\/span><\/p><\/nav><\/p>\n<p>[\/vc_column_text][\/vc_column_inner][vc_column_inner width=\u00bb1\/4&#8243;][\/vc_column_inner][vc_column_inner width=\u00bb1\/4&#8243;][\/vc_column_inner][\/vc_row_inner][\/vc_column][\/vc_row][vc_row full_width=\u00bbstretch_row_content_no_spaces\u00bb css=\u00bb.vc_custom_1721117250766{margin-bottom: 0px !important;padding-bottom: 0px !important;}\u00bb][vc_column width=\u00bb1\/3&#8243;][vc_column_text css=\u00bb.vc_custom_1733132954060{padding-right: 50px !important;padding-left: 50px !important;}\u00bb]<\/p>\n<h2 style=\"text-align: left;\"><span style=\"color: #ff9900; font-size: 24pt;\">Sillones relax a tu medida<\/span><\/h2>\n<p>[\/vc_column_text][vc_column_text css=\u00bb.vc_custom_1766493015456{padding-right: 50px !important;padding-left: 50px !important;}\u00bb]Contamos con una amplia gama de sillones relax en Zaragoza totalmente personalizables. Desde modelos manuales hasta el\u00e9ctricos, puedes elegir el dise\u00f1o, tama\u00f1o, y tipo de tapizado que mejor se adapten a tu estilo de vida y decoraci\u00f3n. Nuestros sillones de descanso est\u00e1n dise\u00f1ados para ajustarse a tus necesidades y maximizar tu confort.<\/p>\n<p>Si est\u00e1s interesado en adquirir un sill\u00f3n relax, te invitamos a visitar nuestra tienda en Miguel Servet o la calle Pablo Ruiz Picasso. Nuestro equipo estar\u00e1 encantado de asesorarte y ayudarte a elegir el modelo que mejor se adapte a tus necesidades. Si no, tambi\u00e9n puedes pedirnos un proyecto personalizado.<\/p>\n<p>Con nuestros modelos tendr\u00e1s:<\/p>\n<ul>\n<li>Un dise\u00f1o adaptado a tu espacio. Compactos para salones peque\u00f1os, o modelos reclinables para zonas m\u00e1s amplias.<\/li>\n<li>Funcionalidades extra. Sillones con masajeador, reposapi\u00e9s extensible&#8230;<\/li>\n<li>Materiales de calidad que aseguran que tu sill\u00f3n relax va a durar a\u00f1os.<\/li>\n<li>Dise\u00f1os ergon\u00f3micos pensados para la salud de tu espalda y una postura correcta.<\/li>\n<li>Desde tapicer\u00edas de tela resistente, hasta acabados de cuero.<\/li>\n<\/ul>\n<p>[\/vc_column_text][vc_btn title=\u00bbSolicita tu proyecto personalizado\u00bb style=\u00bbcustom\u00bb custom_background=\u00bb#ffa400&#8243; custom_text=\u00bb#ffffff\u00bb shape=\u00bbsquare\u00bb align=\u00bbcenter\u00bb css_animation=\u00bbnone\u00bb css=\u00bb.vc_custom_1721118184816{padding-right: 20px !important;}\u00bb link=\u00bburl:https%3A%2F%2Fwww.mueblesnebra.com%2Fsofas-en-zaragoza%2Fsolicitar-proyecto%2F\u00bb][vc_empty_space height=\u00bb100px\u00bb][\/vc_column][vc_column width=\u00bb2\/3&#8243;][vc_single_image image=\u00bb297&#8243; img_size=\u00bb1200&#215;800&#8243; alignment=\u00bbcenter\u00bb css=\u00bb\u00bb][\/vc_column][\/vc_row][vc_row][vc_column][vc_empty_space height=\u00bb50px\u00bb][\/vc_column][\/vc_row][vc_row full_width=\u00bbstretch_row_content_no_spaces\u00bb][vc_column width=\u00bb2\/3&#8243;][vc_single_image image=\u00bb296&#8243; img_size=\u00bb1200&#215;800&#8243; alignment=\u00bbcenter\u00bb][\/vc_column][vc_column width=\u00bb1\/3&#8243;][vc_column_text css=\u00bb.vc_custom_1733133835063{padding-right: 50px !important;padding-left: 50px !important;}\u00bb]<\/p>\n<h3 style=\"text-align: left;\"><strong><span style=\"color: #ff9900; font-size: 24pt;\">\u00bfQu\u00e9 tipos de sillones relax tenemos?<\/span><\/strong><\/h3>\n<p>[\/vc_column_text][vc_column_text css=\u00bb.vc_custom_1766493134713{padding-right: 50px !important;padding-left: 50px !important;}\u00bb]<\/p>\n<ol>\n<li><strong>Sillones relax manuales<\/strong>. Opci\u00f3n cl\u00e1sica para quienes buscan comodidad sin complicaciones. Con un simple movimiento, puedes ajustar la posici\u00f3n del respaldo y el reposapi\u00e9s. Los manuales son ideales para quienes prefieren un dise\u00f1o sencillo pero funcional, con un <strong>mecanismo f\u00e1cil de usar, dise\u00f1o compacto y vers\u00e1til, y gran variedad de colores<\/strong> y estilos.<\/li>\n<li><strong>El\u00e9ctricos<\/strong>. Si buscas el m\u00e1ximo lujo y comodidad, los sillones el\u00e9ctricos son perfectos. Estos modelos permiten ajustar cada parte del sill\u00f3n con solo pulsar un bot\u00f3n. Lo que m\u00e1s destaca es el control remoto para ajustes m\u00e1s precisos, posiciones personalizables, y funciones extra, como el masaje.<\/li>\n<li><strong>Sillones de descanso y relax para mayores<\/strong>. Dise\u00f1ados pensando en las necesidades de las personas mayores o con movilidad reducida. Incorporan funciones espec\u00edficas como el sistema \u00ablevanta personas\u00bb, que facilita el proceso de sentarse y levantarse. Lo que m\u00e1s destaca es la <strong>seguridad y estabilidad,<\/strong> tapicer\u00edas <strong>antideslizantes<\/strong>, y que tienen motores silenciosos y de bajo consumo.<\/li>\n<\/ol>\n<p>[\/vc_column_text][vc_btn title=\u00bbNuestra tienda virtual\u00bb style=\u00bbcustom\u00bb custom_background=\u00bb#ffa400&#8243; custom_text=\u00bb#ffffff\u00bb shape=\u00bbsquare\u00bb align=\u00bbcenter\u00bb css_animation=\u00bbnone\u00bb css=\u00bb.vc_custom_1724764966942{padding-right: 20px !important;}\u00bb link=\u00bburl:https%3A%2F%2Fmy.matterport.com%2Fshow%2F%3Fm%3Dp4NuWtmXVXV\u00bb][vc_empty_space height=\u00bb100px\u00bb][\/vc_column][\/vc_row][vc_row][vc_column][vc_empty_space height=\u00bb50px\u00bb][\/vc_column][\/vc_row][vc_row full_width=\u00bbstretch_row_content\u00bb][vc_column width=\u00bb1\/6&#8243;][\/vc_column][vc_column width=\u00bb2\/3&#8243;][vc_column_text css=\u00bb.vc_custom_1733134146528{padding-right: 50px !important;padding-left: 50px !important;}\u00bb]<\/p>\n<h2 style=\"text-align: center;\"><span style=\"color: #ff9900; font-size: 24pt;\">\u00bfPor qu\u00e9 comprar nuestros sillones relax en Zaragoza?<\/span><\/h2>\n<p>[\/vc_column_text][vc_column_text css=\u00bb\u00bb]Elegir un sill\u00f3n relax en Zaragoza no solo significa adquirir un mueble, sino tambi\u00e9n disfrutar de una experiencia de compra \u00fanica. Por eso, con Muebles Nebra tienes:<\/p>\n<ol>\n<li><strong>Una atenci\u00f3n personalizada<\/strong>. Nuestro equipo de expertos te ayudar\u00e1 a elegir el sill\u00f3n que mejor se adapte a tus necesidades.<\/li>\n<li><strong>Variedad de modelo<\/strong>.<\/li>\n<li><strong>Entrega r\u00e1pida<\/strong>. Nos aseguramos de que tu nuevo sill\u00f3n llegue a tu hogar en el menor tiempo posible.<\/li>\n<li><strong>Calidad asegurada<\/strong>.<\/li>\n<\/ol>\n<p>Si est\u00e1s buscando otros muebles, quiz\u00e1 te interesen estos:[\/vc_column_text][vc_row_inner][vc_column_inner width=\u00bb1\/3&#8243;][vc_btn title=\u00bbSillones masaje y calor lumbar\u00bb style=\u00bbcustom\u00bb custom_background=\u00bb#ffa400&#8243; custom_text=\u00bb#ffffff\u00bb shape=\u00bbsquare\u00bb align=\u00bbcenter\u00bb css_animation=\u00bbnone\u00bb css=\u00bb.vc_custom_1733145951487{padding-right: 20px !important;}\u00bb link=\u00bburl:https%3A%2F%2Fwww.mueblesnebra.com%2Fsofas-en-zaragoza%2Fsillones%2Frelax%2Fmasaje-y-calor-lumbar%2F\u00bb][\/vc_column_inner][vc_column_inner width=\u00bb1\/3&#8243;][vc_btn title=\u00bbSillones relax reclinables\u00bb style=\u00bbcustom\u00bb custom_background=\u00bb#ffa400&#8243; custom_text=\u00bb#ffffff\u00bb shape=\u00bbsquare\u00bb align=\u00bbcenter\u00bb css_animation=\u00bbnone\u00bb css=\u00bb.vc_custom_1738059357864{padding-right: 20px !important;}\u00bb link=\u00bburl:https%3A%2F%2Fwww.mueblesnebra.com%2Fsofas-en-zaragoza%2Fsillones%2Frelax%2Freclinables%2F\u00bb][\/vc_column_inner][vc_column_inner width=\u00bb1\/3&#8243;][vc_btn title=\u00bbSillones orejeros\u00bb style=\u00bbcustom\u00bb custom_background=\u00bb#ffa400&#8243; custom_text=\u00bb#ffffff\u00bb shape=\u00bbsquare\u00bb align=\u00bbcenter\u00bb css_animation=\u00bbnone\u00bb css=\u00bb.vc_custom_1733145984115{padding-right: 20px !important;}\u00bb link=\u00bburl:https%3A%2F%2Fwww.mueblesnebra.com%2Fsofas-en-zaragoza%2Fsillones%2Forejeros%2F\u00bb][\/vc_column_inner][\/vc_row_inner][vc_row_inner][vc_column_inner width=\u00bb1\/2&#8243;][vc_btn title=\u00bbSillones relax viscoel\u00e1sticos\u00bb style=\u00bbcustom\u00bb custom_background=\u00bb#ffa400&#8243; custom_text=\u00bb#ffffff\u00bb shape=\u00bbsquare\u00bb align=\u00bbcenter\u00bb css_animation=\u00bbnone\u00bb css=\u00bb.vc_custom_1738072123385{padding-right: 20px !important;}\u00bb link=\u00bburl:https%3A%2F%2Fwww.mueblesnebra.com%2Fsofas-en-zaragoza%2Fsillones%2Frelax%2Fviscoelasticos%2F\u00bb][\/vc_column_inner][vc_column_inner width=\u00bb1\/2&#8243;][vc_btn title=\u00bbSillones relax modernos\u00bb style=\u00bbcustom\u00bb custom_background=\u00bb#ffa400&#8243; custom_text=\u00bb#ffffff\u00bb shape=\u00bbsquare\u00bb align=\u00bbcenter\u00bb css_animation=\u00bbnone\u00bb css=\u00bb.vc_custom_1738072137424{padding-right: 20px !important;}\u00bb link=\u00bburl:https%3A%2F%2Fwww.mueblesnebra.com%2Fsofas-en-zaragoza%2Fsillones%2Frelax%2Fmodernos%2F\u00bb][\/vc_column_inner][\/vc_row_inner][vc_empty_space height=\u00bb20px\u00bb][vc_column_text css=\u00bb.vc_custom_1733134288464{padding-right: 50px !important;padding-left: 50px !important;}\u00bb]<\/p>\n<p style=\"text-align: center;\"><strong><span style=\"color: #ff9900; font-size: 24pt;\">Preguntas frecuentes<\/span><\/strong><\/p>\n<p>[\/vc_column_text][vc_tta_accordion section_title_tag=\u00bbh2&#8243; active_section=\u00bb2000000000000&#8243; collapsible_all=\u00bbtrue\u00bb][vc_tta_section title=\u00bb\u00bfC\u00f3mo elijo el mejor sill\u00f3n de descanso para m\u00ed?\u00bb tab_id=\u00bb1733134261090-c02f7d39-1b87&#8243;][vc_column_text css=\u00bb\u00bb]A la hora de elegir el mejor sill\u00f3n para tu hogar, ten en cuenta los siguientes aspectos:<\/p>\n<ol>\n<li><strong>Espacio disponible:<\/strong> Mide tu sal\u00f3n o habitaci\u00f3n para asegurarte de que el sill\u00f3n se ajuste perfectamente. Si no luego, tendr\u00e1s que devolver el sill\u00f3n, lo que da bastante pereza.<\/li>\n<li><strong>Frecuencia de uso:<\/strong> Si planeas usarlo diariamente, elige materiales resistentes y f\u00e1ciles de limpiar.<\/li>\n<li><strong>Estilo personal:<\/strong> Combina el dise\u00f1o del sill\u00f3n con la decoraci\u00f3n de tu hogar para lograr un ambiente equilibrado.<\/li>\n<\/ol>\n<p>Adem\u00e1s, si vas a comprar un sill\u00f3n, aunque sea en nuestra tienda, te recomendamos que siempre lo pruebes antes:<\/p>\n<ul>\n<li>Si\u00e9ntate y verifica que el respaldo apoye adecuadamente tu espalda.<\/li>\n<li>Prueba el sistema de reclinaci\u00f3n (manual o el\u00e9ctrico) para asegurarte de que sea c\u00f3modo y f\u00e1cil de usar.<\/li>\n<li>Eval\u00faa la textura de la tapicer\u00eda para garantizar que sea agradable al tacto.<\/li>\n<\/ul>\n<p>[\/vc_column_text][\/vc_tta_section][vc_tta_section title=\u00bb\u00bfEs posible probar los sillones en la tienda?\u00bb tab_id=\u00bb1733134261107-de3a487a-9a05&#8243;][vc_column_text css=\u00bb\u00bb]\u00a1Por supuesto! Te invitamos a visitar cualquiera de <strong><a href=\"https:\/\/www.mueblesnebra.com\/nuestras-tiendas\/\">nuestras dos tiendas<\/a><\/strong> para probar los modelos disponibles y sentir la comodidad de primera mano.[\/vc_column_text][\/vc_tta_section][vc_tta_section title=\u00bb\u00bfQu\u00e9 diferencias hay entre un sill\u00f3n relax y un sill\u00f3n normal?\u00bb tab_id=\u00bb1733134692820-dd1872d5-1a1b\u00bb][vc_column_text]Un <strong>sill\u00f3n relax<\/strong> se diferencia de un sill\u00f3n normal principalmente por su dise\u00f1o y funcionalidades orientadas al confort y la ergonom\u00eda. Estas son las principales diferencias:<\/p>\n<ol>\n<li><strong>Reclinaci\u00f3n ajustable:<\/strong>\n<ul>\n<li>Los sillones relax permiten ajustar el respaldo y el reposapi\u00e9s para adoptar diferentes posiciones, desde sentarse erguido hasta reclinarse completamente.<\/li>\n<li>Un sill\u00f3n normal suele ser est\u00e1tico, sin opciones de reclinaci\u00f3n.<\/li>\n<\/ul>\n<\/li>\n<li><strong>Funciones adicionales:<\/strong>\n<ul>\n<li>Muchos sillones relax incluyen caracter\u00edsticas avanzadas como masajes, calefacci\u00f3n o sistemas el\u00e9ctricos para facilitar el movimiento.<\/li>\n<li>Los sillones normales carecen de estas opciones.<\/li>\n<\/ul>\n<\/li>\n<li><strong>Ergonom\u00eda:<\/strong>\n<ul>\n<li>Los sillones relax est\u00e1n dise\u00f1ados para proporcionar soporte adecuado a la espalda, cuello y piernas, reduciendo la tensi\u00f3n muscular.<\/li>\n<li>Los sillones normales suelen tener un enfoque m\u00e1s est\u00e9tico que funcional.<\/li>\n<\/ul>\n<\/li>\n<li><strong>Versatilidad:<\/strong>\n<ul>\n<li>Un sill\u00f3n relax puede transformarse para diferentes usos: lectura, descanso, ver televisi\u00f3n o incluso dormir.<\/li>\n<li>Un sill\u00f3n normal tiene un uso m\u00e1s limitado y convencional.<\/li>\n<\/ul>\n<\/li>\n<\/ol>\n<p>[\/vc_column_text][\/vc_tta_section][\/vc_tta_accordion][\/vc_column][vc_column width=\u00bb1\/6&#8243;][\/vc_column][\/vc_row]<\/p>\n<\/div>","protected":false},"excerpt":{"rendered":"<p>[vc_row full_width=\u00bbstretch_row_content\u00bb css_animation=\u00bbnone\u00bb css=\u00bb.vc_custom_1733133325108{margin-bottom: 0px !important;padding-bottom: 0px !important;background-image: url(http:\/\/www.mueblesnebra.com\/sofas-en-zaragoza\/wp-content\/uploads\/sites\/2\/2024\/12\/tu-tienda-de-sillones-relax.webp?id=298) !important;background-position: center !important;background-repeat: no-repeat !important;background-size: cover !important;}\u00bb][vc_column][vc_empty_space height=\u00bb100px\u00bb][vc_empty_space height=\u00bb150px\u00bb el_class=\u00bbdisplay-none\u00bb][vc_row_inner gap=\u00bb35&#8243; css=\u00bb.vc_custom_1718355471939{padding-right: 5px !important;padding-left: 5px !important;}\u00bb][vc_column_inner width=\u00bb1\/6&#8243;][\/vc_column_inner][vc_column_inner width=\u00bb2\/3&#8243;][vc_column_text css=\u00bb.vc_custom_1766491805080{margin-right: 10px !important;margin-left: 10px !important;}\u00bb] Sillones Relax en Zaragoza \u00bfNecesitas sillones relax en Zaragoza? Muebles Nebra es tu lugar.\u00a0Amplia variedad de sillones de descanso dise\u00f1ados para proporcionar la [&hellip;]<\/p>\n","protected":false},"author":395,"featured_media":0,"parent":223,"menu_order":0,"comment_status":"closed","ping_status":"closed","template":"","meta":{"_genesis_hide_title":false,"_genesis_hide_breadcrumbs":false,"_genesis_hide_singular_image":false,"_genesis_hide_footer_widgets":false,"_genesis_custom_body_class":"","_genesis_custom_post_class":"","_genesis_layout":"","footnotes":""},"class_list":{"0":"post-289","1":"page","2":"type-page","3":"status-publish","5":"entry"},"_links":{"self":[{"href":"https:\/\/www.mueblesnebra.com\/sofas-en-zaragoza\/wp-json\/wp\/v2\/pages\/289","targetHints":{"allow":["GET"]}}],"collection":[{"href":"https:\/\/www.mueblesnebra.com\/sofas-en-zaragoza\/wp-json\/wp\/v2\/pages"}],"about":[{"href":"https:\/\/www.mueblesnebra.com\/sofas-en-zaragoza\/wp-json\/wp\/v2\/types\/page"}],"author":[{"embeddable":true,"href":"https:\/\/www.mueblesnebra.com\/sofas-en-zaragoza\/wp-json\/wp\/v2\/users\/395"}],"replies":[{"embeddable":true,"href":"https:\/\/www.mueblesnebra.com\/sofas-en-zaragoza\/wp-json\/wp\/v2\/comments?post=289"}],"version-history":[{"count":24,"href":"https:\/\/www.mueblesnebra.com\/sofas-en-zaragoza\/wp-json\/wp\/v2\/pages\/289\/revisions"}],"predecessor-version":[{"id":15547,"href":"https:\/\/www.mueblesnebra.com\/sofas-en-zaragoza\/wp-json\/wp\/v2\/pages\/289\/revisions\/15547"}],"up":[{"embeddable":true,"href":"https:\/\/www.mueblesnebra.com\/sofas-en-zaragoza\/wp-json\/wp\/v2\/pages\/223"}],"wp:attachment":[{"href":"https:\/\/www.mueblesnebra.com\/sofas-en-zaragoza\/wp-json\/wp\/v2\/media?parent=289"}],"curies":[{"name":"wp","href":"https:\/\/api.w.org\/{rel}","templated":true}]}}