{"id":28,"date":"2024-01-31T13:13:50","date_gmt":"2024-01-31T12:13:50","guid":{"rendered":"https:\/\/www.mueblesnebra.com\/sofas-en-zaragoza\/?page_id=28"},"modified":"2024-06-14T12:48:26","modified_gmt":"2024-06-14T10:48:26","slug":"politica-de-privacidad","status":"publish","type":"page","link":"https:\/\/www.mueblesnebra.com\/sofas-en-zaragoza\/politica-de-privacidad\/","title":{"rendered":"Pol\u00edtica de privacidad"},"content":{"rendered":"<div class=\"wpb-content-wrapper\"><p>[vc_row full_width=\u00bbstretch_row_content_no_spaces\u00bb content_text_aligment=\u00bb\u00bb use_row_as_full_screen_section=\u00bbno\u00bb css=\u00bb.vc_custom_1706703171660{padding-top: 60px !important;padding-bottom: 30px !important;}\u00bb][vc_column][vc_column_text]<\/p>\n<h4 style=\"text-align: center;\"><span style=\"color: #e1a12d;\"><strong>Pol\u00edtica de Privacidad<\/strong>\u00a0<\/span><\/h4>\n<p>[\/vc_column_text][\/vc_column][\/vc_row][vc_row full_width=\u00bbstretch_row_content_no_spaces\u00bb gap=\u00bb35&#8243; content_text_aligment=\u00bb\u00bb use_row_as_full_screen_section=\u00bbno\u00bb css=\u00bb.vc_custom_1706703177437{padding-top: 60px !important;padding-bottom: 30px !important;}\u00bb][vc_column width=\u00bb1\/6&#8243;][\/vc_column][vc_column width=\u00bb2\/3&#8243;][vc_column_text]<\/p>\n<p class=\"p1\" style=\"text-align: justify;\"><span style=\"color: #545454;\"><strong>\u2028Responsable del Fichero<\/strong><br \/>\nMuebles Nebra (en adelante Muebles Nebra) con domicilio de contacto sito en C\/ Miguel Servet 66 &#8211; 50013 Zaragoza, Tel\u00e9fono +(34) 976.415.810 y direcci\u00f3n de email info@vivareanebra.es, es el responsable de los ficheros en los que se incluir\u00e1n los datos personales recogidos y tratados desde esta p\u00e1gina web. Estos ficheros se encuentran debidamente inscritos en el Registro General de Protecci\u00f3n de Datos de la Agencia Espa\u00f1ola de Protecci\u00f3n de Datos.<\/span><\/p>\n<p class=\"p1\" style=\"text-align: justify;\"><span style=\"color: #545454;\"><strong>Recogida de Datos<\/strong><br \/>\nMuebles Nebra \u00fanicamente recoge los datos de car\u00e1cter personal que nos proporcione a trav\u00e9s de los formularios incluidos en la p\u00e1gina web y nuestras direcciones de correo electr\u00f3nico.<\/span><\/p>\n<p class=\"p1\" style=\"text-align: justify;\"><span style=\"color: #545454;\"><strong>Usos y Finalidades de los Datos Recogidos<\/strong><br \/>\nEn www.vivareanebra.com se recogen los datos de car\u00e1cter personal con las finalidades que se detallan a continuaci\u00f3n, si no est\u00e1 conforme con alguna de ellas puede comunicarlo a la direcci\u00f3n de email info@vivareanebra.com.<\/span><\/p>\n<p class=\"p1\" style=\"text-align: justify;\"><span style=\"color: #545454;\">Los usos y finalidades son:<\/span><\/p>\n<p class=\"p1\" style=\"text-align: justify;\"><span style=\"color: #545454;\">Env\u00edo de Informaci\u00f3n.<br \/>\nMuebles Nebra emplear\u00e1 los datos personales que nos proporcione con la finalidad de responder a las solicitudes de informaci\u00f3n que nos env\u00ede. La informaci\u00f3n introducida en los formularios o correos electr\u00f3nicos de contacto se emplear\u00e1 adem\u00e1s, para enviarle por correo electr\u00f3nico informaci\u00f3n sobre nuestros productos y servicios. Los usuarios que no desean recibir este tipo de informaci\u00f3n pueden comunicarlo a la direcci\u00f3n de correo electr\u00f3nico a info@vivareanebra.es.<\/span><\/p>\n<p class=\"p1\" style=\"text-align: justify;\"><span style=\"color: #545454;\"><strong>Comunicaci\u00f3n de Datos a Terceros<\/strong><br \/>\nMuebles Nebra, no tiene previsto revelar sus datos personales a terceros, salvo en los supuestos en los que una norma legal as\u00ed lo establezca (administraciones p\u00fablicas, autoridades administrativas o judiciales\u2026 Etc.)<\/span><\/p>\n<p class=\"p1\" style=\"text-align: justify;\"><span style=\"color: #545454;\"><strong>Ejercicio de Derechos<\/strong><br \/>\nEn cualquier momento podr\u00e1 ejercer los Derechos de acceso, rectificaci\u00f3n, cancelaci\u00f3n y oposici\u00f3n mediante el env\u00edo de la solicitud de ejercicio correspondiente junto con copia del documento oficial que le identifique (DNI, carnet de conducir o pasaporte) a la direcci\u00f3n de correo electr\u00f3nico info@vivareanebra.es.<\/span><\/p>\n<p>[\/vc_column_text][\/vc_column][vc_column width=\u00bb1\/6&#8243;][\/vc_column][\/vc_row]<\/p>\n<\/div>","protected":false},"excerpt":{"rendered":"<p>[vc_row full_width=\u00bbstretch_row_content_no_spaces\u00bb content_text_aligment=\u00bb\u00bb use_row_as_full_screen_section=\u00bbno\u00bb css=\u00bb.vc_custom_1706703171660{padding-top: 60px !important;padding-bottom: 30px !important;}\u00bb][vc_column][vc_column_text] Pol\u00edtica de Privacidad\u00a0 [\/vc_column_text][\/vc_column][\/vc_row][vc_row full_width=\u00bbstretch_row_content_no_spaces\u00bb gap=\u00bb35&#8243; content_text_aligment=\u00bb\u00bb use_row_as_full_screen_section=\u00bbno\u00bb css=\u00bb.vc_custom_1706703177437{padding-top: 60px !important;padding-bottom: 30px !important;}\u00bb][vc_column width=\u00bb1\/6&#8243;][\/vc_column][vc_column width=\u00bb2\/3&#8243;][vc_column_text] \u2028Responsable del Fichero Muebles Nebra (en adelante Muebles Nebra) con domicilio de contacto sito en C\/ Miguel Servet 66 &#8211; 50013 Zaragoza, Tel\u00e9fono +(34) 976.415.810 y direcci\u00f3n de email info@vivareanebra.es, es [&hellip;]<\/p>\n","protected":false},"author":395,"featured_media":0,"parent":0,"menu_order":0,"comment_status":"closed","ping_status":"closed","template":"","meta":{"_genesis_hide_title":false,"_genesis_hide_breadcrumbs":false,"_genesis_hide_singular_image":false,"_genesis_hide_footer_widgets":false,"_genesis_custom_body_class":"","_genesis_custom_post_class":"","_genesis_layout":"","footnotes":""},"class_list":{"0":"post-28","1":"page","2":"type-page","3":"status-publish","5":"entry"},"_links":{"self":[{"href":"https:\/\/www.mueblesnebra.com\/sofas-en-zaragoza\/wp-json\/wp\/v2\/pages\/28","targetHints":{"allow":["GET"]}}],"collection":[{"href":"https:\/\/www.mueblesnebra.com\/sofas-en-zaragoza\/wp-json\/wp\/v2\/pages"}],"about":[{"href":"https:\/\/www.mueblesnebra.com\/sofas-en-zaragoza\/wp-json\/wp\/v2\/types\/page"}],"author":[{"embeddable":true,"href":"https:\/\/www.mueblesnebra.com\/sofas-en-zaragoza\/wp-json\/wp\/v2\/users\/395"}],"replies":[{"embeddable":true,"href":"https:\/\/www.mueblesnebra.com\/sofas-en-zaragoza\/wp-json\/wp\/v2\/comments?post=28"}],"version-history":[{"count":2,"href":"https:\/\/www.mueblesnebra.com\/sofas-en-zaragoza\/wp-json\/wp\/v2\/pages\/28\/revisions"}],"predecessor-version":[{"id":76,"href":"https:\/\/www.mueblesnebra.com\/sofas-en-zaragoza\/wp-json\/wp\/v2\/pages\/28\/revisions\/76"}],"wp:attachment":[{"href":"https:\/\/www.mueblesnebra.com\/sofas-en-zaragoza\/wp-json\/wp\/v2\/media?parent=28"}],"curies":[{"name":"wp","href":"https:\/\/api.w.org\/{rel}","templated":true}]}}