{"id":223,"date":"2024-08-28T08:16:34","date_gmt":"2024-08-28T06:16:34","guid":{"rendered":"https:\/\/www.mueblesnebra.com\/sofas-en-zaragoza\/?page_id=223"},"modified":"2024-12-02T14:45:49","modified_gmt":"2024-12-02T13:45:49","slug":"sillones","status":"publish","type":"page","link":"https:\/\/www.mueblesnebra.com\/sofas-en-zaragoza\/sillones\/","title":{"rendered":"Sillones"},"content":{"rendered":"<div class=\"wpb-content-wrapper\"><p>[vc_row full_width=\u00bbstretch_row_content\u00bb css_animation=\u00bbfadeIn\u00bb css=\u00bb.vc_custom_1724762806375{margin-bottom: 0px !important;padding-bottom: 0px !important;background-image: url(http:\/\/www.mueblesnebra.com\/sofas-en-zaragoza\/wp-content\/uploads\/sites\/2\/2024\/08\/nuestros-sillones-al-estilo-nordico.webp?id=226) !important;background-position: center !important;background-repeat: no-repeat !important;background-size: cover !important;}\u00bb][vc_column][vc_empty_space height=\u00bb100px\u00bb][vc_empty_space height=\u00bb150px\u00bb el_class=\u00bbdisplay-none\u00bb][vc_row_inner gap=\u00bb35&#8243; css=\u00bb.vc_custom_1718355471939{padding-right: 5px !important;padding-left: 5px !important;}\u00bb][vc_column_inner width=\u00bb1\/6&#8243;][\/vc_column_inner][vc_column_inner width=\u00bb2\/3&#8243;][vc_column_text css=\u00bb.vc_custom_1724763177895{margin-right: 10px !important;margin-left: 10px !important;}\u00bb]<\/p>\n<h1 style=\"text-align: center;\"><strong><span style=\"color: #ffffff; text-shadow: 4px 4px 4px #333;\">Tienda de sillones en Zaragoza<\/span><\/strong><\/h1>\n<p style=\"text-align: center;\"><strong><span style=\"color: #ffffff; text-shadow: 4px 4px 4px #333;\">\u00bfBuscando un sill\u00f3n confort de calidad en Zaragoza? P\u00e1sate por nuestra tienda de sillones y descubre toda nuestra variedad.\u00a0 Disponemos de bastantes modelos de sillones y sof\u00e1s, as\u00ed podr\u00e1s elegir el que m\u00e1s te guste. Si necesitas nuestra ayuda, \u00a1S\u00f3lo tendr\u00e1s que preguntarnos!<\/span><\/strong><\/p>\n<p>[\/vc_column_text][vc_empty_space height=\u00bb100px\u00bb el_class=\u00bbdisplay-none\u00bb][vc_btn title=\u00bbCAT\u00c1LOGO DE SOF\u00c1S\u00bb style=\u00bbcustom\u00bb custom_background=\u00bb#ffa400&#8243; custom_text=\u00bb#ffffff\u00bb shape=\u00bbsquare\u00bb align=\u00bbcenter\u00bb css_animation=\u00bbnone\u00bb link=\u00bburl:https%3A%2F%2Fwww.mueblesnebra.com%2Fsofas-en-zaragoza%2Fcatalogo-sofas%2F\u00bb css=\u00bb.vc_custom_1721116678828{padding-right: 20px !important;}\u00bb][\/vc_column_inner][vc_column_inner width=\u00bb1\/6&#8243;][\/vc_column_inner][\/vc_row_inner][vc_empty_space height=\u00bb150px\u00bb el_class=\u00bbdisplay-none\u00bb][vc_empty_space height=\u00bb100px\u00bb][\/vc_column][\/vc_row][vc_row full_width=\u00bbstretch_row_content\u00bb][vc_column][vc_row_inner][vc_column_inner width=\u00bb2\/4&#8243;][vc_column_text]<\/p>\n<p style=\"text-align: left;\"><nav aria-label=\"breadcrumbs\" class=\"rank-math-breadcrumb\"><p><span class=\"last\">Inicio<\/span><\/p><\/nav><\/p>\n<p>[\/vc_column_text][\/vc_column_inner][vc_column_inner width=\u00bb1\/4&#8243;][\/vc_column_inner][vc_column_inner width=\u00bb1\/4&#8243;][\/vc_column_inner][\/vc_row_inner][vc_column_text css=\u00bb.vc_custom_1724764593267{padding-right: 50px !important;padding-left: 50px !important;}\u00bb]<\/p>\n<h2 style=\"text-align: center;\"><span style=\"color: #ff9900; font-size: 24pt;\">Sillones confort \u00fanicos<\/span><\/h2>\n<p>[\/vc_column_text][\/vc_column][\/vc_row][vc_row full_width=\u00bbstretch_row_content_no_spaces\u00bb css=\u00bb.vc_custom_1721117250766{margin-bottom: 0px !important;padding-bottom: 0px !important;}\u00bb][vc_column width=\u00bb1\/3&#8243;][vc_column_text css=\u00bb.vc_custom_1724763323565{padding-right: 50px !important;padding-left: 50px !important;}\u00bb]<\/p>\n<h2 style=\"text-align: left;\"><span style=\"color: #ff9900; font-size: 24pt;\">Sillones Zaragoza de calidad<\/span><\/h2>\n<p>[\/vc_column_text][vc_column_text css=\u00bb.vc_custom_1724764365355{padding-right: 50px !important;padding-left: 50px !important;}\u00bb]La comodidad y calidad debe ir por delante de cualquier otra cualidad. Por eso hemos desarrollado nuestra propia l\u00ednea de sillones confort. Todos nuestros modelos est\u00e1n dise\u00f1ados pensando en tu bienestar. Disponemos de sillones reclinables, sillones con funci\u00f3n de masaje, y modelos ergon\u00f3micos que se adaptan perfectamente a tu cuerpo.<\/p>\n<p>La calidad de los materiales es una de nuestras prioridades. Trabajamos con los mejores fabricantes. Si te pasas por nuestra tienda de sillones en Zaragoza, \u00a1lo descubrir\u00e1s t\u00fa mismo!<\/p>\n<p>Adem\u00e1s, tambi\u00e9n te podemos ofrecer un proyecto personalizado si necesitas algo muy concreto, no importa si eres particular o profesional del sector.[\/vc_column_text][vc_btn title=\u00bbSolicita tu proyecto personalizado\u00bb style=\u00bbcustom\u00bb custom_background=\u00bb#ffa400&#8243; custom_text=\u00bb#ffffff\u00bb shape=\u00bbsquare\u00bb align=\u00bbcenter\u00bb css_animation=\u00bbnone\u00bb link=\u00bburl:https%3A%2F%2Fwww.mueblesnebra.com%2Fsofas-en-zaragoza%2Fsolicitar-proyecto%2F\u00bb css=\u00bb.vc_custom_1721118184816{padding-right: 20px !important;}\u00bb][vc_empty_space height=\u00bb100px\u00bb][\/vc_column][vc_column width=\u00bb2\/3&#8243;][vc_single_image image=\u00bb229&#8243; img_size=\u00bb1366\u00d7768&#8243; alignment=\u00bbcenter\u00bb][\/vc_column][\/vc_row][vc_row][vc_column][vc_empty_space height=\u00bb50px\u00bb][\/vc_column][\/vc_row][vc_row full_width=\u00bbstretch_row_content_no_spaces\u00bb][vc_column width=\u00bb2\/3&#8243;][vc_single_image image=\u00bb232&#8243; img_size=\u00bb1366\u00d7768&#8243; alignment=\u00bbcenter\u00bb][\/vc_column][vc_column width=\u00bb1\/3&#8243;][vc_column_text css=\u00bb.vc_custom_1724764606089{padding-right: 50px !important;padding-left: 50px !important;}\u00bb]<\/p>\n<h2 style=\"text-align: left;\"><span style=\"color: #ff9900; font-size: 24pt;\">Nuestra amplia gama de sillones en Zaragoza<\/span><\/h2>\n<p>[\/vc_column_text][vc_column_text css=\u00bb.vc_custom_1724824934150{padding-right: 50px !important;padding-left: 50px !important;}\u00bb]Normal que no te convenza cualquier sill\u00f3n confort que veas. No s\u00f3lo importa que el sill\u00f3n sea de calidad, tambi\u00e9n se tiene que adaptar a lo que a t\u00fa buscas. \u00bfQu\u00e9 te puedes encontrar entre nuestros modelos m\u00e1s populares? Aqu\u00ed tienes:<\/p>\n<ol>\n<li>Sillones reclinables, para los que busc\u00e1is relajaros despu\u00e9s de un largo d\u00eda fuera de casa. Estos sillones permiten ajustar la inclinaci\u00f3n del respaldo y el reposapi\u00e9s, ofreciendo una postura muy buena que alivia la tensi\u00f3n en la espalda y las piernas.<\/li>\n<li>Sillones Zaragoza ergon\u00f3micos. Especialmente pensados para personas que pasan mucho tiempo sentadas. . Se adaptan a vuestro cuerpo, por lo que son perfectos para vuestra espalda baja, y cuello, lo que ayuda a mantener una postura correcta.<\/li>\n<li>Sillones cl\u00e1sicos. Elegancia, y comodidad. Disponibles en buena variedad de telas y colores, para que se adapten a vuestros estilos de decoraci\u00f3n.<\/li>\n<li>Sillones modernos. Si prefieres algo m\u00e1s moderno, como un sill\u00f3n confort n\u00f3rdico, tambi\u00e9n los tenemos. Destacan por sus l\u00edneas limpias.<\/li>\n<\/ol>\n<p>[\/vc_column_text][vc_btn title=\u00bbNuestra tienda virtual\u00bb style=\u00bbcustom\u00bb custom_background=\u00bb#ffa400&#8243; custom_text=\u00bb#ffffff\u00bb shape=\u00bbsquare\u00bb align=\u00bbcenter\u00bb css_animation=\u00bbnone\u00bb link=\u00bburl:https%3A%2F%2Fmy.matterport.com%2Fshow%2F%3Fm%3Dp4NuWtmXVXV\u00bb css=\u00bb.vc_custom_1724764966942{padding-right: 20px !important;}\u00bb][vc_empty_space height=\u00bb100px\u00bb][\/vc_column][\/vc_row][vc_row][vc_column][vc_empty_space height=\u00bb50px\u00bb][\/vc_column][\/vc_row][vc_row full_width=\u00bbstretch_row_content\u00bb][vc_column width=\u00bb1\/6&#8243;][\/vc_column][vc_column width=\u00bb2\/3&#8243;][vc_column_text css=\u00bb.vc_custom_1724825311113{padding-right: 50px !important;padding-left: 50px !important;}\u00bb]<\/p>\n<h3 style=\"text-align: center;\"><span style=\"color: #ff9900; font-size: 24pt;\">Ventajas de comprar en nuestra tienda de sillones en Zaragoza<\/span><\/h3>\n<p>[\/vc_column_text][vc_column_text]<\/p>\n<ol>\n<li>Si te pasas por nuestra tienda, encontrar\u00e1s una amplia gama de sillones confort, para adaptarnos a todos los gustos. Sill\u00f3n cl\u00e1sico, moderno, reclinable, siempre vamos a tener alg\u00fan modelo para ti.<\/li>\n<li>Si algo te podemos garantizar siempre, es la calidad de nuestro producto. Nuestros sillones en Zaragoza est\u00e1n fabricados solamente con los mejores materiales, para daros un mobiliario que dure el mayor tiempo posible.<\/li>\n<li>En nuestra tienda de sillones en Zaragoza, fabricamos sillones a medida para que encuentres si o si, lo que buscas.<\/li>\n<li>Sabemos que se puede complicar la elecci\u00f3n de tu sill\u00f3n confort, por eso, ponemos a vuestra disposici\u00f3n nuestro asesoramiento. Escuchamos tus necesidades y te ayudamos a encontrar el sill\u00f3n que mejor se adapta a tu espacio, estilo de vida y presupuesto.<\/li>\n<\/ol>\n<p style=\"text-align: center;\">\u00bfQuieres consultarnos una duda o necesitas asesoramiento?<\/p>\n<p>[\/vc_column_text][vc_btn title=\u00bb\u00a1Cont\u00e1ctanos!\u00bb style=\u00bbcustom\u00bb custom_background=\u00bb#ffa400&#8243; custom_text=\u00bb#ffffff\u00bb shape=\u00bbsquare\u00bb align=\u00bbcenter\u00bb css_animation=\u00bbnone\u00bb link=\u00bburl:https%3A%2F%2Fwww.mueblesnebra.com%2Fsofas-en-zaragoza%2Fcontacto%2F\u00bb css=\u00bb.vc_custom_1721121664143{padding-right: 20px !important;}\u00bb][\/vc_column][vc_column width=\u00bb1\/6&#8243;][\/vc_column][\/vc_row]<\/p>\n<\/div>","protected":false},"excerpt":{"rendered":"<p>[vc_row full_width=\u00bbstretch_row_content\u00bb css_animation=\u00bbfadeIn\u00bb css=\u00bb.vc_custom_1724762806375{margin-bottom: 0px !important;padding-bottom: 0px !important;background-image: url(http:\/\/www.mueblesnebra.com\/sofas-en-zaragoza\/wp-content\/uploads\/sites\/2\/2024\/08\/nuestros-sillones-al-estilo-nordico.webp?id=226) !important;background-position: center !important;background-repeat: no-repeat !important;background-size: cover !important;}\u00bb][vc_column][vc_empty_space height=\u00bb100px\u00bb][vc_empty_space height=\u00bb150px\u00bb el_class=\u00bbdisplay-none\u00bb][vc_row_inner gap=\u00bb35&#8243; css=\u00bb.vc_custom_1718355471939{padding-right: 5px !important;padding-left: 5px !important;}\u00bb][vc_column_inner width=\u00bb1\/6&#8243;][\/vc_column_inner][vc_column_inner width=\u00bb2\/3&#8243;][vc_column_text css=\u00bb.vc_custom_1724763177895{margin-right: 10px !important;margin-left: 10px !important;}\u00bb] Tienda de sillones en Zaragoza \u00bfBuscando un sill\u00f3n confort de calidad en Zaragoza? P\u00e1sate por nuestra tienda de sillones y descubre toda nuestra [&hellip;]<\/p>\n","protected":false},"author":395,"featured_media":0,"parent":0,"menu_order":0,"comment_status":"closed","ping_status":"closed","template":"","meta":{"_genesis_hide_title":false,"_genesis_hide_breadcrumbs":false,"_genesis_hide_singular_image":false,"_genesis_hide_footer_widgets":false,"_genesis_custom_body_class":"","_genesis_custom_post_class":"","_genesis_layout":"","footnotes":""},"class_list":{"0":"post-223","1":"page","2":"type-page","3":"status-publish","5":"entry"},"_links":{"self":[{"href":"https:\/\/www.mueblesnebra.com\/sofas-en-zaragoza\/wp-json\/wp\/v2\/pages\/223","targetHints":{"allow":["GET"]}}],"collection":[{"href":"https:\/\/www.mueblesnebra.com\/sofas-en-zaragoza\/wp-json\/wp\/v2\/pages"}],"about":[{"href":"https:\/\/www.mueblesnebra.com\/sofas-en-zaragoza\/wp-json\/wp\/v2\/types\/page"}],"author":[{"embeddable":true,"href":"https:\/\/www.mueblesnebra.com\/sofas-en-zaragoza\/wp-json\/wp\/v2\/users\/395"}],"replies":[{"embeddable":true,"href":"https:\/\/www.mueblesnebra.com\/sofas-en-zaragoza\/wp-json\/wp\/v2\/comments?post=223"}],"version-history":[{"count":11,"href":"https:\/\/www.mueblesnebra.com\/sofas-en-zaragoza\/wp-json\/wp\/v2\/pages\/223\/revisions"}],"predecessor-version":[{"id":356,"href":"https:\/\/www.mueblesnebra.com\/sofas-en-zaragoza\/wp-json\/wp\/v2\/pages\/223\/revisions\/356"}],"wp:attachment":[{"href":"https:\/\/www.mueblesnebra.com\/sofas-en-zaragoza\/wp-json\/wp\/v2\/media?parent=223"}],"curies":[{"name":"wp","href":"https:\/\/api.w.org\/{rel}","templated":true}]}}