{"id":22,"date":"2024-01-31T13:11:36","date_gmt":"2024-01-31T12:11:36","guid":{"rendered":"https:\/\/www.mueblesnebra.com\/sofas-en-zaragoza\/?page_id=22"},"modified":"2024-06-14T12:47:42","modified_gmt":"2024-06-14T10:47:42","slug":"aviso-legal","status":"publish","type":"page","link":"https:\/\/www.mueblesnebra.com\/sofas-en-zaragoza\/aviso-legal\/","title":{"rendered":"Aviso legal"},"content":{"rendered":"<div class=\"wpb-content-wrapper\"><p>[vc_row content_text_aligment=\u00bb\u00bb use_row_as_full_screen_section=\u00bbno\u00bb css=\u00bb.vc_custom_1520324690553{padding-top: 60px !important;padding-bottom: 30px !important;}\u00bb][vc_column][vc_column_text]<\/p>\n<h4 style=\"text-align: center;\"><span style=\"color: #e1a12d;\"><strong>Aviso Legal<\/strong>\u00a0<\/span><\/h4>\n<p>[\/vc_column_text][\/vc_column][\/vc_row][vc_row full_width=\u00bbstretch_row_content_no_spaces\u00bb gap=\u00bb35&#8243; content_text_aligment=\u00bb\u00bb use_row_as_full_screen_section=\u00bbno\u00bb css=\u00bb.vc_custom_1706703197577{padding-top: 60px !important;padding-bottom: 30px !important;}\u00bb][vc_column width=\u00bb1\/6&#8243;][\/vc_column][vc_column width=\u00bb2\/3&#8243;][vc_column_text]<\/p>\n<p class=\"p1\" style=\"text-align: justify;\"><span style=\"color: #545454;\"><strong>\u2028Datos Legales\u2028<\/strong><br \/>\nResponsable Legal: MUEBLES NEBRA S.L.<br \/>\n<\/span><span style=\"color: #545454;\">NIF: B50665033<br \/>\nDirecci\u00f3n: C\/Miguel Servet 66, 50013 Zaragoza<br \/>\nEmail de Contacto: info@mueblesnebra.com<br \/>\nTel\u00e9fono: 976.415.810<br \/>\n<\/span><\/p>\n<p class=\"p1\" style=\"text-align: justify;\"><span style=\"color: #545454;\"><strong>\u2028Condiciones de Uso\u2028<\/strong><br \/>\nLas presentes condiciones legales regulan el uso permitido de esta p\u00e1gina web que Muebles Nebra, (en adelante Muebles Nebra) pone a disposici\u00f3n de los usuarios de Internet. Si no est\u00e1 conforme con estas condiciones legales debe abandonar esta p\u00e1gina web. El Usuario se obliga a usar la web, los servicios y sus contenidos de forma diligente, correcta y l\u00edcita y en particular, deber\u00e1 abstenerse de:<br \/>\n&#8211; Suprimir, eludir o manipular el \u201ccopyright\u201d y dem\u00e1s datos identificativos de los derechos de sus titulares incorporados a los contenidos, as\u00ed como los dispositivos t\u00e9cnicos de protecci\u00f3n, o cualesquiera mecanismos de informaci\u00f3n que pudieren contener los contenidos.<br \/>\n&#8211; Introducir programas, virus, macros o cualquier otro dispositivo l\u00f3gico o secuencia de caracteres que causen o sean susceptibles de causar cualquier tipo de alteraci\u00f3n en la p\u00e1gina web o los sistemas inform\u00e1ticos que la soportan.<br \/>\n&#8211; Realizar copia o captura de pantallas de la p\u00e1gina web, sin autorizaci\u00f3n expresa de Muebles Nebra. \u2028- Efectuar copias o versiones de la p\u00e1gina web o su c\u00f3digo fuente, sin el consentimiento expreso de Muebles Nebra.<br \/>\n<\/span><span style=\"color: #545454;\">&#8211; Realizar cualquier tipo de comportamiento contrario a la Ley o la buena fe.\u2028\u2028<\/span><\/p>\n<p class=\"p1\" style=\"text-align: justify;\"><span style=\"color: #545454;\"><strong>Exclusi\u00f3n de Responsabilidad\u2028<\/strong><br \/>\nMuebles Nebra, no se hace responsable de las p\u00e9rdidas o perjuicios que pueda ocasionar al usuario por virus, indisponibilidad o cualquier otro comportamiento an\u00f3malo de la p\u00e1gina web. Muebles Nebra, ha adoptado todas las medidas de seguridad a su alcance y seg\u00fan el estado actual de la t\u00e9cnica, para garantizar el correcto funcionamiento de la web y evitar la generaci\u00f3n de cualquier tipo de da\u00f1o al usuario.<br \/>\n<\/span><\/p>\n<p class=\"p1\" style=\"text-align: justify;\"><span style=\"color: #545454;\"><strong>Enlaces.<\/strong><br \/>\nMuebles Nebra declina cualquier responsabilidad por los servicios y\/o informaci\u00f3n que se preste en otras p\u00e1ginas enlazadas con esta Web. Muebles Nebra no controla ni ejerce ning\u00fan tipo de supervisi\u00f3n sobre las p\u00e1ginas enlazadas. Los usuarios que utilicen estos enlaces deber\u00e1n consultar las condiciones legales expuestas en las p\u00e1ginas de destino.<\/span><\/p>\n<p><strong>Propiedad Intelectual.<\/strong><br \/>\nLos textos, im\u00e1genes, logos, signos distintivos, sonidos, animaciones, v\u00eddeos, c\u00f3digo fuente y resto de contenidos incluidos en esta web son propiedad de <span style=\"color: #545454;\">Muebles<\/span> Nebra, o dispone en su caso, del permiso para su uso y\/o explotaci\u00f3n. Los usuarios de esta p\u00e1gina web podr\u00e1n llevar a cabo la reproducci\u00f3n o almacenamiento de los contenidos almacenados en esta p\u00e1gina para su exclusivo uso personal o las finalidades autorizadas en las condiciones legales de contrataci\u00f3n de nuestros productos y servicios. Cualquier otra transmisi\u00f3n, distribuci\u00f3n, reproducci\u00f3n o almacenamiento, total o parcial, de los contenidos almacenados en esta web, queda expresamente prohibida salvo previo y expreso consentimiento de <span style=\"color: #545454;\">Muebles<\/span> Nebra.<\/p>\n<p><strong>Legislaci\u00f3n y Jurisdicci\u00f3n\u2028.<\/strong><br \/>\nEsta p\u00e1gina web se encuentra sometida a la legislaci\u00f3n Espa\u00f1ola y en caso de litigio o controversia surgida del uso de esta p\u00e1gina web, ambas partes se someten a la jurisdicci\u00f3n de los tribunales de la ciudad de Zaragoza. Esta cl\u00e1usula de sumisi\u00f3n expresa a los tribunales de la ciudad de Zaragoza, no ser\u00e1 aplicable para los supuestos de litigio con los usuarios de la web que seg\u00fan la legislaci\u00f3n vigente ostenten la condici\u00f3n de consumidores, en cuyo caso ambas partes estar\u00e1n sometidos a la jurisdicci\u00f3n de los Juzgados y Tribunales de residencia del consumidor.[\/vc_column_text][\/vc_column][vc_column width=\u00bb1\/6&#8243;][\/vc_column][\/vc_row]<\/p>\n<\/div>","protected":false},"excerpt":{"rendered":"<p>[vc_row content_text_aligment=\u00bb\u00bb use_row_as_full_screen_section=\u00bbno\u00bb css=\u00bb.vc_custom_1520324690553{padding-top: 60px !important;padding-bottom: 30px !important;}\u00bb][vc_column][vc_column_text] Aviso Legal\u00a0 [\/vc_column_text][\/vc_column][\/vc_row][vc_row full_width=\u00bbstretch_row_content_no_spaces\u00bb gap=\u00bb35&#8243; content_text_aligment=\u00bb\u00bb use_row_as_full_screen_section=\u00bbno\u00bb css=\u00bb.vc_custom_1706703197577{padding-top: 60px !important;padding-bottom: 30px !important;}\u00bb][vc_column width=\u00bb1\/6&#8243;][\/vc_column][vc_column width=\u00bb2\/3&#8243;][vc_column_text] \u2028Datos Legales\u2028 Responsable Legal: MUEBLES NEBRA S.L. NIF: B50665033 Direcci\u00f3n: C\/Miguel Servet 66, 50013 Zaragoza Email de Contacto: info@mueblesnebra.com Tel\u00e9fono: 976.415.810 \u2028Condiciones de Uso\u2028 Las presentes condiciones legales regulan el uso permitido de [&hellip;]<\/p>\n","protected":false},"author":395,"featured_media":0,"parent":0,"menu_order":0,"comment_status":"closed","ping_status":"closed","template":"","meta":{"_genesis_hide_title":false,"_genesis_hide_breadcrumbs":false,"_genesis_hide_singular_image":false,"_genesis_hide_footer_widgets":false,"_genesis_custom_body_class":"","_genesis_custom_post_class":"","_genesis_layout":"","footnotes":""},"class_list":{"0":"post-22","1":"page","2":"type-page","3":"status-publish","5":"entry"},"_links":{"self":[{"href":"https:\/\/www.mueblesnebra.com\/sofas-en-zaragoza\/wp-json\/wp\/v2\/pages\/22","targetHints":{"allow":["GET"]}}],"collection":[{"href":"https:\/\/www.mueblesnebra.com\/sofas-en-zaragoza\/wp-json\/wp\/v2\/pages"}],"about":[{"href":"https:\/\/www.mueblesnebra.com\/sofas-en-zaragoza\/wp-json\/wp\/v2\/types\/page"}],"author":[{"embeddable":true,"href":"https:\/\/www.mueblesnebra.com\/sofas-en-zaragoza\/wp-json\/wp\/v2\/users\/395"}],"replies":[{"embeddable":true,"href":"https:\/\/www.mueblesnebra.com\/sofas-en-zaragoza\/wp-json\/wp\/v2\/comments?post=22"}],"version-history":[{"count":5,"href":"https:\/\/www.mueblesnebra.com\/sofas-en-zaragoza\/wp-json\/wp\/v2\/pages\/22\/revisions"}],"predecessor-version":[{"id":74,"href":"https:\/\/www.mueblesnebra.com\/sofas-en-zaragoza\/wp-json\/wp\/v2\/pages\/22\/revisions\/74"}],"wp:attachment":[{"href":"https:\/\/www.mueblesnebra.com\/sofas-en-zaragoza\/wp-json\/wp\/v2\/media?parent=22"}],"curies":[{"name":"wp","href":"https:\/\/api.w.org\/{rel}","templated":true}]}}