{"id":191,"date":"2024-08-20T12:51:06","date_gmt":"2024-08-20T10:51:06","guid":{"rendered":"https:\/\/www.mueblesnebra.com\/sofas-en-zaragoza\/?page_id=191"},"modified":"2024-12-02T14:53:24","modified_gmt":"2024-12-02T13:53:24","slug":"sofas-piel","status":"publish","type":"page","link":"https:\/\/www.mueblesnebra.com\/sofas-en-zaragoza\/sofas-piel\/","title":{"rendered":"SOF\u00c1S DE PIEL"},"content":{"rendered":"<div class=\"wpb-content-wrapper\"><p>[vc_row full_width=\u00bbstretch_row_content\u00bb css_animation=\u00bbfadeIn\u00bb css=\u00bb.vc_custom_1724150981375{margin-bottom: 0px !important;padding-bottom: 0px !important;background-image: url(http:\/\/www.mueblesnebra.com\/sofas-en-zaragoza\/wp-content\/uploads\/sites\/2\/2024\/08\/todos-nuestros-sofas-de-piel.webp?id=201) !important;background-position: center !important;background-repeat: no-repeat !important;background-size: cover !important;}\u00bb][vc_column][vc_empty_space height=\u00bb100px\u00bb][vc_empty_space height=\u00bb150px\u00bb el_class=\u00bbdisplay-none\u00bb][vc_row_inner gap=\u00bb35&#8243; css=\u00bb.vc_custom_1718355471939{padding-right: 5px !important;padding-left: 5px !important;}\u00bb][vc_column_inner width=\u00bb1\/6&#8243;][\/vc_column_inner][vc_column_inner width=\u00bb2\/3&#8243;][vc_column_text css=\u00bb.vc_custom_1724148888710{margin-right: 10px !important;margin-left: 10px !important;}\u00bb]<\/p>\n<h1 style=\"text-align: center;\"><strong><span style=\"color: #ffffff; text-shadow: 4px 4px 4px #333;\">Sof\u00e1s de piel en Zaragoza<\/span><\/strong><\/h1>\n<p style=\"text-align: center;\"><strong><span style=\"color: #ffffff; text-shadow: 4px 4px 4px #333;\">La piel natural aporta un toque de lujo que no vas a conseguir con ning\u00fan otro tipo de sof\u00e1. Nos dedicamos a ofrecer sof\u00e1s de piel en Zaragoza de la mejor calidad, a buen precio, adapt\u00e1ndonos siempre a diferentes estilos y necesidades. \u00a1P\u00e1sate por nuestra tienda y desc\u00fabrelos!<\/span><\/strong><\/p>\n<p>[\/vc_column_text][vc_empty_space height=\u00bb100px\u00bb el_class=\u00bbdisplay-none\u00bb][vc_btn title=\u00bbCAT\u00c1LOGO DE SOF\u00c1S\u00bb style=\u00bbcustom\u00bb custom_background=\u00bb#ffa400&#8243; custom_text=\u00bb#ffffff\u00bb shape=\u00bbsquare\u00bb align=\u00bbcenter\u00bb css_animation=\u00bbnone\u00bb link=\u00bburl:https%3A%2F%2Fwww.mueblesnebra.com%2Fsofas-en-zaragoza%2Fcatalogo-sofas%2F\u00bb css=\u00bb.vc_custom_1721116678828{padding-right: 20px !important;}\u00bb][\/vc_column_inner][vc_column_inner width=\u00bb1\/6&#8243;][\/vc_column_inner][\/vc_row_inner][vc_empty_space height=\u00bb150px\u00bb el_class=\u00bbdisplay-none\u00bb][vc_empty_space height=\u00bb100px\u00bb][\/vc_column][\/vc_row][vc_row full_width=\u00bbstretch_row_content\u00bb][vc_column][vc_row_inner][vc_column_inner width=\u00bb2\/4&#8243;][vc_column_text]<\/p>\n<p style=\"text-align: left;\"><nav aria-label=\"breadcrumbs\" class=\"rank-math-breadcrumb\"><p><span class=\"last\">Inicio<\/span><\/p><\/nav><\/p>\n<p>[\/vc_column_text][\/vc_column_inner][vc_column_inner width=\u00bb1\/4&#8243;][\/vc_column_inner][vc_column_inner width=\u00bb1\/4&#8243;][\/vc_column_inner][\/vc_row_inner][vc_column_text css=\u00bb.vc_custom_1724148989877{padding-right: 50px !important;padding-left: 50px !important;}\u00bb]<\/p>\n<h2 style=\"text-align: center;\"><span style=\"color: #ff9900; font-size: 24pt;\">Los mejores sof\u00e1s de piel en Zaragoza<\/span><\/h2>\n<p>[\/vc_column_text][\/vc_column][\/vc_row][vc_row full_width=\u00bbstretch_row_content_no_spaces\u00bb css=\u00bb.vc_custom_1721117250766{margin-bottom: 0px !important;padding-bottom: 0px !important;}\u00bb][vc_column width=\u00bb1\/3&#8243;][vc_column_text css=\u00bb.vc_custom_1724149006356{padding-right: 50px !important;padding-left: 50px !important;}\u00bb]<span style=\"color: #ff9900; font-size: 24pt;\">\u00a1Aqu\u00ed los tienes!<\/span>[\/vc_column_text][vc_column_text css=\u00bb.vc_custom_1724149172228{padding-right: 50px !important;padding-left: 50px !important;}\u00bb]Los sof\u00e1s de piel ofrecen una combinaci\u00f3n \u00fanica de confort, estilo y durabilidad que pocos materiales pueden igualar. Adem\u00e1s, si eres tan fan de las pieles naturales en mobiliario como nosotros, tambi\u00e9n lo entender\u00e1s. Dan ese toque de lujo al sal\u00f3n que no se consigue con ning\u00fan otro tipo de sof\u00e1.<\/p>\n<p>Cada uno de nuestros sof\u00e1s de piel en Zaragoza es fabricado con <strong>piel natural de muy buena calidad<\/strong>, seleccionada por su suavidad, y resistencia. \u00a1Os garantizamos que la piel conservar\u00e1 su textura y color durante a\u00f1os!<\/p>\n<p>Adem\u00e1s, nuestros sof\u00e1s est\u00e1n disponibles en una amplia variedad de dise\u00f1os, desde los m\u00e1s cl\u00e1sicos hasta los m\u00e1s contempor\u00e1neos, para que encuentres el que mejor se adapte a tu estilo de vida y decoraci\u00f3n.[\/vc_column_text][vc_btn title=\u00bbSolicita tu proyecto personalizado\u00bb style=\u00bbcustom\u00bb custom_background=\u00bb#ffa400&#8243; custom_text=\u00bb#ffffff\u00bb shape=\u00bbsquare\u00bb align=\u00bbcenter\u00bb css_animation=\u00bbnone\u00bb link=\u00bburl:https%3A%2F%2Fwww.mueblesnebra.com%2Fsofas-en-zaragoza%2Fsolicitar-proyecto%2F\u00bb css=\u00bb.vc_custom_1721118184816{padding-right: 20px !important;}\u00bb][vc_empty_space height=\u00bb100px\u00bb][\/vc_column][vc_column width=\u00bb2\/3&#8243;][vc_single_image image=\u00bb199&#8243; img_size=\u00bb1366\u00d7768&#8243; alignment=\u00bbcenter\u00bb][\/vc_column][\/vc_row][vc_row][vc_column][vc_empty_space height=\u00bb50px\u00bb][\/vc_column][\/vc_row][vc_row full_width=\u00bbstretch_row_content_no_spaces\u00bb][vc_column width=\u00bb2\/3&#8243;][vc_single_image image=\u00bb198&#8243; img_size=\u00bb1366\u00d7768&#8243; alignment=\u00bbcenter\u00bb][\/vc_column][vc_column width=\u00bb1\/3&#8243;][vc_column_text css=\u00bb.vc_custom_1724149242766{padding-right: 50px !important;padding-left: 50px !important;}\u00bb]<\/p>\n<h2 style=\"text-align: left;\"><span style=\"color: #ff9900; font-size: 24pt;\">\u00bfPor qu\u00e9 comprar un sof\u00e1 de piel?<\/span><\/h2>\n<p>[\/vc_column_text][vc_column_text css=\u00bb.vc_custom_1724149384085{padding-right: 50px !important;padding-left: 50px !important;}\u00bb]Un buen sof\u00e1 de piel en Zaragoza nunca falla, tiene much\u00edsimos beneficios, entre ellos, estos tres:<\/p>\n<ol>\n<li>La piel natural<strong> no se desgasta f\u00e1cilmente<\/strong>, manteniendo su apariencia y resistencia durante muchos a\u00f1os.<\/li>\n<li>La piel natural se adapta a la<strong> temperatura ambiente<\/strong>, lo que la hace extremadamente c\u00f3moda en cualquier estaci\u00f3n del a\u00f1o.<\/li>\n<li>Un sof\u00e1 de piel a\u00f1ade un toque de <strong>lujo<\/strong> y sofisticaci\u00f3n a cualquier sal\u00f3n, \u00a1Y es <strong>f\u00e1cil de mantener<\/strong>!<\/li>\n<\/ol>\n<p>[\/vc_column_text][vc_empty_space height=\u00bb100px\u00bb][\/vc_column][\/vc_row][vc_row][vc_column][vc_empty_space height=\u00bb50px\u00bb][\/vc_column][\/vc_row][vc_row full_width=\u00bbstretch_row_content_no_spaces\u00bb css=\u00bb.vc_custom_1721117250766{margin-bottom: 0px !important;padding-bottom: 0px !important;}\u00bb][vc_column width=\u00bb1\/3&#8243;][vc_column_text css=\u00bb.vc_custom_1724149416773{padding-right: 50px !important;padding-left: 50px !important;}\u00bb]<\/p>\n<h2 style=\"text-align: left;\"><span style=\"color: #ff9900; font-size: 24pt;\">Amplia variedad de pieles naturales<\/span><\/h2>\n<p>[\/vc_column_text][vc_column_text css=\u00bb.vc_custom_1724149538590{padding-right: 50px !important;padding-left: 50px !important;}\u00bb]Hay tantos gustos como personas, por eso, ofrecemos una gama lo suficientemente amplia como para que todo el mundo pueda elegir. Entre los tipos de piel que utilizamos para nuestros sof\u00e1s, est\u00e1n:<\/p>\n<ul>\n<li><strong>Piel flor<\/strong>: Esta es la capa m\u00e1s externa de la piel y es conocida por su suavidad y durabilidad. Es la opci\u00f3n m\u00e1s resistente, perfecta para quienes buscan lo mejor de lo mejor.<\/li>\n<li><strong>Piel anilina<\/strong>: Tratada con tintes solubles, esta piel mantiene la textura y el aspecto natural, con un acabado suave y un color profundo. Es ideal para quienes buscan un sof\u00e1 con un aspecto aut\u00e9ntico y natural.<\/li>\n<li><strong>Piel semi-anilina<\/strong>: Combina la belleza de la piel anilina con un ligero recubrimiento protector que mejora su resistencia a las manchas y el desgaste. Es una opci\u00f3n equilibrada entre est\u00e9tica y practicidad.<\/li>\n<li><strong>Piel pulida o corregida<\/strong>: Esta piel ha sido tratada para eliminar imperfecciones, ofreciendo una superficie m\u00e1s uniforme y resistente. Es ideal para quienes desean un sof\u00e1 elegante y f\u00e1cil de mantener.<\/li>\n<\/ul>\n<p>[\/vc_column_text][vc_empty_space height=\u00bb100px\u00bb][\/vc_column][vc_column width=\u00bb2\/3&#8243;][vc_single_image image=\u00bb200&#8243; img_size=\u00bb1366\u00d7768&#8243; alignment=\u00bbcenter\u00bb][\/vc_column][\/vc_row][vc_row full_width=\u00bbstretch_row_content\u00bb][vc_column width=\u00bb1\/6&#8243;][\/vc_column][vc_column width=\u00bb2\/3&#8243;][vc_column_text css=\u00bb.vc_custom_1724149584566{padding-right: 50px !important;padding-left: 50px !important;}\u00bb]<\/p>\n<h2 style=\"text-align: center;\"><span style=\"color: #ff9900; font-size: 24pt;\">Sof\u00e1s de piel vs Sof\u00e1s polipiel<\/span><\/h2>\n<p>[\/vc_column_text][vc_column_text]Si, un sof\u00e1 de polipiel es m\u00e1s barato, pero tambi\u00e9n hay claras diferencias, y es que la calidad se paga, o visto de otro modo, lo barato puede salir caro. Para poner todas las cartas sobre la mesa, veamos las diferencias que os pod\u00e9is encontrar:<\/p>\n<ul>\n<li><strong>Durabilidad.<\/strong> Los sof\u00e1s de piel natural son mucho m\u00e1s duraderos que los de polipiel. La piel resiste mejor el paso del tiempo, mientras que la polipiel tiende a agrietarse y desgastarse.<\/li>\n<li><strong>Est\u00e9tica.<\/strong>\u00a0La piel natural tiene una textura y un brillo \u00fanicos que no pueden ser replicados por materiales sint\u00e9ticos. La polipiel, aunque puede parecer similar a simple vista, carece de la autenticidad y el lujo que ofrece la piel natural.<\/li>\n<li><strong>Confort<\/strong>: La piel natural se adapta mejor a la temperatura del ambiente, ofreciendo un mayor confort tanto en invierno como en verano. La polipiel, por otro lado, puede resultar inc\u00f3moda en climas c\u00e1lidos.<\/li>\n<li><strong>Mantenimiento.<\/strong>\u00a0Aunque ambos materiales son relativamente f\u00e1ciles de limpiar, la piel natural tiene la ventaja de envejecer con elegancia, desarrollando una p\u00e1tina que a\u00f1ade car\u00e1cter al sof\u00e1. La polipiel, en cambio, tiende a deteriorarse con el tiempo, perdiendo su apariencia original.<\/li>\n<li><strong>Valor a largo plazo.<\/strong> Un sof\u00e1 de piel es una inversi\u00f3n a largo plazo. Aunque el coste es mayor, la durabilidad y la capacidad de la piel para mantener su aspecto hacen que valga la pena. Por otro lado, un sof\u00e1 de polipiel tendr\u00e1s que volver a cambiarlo antes.<\/li>\n<\/ul>\n<p>[\/vc_column_text][vc_btn title=\u00bb\u00a1Cont\u00e1ctanos!\u00bb style=\u00bbcustom\u00bb custom_background=\u00bb#ffa400&#8243; custom_text=\u00bb#ffffff\u00bb shape=\u00bbsquare\u00bb align=\u00bbcenter\u00bb css_animation=\u00bbnone\u00bb link=\u00bburl:https%3A%2F%2Fwww.mueblesnebra.com%2Fsofas-en-zaragoza%2Fcontacto%2F\u00bb css=\u00bb.vc_custom_1721121664143{padding-right: 20px !important;}\u00bb][\/vc_column][vc_column width=\u00bb1\/6&#8243;][\/vc_column][\/vc_row]<\/p>\n<\/div>","protected":false},"excerpt":{"rendered":"<p>[vc_row full_width=\u00bbstretch_row_content\u00bb css_animation=\u00bbfadeIn\u00bb css=\u00bb.vc_custom_1724150981375{margin-bottom: 0px !important;padding-bottom: 0px !important;background-image: url(http:\/\/www.mueblesnebra.com\/sofas-en-zaragoza\/wp-content\/uploads\/sites\/2\/2024\/08\/todos-nuestros-sofas-de-piel.webp?id=201) !important;background-position: center !important;background-repeat: no-repeat !important;background-size: cover !important;}\u00bb][vc_column][vc_empty_space height=\u00bb100px\u00bb][vc_empty_space height=\u00bb150px\u00bb el_class=\u00bbdisplay-none\u00bb][vc_row_inner gap=\u00bb35&#8243; css=\u00bb.vc_custom_1718355471939{padding-right: 5px !important;padding-left: 5px !important;}\u00bb][vc_column_inner width=\u00bb1\/6&#8243;][\/vc_column_inner][vc_column_inner width=\u00bb2\/3&#8243;][vc_column_text css=\u00bb.vc_custom_1724148888710{margin-right: 10px !important;margin-left: 10px !important;}\u00bb] Sof\u00e1s de piel en Zaragoza La piel natural aporta un toque de lujo que no vas a conseguir con ning\u00fan otro tipo de [&hellip;]<\/p>\n","protected":false},"author":395,"featured_media":0,"parent":0,"menu_order":0,"comment_status":"closed","ping_status":"closed","template":"","meta":{"_genesis_hide_title":false,"_genesis_hide_breadcrumbs":false,"_genesis_hide_singular_image":false,"_genesis_hide_footer_widgets":false,"_genesis_custom_body_class":"","_genesis_custom_post_class":"","_genesis_layout":"","footnotes":""},"class_list":{"0":"post-191","1":"page","2":"type-page","3":"status-publish","5":"entry"},"_links":{"self":[{"href":"https:\/\/www.mueblesnebra.com\/sofas-en-zaragoza\/wp-json\/wp\/v2\/pages\/191","targetHints":{"allow":["GET"]}}],"collection":[{"href":"https:\/\/www.mueblesnebra.com\/sofas-en-zaragoza\/wp-json\/wp\/v2\/pages"}],"about":[{"href":"https:\/\/www.mueblesnebra.com\/sofas-en-zaragoza\/wp-json\/wp\/v2\/types\/page"}],"author":[{"embeddable":true,"href":"https:\/\/www.mueblesnebra.com\/sofas-en-zaragoza\/wp-json\/wp\/v2\/users\/395"}],"replies":[{"embeddable":true,"href":"https:\/\/www.mueblesnebra.com\/sofas-en-zaragoza\/wp-json\/wp\/v2\/comments?post=191"}],"version-history":[{"count":8,"href":"https:\/\/www.mueblesnebra.com\/sofas-en-zaragoza\/wp-json\/wp\/v2\/pages\/191\/revisions"}],"predecessor-version":[{"id":360,"href":"https:\/\/www.mueblesnebra.com\/sofas-en-zaragoza\/wp-json\/wp\/v2\/pages\/191\/revisions\/360"}],"wp:attachment":[{"href":"https:\/\/www.mueblesnebra.com\/sofas-en-zaragoza\/wp-json\/wp\/v2\/media?parent=191"}],"curies":[{"name":"wp","href":"https:\/\/api.w.org\/{rel}","templated":true}]}}