{"id":170,"date":"2024-08-20T10:57:13","date_gmt":"2024-08-20T08:57:13","guid":{"rendered":"https:\/\/www.mueblesnebra.com\/sofas-en-zaragoza\/?page_id=170"},"modified":"2024-12-02T14:40:32","modified_gmt":"2024-12-02T13:40:32","slug":"orejeros","status":"publish","type":"page","link":"https:\/\/www.mueblesnebra.com\/sofas-en-zaragoza\/sillones\/orejeros\/","title":{"rendered":"Sillones orejeros"},"content":{"rendered":"<div class=\"wpb-content-wrapper\"><p>[vc_row full_width=\u00bbstretch_row_content\u00bb css_animation=\u00bbfadeIn\u00bb css=\u00bb.vc_custom_1724144216637{margin-bottom: 0px !important;padding-bottom: 0px !important;background-image: url(http:\/\/www.mueblesnebra.com\/sofas-en-zaragoza\/wp-content\/uploads\/sites\/2\/2024\/08\/portada-sillones-orejeros-en-zaragoza.webp?id=181) !important;background-position: center !important;background-repeat: no-repeat !important;background-size: cover !important;}\u00bb][vc_column][vc_empty_space height=\u00bb100px\u00bb][vc_empty_space height=\u00bb150px\u00bb el_class=\u00bbdisplay-none\u00bb][vc_row_inner gap=\u00bb35&#8243; css=\u00bb.vc_custom_1718355471939{padding-right: 5px !important;padding-left: 5px !important;}\u00bb][vc_column_inner width=\u00bb1\/6&#8243;][\/vc_column_inner][vc_column_inner width=\u00bb2\/3&#8243;][vc_column_text css=\u00bb.vc_custom_1724139893030{margin-right: 10px !important;margin-left: 10px !important;}\u00bb]<\/p>\n<h1 style=\"text-align: center;\"><strong><span style=\"color: #ffffff; text-shadow: 4px 4px 4px #333;\">Sillones orejeros Zaragoza<\/span><\/strong><\/h1>\n<p style=\"text-align: center;\"><strong><span style=\"color: #ffffff; text-shadow: 4px 4px 4px #333;\">Si te gusta m\u00e1s lo tradicional, un buen sill\u00f3n orejero es lo que est\u00e1s buscando. Reconocidos por su dise\u00f1o cl\u00e1sico con alas o \u00aborejas\u00bb a los lados, son perfectos para crear un rinc\u00f3n de lectura \u00fanico o simplemente para disfrutar de un momento de relajaci\u00f3n.<\/span><\/strong><\/p>\n<p>[\/vc_column_text][vc_empty_space height=\u00bb100px\u00bb el_class=\u00bbdisplay-none\u00bb][vc_btn title=\u00bbCAT\u00c1LOGO\u00bb style=\u00bbcustom\u00bb custom_background=\u00bb#ffa400&#8243; custom_text=\u00bb#ffffff\u00bb shape=\u00bbsquare\u00bb align=\u00bbcenter\u00bb css_animation=\u00bbnone\u00bb link=\u00bburl:https%3A%2F%2Fwww.mueblesnebra.com%2Fsofas-en-zaragoza%2Fcatalogo-sofas%2F\u00bb css=\u00bb.vc_custom_1724142031013{padding-right: 20px !important;}\u00bb][\/vc_column_inner][vc_column_inner width=\u00bb1\/6&#8243;][\/vc_column_inner][\/vc_row_inner][vc_empty_space height=\u00bb150px\u00bb el_class=\u00bbdisplay-none\u00bb][vc_empty_space height=\u00bb100px\u00bb][\/vc_column][\/vc_row][vc_row full_width=\u00bbstretch_row_content\u00bb][vc_column][vc_row_inner][vc_column_inner width=\u00bb2\/4&#8243;][vc_column_text]<\/p>\n<p style=\"text-align: left;\"><nav aria-label=\"breadcrumbs\" class=\"rank-math-breadcrumb\"><p><span class=\"last\">Inicio<\/span><\/p><\/nav><\/p>\n<p>[\/vc_column_text][\/vc_column_inner][vc_column_inner width=\u00bb1\/4&#8243;][\/vc_column_inner][vc_column_inner width=\u00bb1\/4&#8243;][\/vc_column_inner][\/vc_row_inner][vc_column_text css=\u00bb.vc_custom_1724140246237{padding-right: 50px !important;padding-left: 50px !important;}\u00bb]<\/p>\n<h2 style=\"text-align: center;\"><span style=\"color: #ff9900; font-size: 24pt;\">Tu tienda de sillones orejeros<\/span><\/h2>\n<p>[\/vc_column_text][\/vc_column][\/vc_row][vc_row full_width=\u00bbstretch_row_content_no_spaces\u00bb css=\u00bb.vc_custom_1721117250766{margin-bottom: 0px !important;padding-bottom: 0px !important;}\u00bb][vc_column width=\u00bb1\/3&#8243;][vc_column_text css=\u00bb.vc_custom_1724140293716{padding-right: 50px !important;padding-left: 50px !important;}\u00bb]<\/p>\n<h2 style=\"text-align: left;\"><span style=\"color: #ff9900; font-size: 24pt;\">\u00bfPor qu\u00e9 contar con un sill\u00f3n orejero en tu sal\u00f3n?<\/span><\/h2>\n<p>[\/vc_column_text][vc_column_text css=\u00bb.vc_custom_1724140437963{padding-right: 50px !important;padding-left: 50px !important;}\u00bb]Los sillones orejeros son conocidos por su dise\u00f1o elegante y atemporal, que se adapta f\u00e1cilmente a cualquier estilo de decoraci\u00f3n. Sin embargo, m\u00e1s all\u00e1 de su apariencia cl\u00e1sica, estos sillones tambi\u00e9n destacan por que son realmente funcionales. Un <strong>sill\u00f3n orejero reclinable<\/strong>, por ejemplo, ofrece una experiencia de relajaci\u00f3n superior, permiti\u00e9ndote ajustar la posici\u00f3n del respaldo y el reposapi\u00e9s seg\u00fan tu prefieras.<\/p>\n<p>Siempre fabricados con materiales de calidad, garantizamos un dise\u00f1o atractivo que te ofrecer\u00e1 puro confort. Puedes elegir entre una amplia gama de tapicer\u00edas y colores, desde telas suaves hasta pieles de lujo, para crear un sill\u00f3n que se ajuste perfectamente a la decoraci\u00f3n de tu hogar.<\/p>\n<p>Adem\u00e1s, si est\u00e1s buscando una opci\u00f3n que ofrezca tanto estilo como practicidad, un <strong>sof\u00e1 orejero reclinable<\/strong> puede ser tu mejor soluci\u00f3n.[\/vc_column_text][vc_btn title=\u00bbSolicita tu proyecto personalizado\u00bb style=\u00bbcustom\u00bb custom_background=\u00bb#ffa400&#8243; custom_text=\u00bb#ffffff\u00bb shape=\u00bbsquare\u00bb align=\u00bbcenter\u00bb css_animation=\u00bbnone\u00bb link=\u00bburl:https%3A%2F%2Fwww.mueblesnebra.com%2Fsofas-en-zaragoza%2Fsolicitar-proyecto%2F\u00bb css=\u00bb.vc_custom_1721118184816{padding-right: 20px !important;}\u00bb][vc_empty_space height=\u00bb100px\u00bb][\/vc_column][vc_column width=\u00bb2\/3&#8243;][vc_single_image image=\u00bb182&#8243; img_size=\u00bb1366\u00d7768&#8243; alignment=\u00bbcenter\u00bb][\/vc_column][\/vc_row][vc_row][vc_column][vc_empty_space height=\u00bb50px\u00bb][\/vc_column][\/vc_row][vc_row full_width=\u00bbstretch_row_content_no_spaces\u00bb][vc_column width=\u00bb2\/3&#8243;][vc_single_image image=\u00bb184&#8243; img_size=\u00bb1366\u00d7768&#8243; alignment=\u00bbcenter\u00bb][\/vc_column][vc_column width=\u00bb1\/3&#8243;][vc_column_text css=\u00bb.vc_custom_1724141069413{padding-right: 50px !important;padding-left: 50px !important;}\u00bb]<\/p>\n<h3 style=\"text-align: left;\"><strong><span style=\"color: #ff9900; font-size: 24pt;\">El confort que necesitas<\/span><\/strong><\/h3>\n<p>[\/vc_column_text][vc_column_text css=\u00bb.vc_custom_1724141472431{padding-right: 50px !important;padding-left: 50px !important;}\u00bb]El clasicazo que nunca pasa de moda, siempre con un dise\u00f1o distintivo. Contamos con una gran variedad de medidas y tapizados, para que elijas el que mejor se adapte a tu estilo de decoraci\u00f3n o casa.<\/p>\n<p>Si tu estilo es m\u00e1s vintage, te recomendamos un sill\u00f3n orejero cl\u00e1sico de piel, combinan muy bien. Por otro lado, si tu estilo es m\u00e1s contempor\u00e1neo, es mejor un tapiz con colores m\u00e1s vivos e incluso combinar diferentes texturas. Otra opci\u00f3n muy buena es si tienen acabados naturales, ya que le das un toque r\u00fastico pero moderno.[\/vc_column_text][vc_empty_space height=\u00bb100px\u00bb][\/vc_column][\/vc_row][vc_row full_width=\u00bbstretch_row_content_no_spaces\u00bb css=\u00bb.vc_custom_1721117250766{margin-bottom: 0px !important;padding-bottom: 0px !important;}\u00bb][vc_column width=\u00bb1\/3&#8243;][vc_column_text css=\u00bb.vc_custom_1724141635724{padding-right: 50px !important;padding-left: 50px !important;}\u00bb]<\/p>\n<h2 style=\"text-align: left;\"><span style=\"color: #ff9900; font-size: 24pt;\">\u00bfQu\u00e9 debo saber antes de comprar un sill\u00f3n orejero?<\/span><\/h2>\n<p>[\/vc_column_text][vc_column_text css=\u00bb.vc_custom_1724141955416{padding-right: 50px !important;padding-left: 50px !important;}\u00bb]\u00bfA punto de comprar un sill\u00f3n orejero en Zaragoza? \u00a1Espera! Hay varios factores que debes tener en cuenta antes de lanzarte a comprarlo. \u00a1Ve\u00e1moslo r\u00e1pidamente!<\/p>\n<ol>\n<li><strong>Espacio disponible<\/strong> en tu sal\u00f3n.<\/li>\n<li><strong>Estilo y dise\u00f1o<\/strong>. Elige un dise\u00f1o que complemente la decoraci\u00f3n de tu casa. \u00bfPrefieres un sill\u00f3n con un dise\u00f1o m\u00e1s tradicional o uno con l\u00edneas contempor\u00e1neas.?<\/li>\n<li><strong>Tapicer\u00eda<\/strong> que combine con el estilo elegido.<\/li>\n<li>Todos los sillones son c\u00f3modos, \u00bfpero este lo es para mi? \u00a1<strong>Pru\u00e9balo<\/strong> <strong>en persona<\/strong> antes de comprarlo!<\/li>\n<li>El <strong>presupuesto<\/strong>, por supuesto. Busca siempre la mejor relaci\u00f3n calidad-precio que puedas.<\/li>\n<\/ol>\n<p>[\/vc_column_text][vc_empty_space height=\u00bb10px\u00bb][vc_btn title=\u00bb\u00a1Cont\u00e1ctanos!\u00bb style=\u00bbcustom\u00bb custom_background=\u00bb#ffa400&#8243; custom_text=\u00bb#ffffff\u00bb shape=\u00bbsquare\u00bb align=\u00bbcenter\u00bb css_animation=\u00bbnone\u00bb link=\u00bburl:https%3A%2F%2Fwww.mueblesnebra.com%2Fsofas-en-zaragoza%2Fcontacto%2F\u00bb css=\u00bb.vc_custom_1721121664143{padding-right: 20px !important;}\u00bb][vc_empty_space height=\u00bb100px\u00bb][\/vc_column][vc_column width=\u00bb2\/3&#8243;][vc_single_image image=\u00bb183&#8243; img_size=\u00bb1366\u00d7768&#8243; alignment=\u00bbcenter\u00bb][\/vc_column][\/vc_row][vc_row full_width=\u00bbstretch_row_content\u00bb][vc_column width=\u00bb1\/6&#8243;][\/vc_column][vc_column width=\u00bb2\/3&#8243;][vc_column_text css=\u00bb.vc_custom_1724140510213{padding-right: 50px !important;padding-left: 50px !important;}\u00bb]<\/p>\n<h2 style=\"text-align: center;\"><span style=\"color: #ff9900; font-size: 24pt;\">\u00bfQu\u00e9 sill\u00f3n orejero tienes en mente?<\/span><\/h2>\n<p>[\/vc_column_text][vc_column_text]Sabemos que cada hogar y cada persona tiene necesidades diferentes. Por eso, ofrecemos una selecci\u00f3n variada de sillones orejeros en Zaragoza, con opciones que van desde modelos m\u00e1s compactos para espacios peque\u00f1os hasta sillones orejeros reclinables para aquellos que buscan un plus de confort.[\/vc_column_text][vc_row_inner][vc_column_inner width=\u00bb1\/3&#8243;][vc_column_text]<\/p>\n<h3 style=\"text-align: left;\"><strong><span style=\"color: #ff9900; font-size: 20pt;\">Sillones orejeros reclinables<\/span><\/strong><\/h3>\n<p>La mejor opci\u00f3n si quieres un dise\u00f1o tradicional pero que te permite ajustar el respaldo e incluso elevar los pies para relajarte por completo.[\/vc_column_text][\/vc_column_inner][vc_column_inner width=\u00bb1\/3&#8243;][vc_column_text]<\/p>\n<h3 style=\"text-align: left;\"><strong><span style=\"color: #ff9900; font-size: 20pt;\">Sillones orejeros tradicionales<\/span><\/strong><\/h3>\n<p>Estos modelos mantienen la esencia del sill\u00f3n orejero original, con un dise\u00f1o robusto y elegante que a\u00f1ade un toque de distinci\u00f3n a cualquier sal\u00f3n. Son perfectos para los que lo van a usar m\u00e1s como elemento decorativo. Aun as\u00ed, es muy c\u00f3modo.[\/vc_column_text][\/vc_column_inner][vc_column_inner width=\u00bb1\/3&#8243;][vc_column_text]<\/p>\n<h3 style=\"text-align: left;\"><strong><span style=\"color: #ff9900; font-size: 20pt;\">Sof\u00e1s orejeros reclinables<\/span><\/strong><\/h3>\n<p>Si sigues queriendo un reclinable, pero con m\u00e1s capacidad, un sof\u00e1 orejero es lo que mejor se va a adaptar. Ideales para salones m\u00e1s amplios o incluso para familias numerosas.[\/vc_column_text][\/vc_column_inner][\/vc_row_inner][vc_row_inner][vc_column_inner][vc_btn title=\u00bb\u00bfAlguna duda?\u00bb style=\u00bbcustom\u00bb custom_background=\u00bb#ffa400&#8243; custom_text=\u00bb#ffffff\u00bb shape=\u00bbsquare\u00bb align=\u00bbcenter\u00bb css_animation=\u00bbnone\u00bb link=\u00bburl:https%3A%2F%2Fwww.mueblesnebra.com%2Fsofas-en-zaragoza%2Fcontacto%2F\u00bb css=\u00bb.vc_custom_1724142206323{padding-right: 20px !important;}\u00bb][\/vc_column_inner][\/vc_row_inner][vc_tta_accordion section_title_tag=\u00bbh2&#8243; active_section=\u00bb2000000000000&#8243; collapsible_all=\u00bbtrue\u00bb][vc_tta_section title=\u00bbM\u00e1s sobre nuestros sillones orejeros\u00bb tab_id=\u00bb1731579480425-cd8ba553-5e3a\u00bb][vc_column_text]<\/p>\n<h3>Sof\u00e1 1 plaza reclinable<\/h3>\n<p>El sill\u00f3n orejero reclinable de 1 plaza es ideal si necesitas un asiento individual para relajarte a gusto t\u00fa s\u00f3lo. A\u00fan mejor si dispones de poco espacio. Te permite ajustar la postura de acuerdo con tus preferencias y necesidades de confort. Gracias a su tama\u00f1o, nuestro sof\u00e1 1 plaza reclinable encaja en cualquier espacio, desde el sal\u00f3n hasta el dormitorio o una zona de lectura. Su dise\u00f1o permite acomodarlo f\u00e1cilmente en rincones o junto a otros muebles, sin ocupar demasiado espacio.<\/p>\n<p>Col\u00f3calo junto a una mesa auxiliar, a\u00f1ade una l\u00e1mpara de lectura y tendr\u00e1s el lugar ideal para relajarte con un libro, ver una pel\u00edcula o simplemente desconectar.<\/p>\n<h3>Sof\u00e1 El\u00e9ctrico Reclinable<\/h3>\n<p>Estos sillones orejeros son sin\u00f3nimo del lujo que supone un confort tan \u00fanico. Es un sof\u00e1 el\u00e9ctrico reclinable avanzado que se ajusta con solo presionar un bot\u00f3n, as\u00ed de f\u00e1cil. Es tu mejor opci\u00f3n si buscas algo que te ayude a descansar sin mucho esfuerzo, y con la m\u00e1xima personalizaci\u00f3n.<\/p>\n<p>Muchos de nuestros sof\u00e1s el\u00e9ctricos reclinables incluyen caracter\u00edsticas adicionales, como puertos USB para cargar dispositivos, funciones de masaje, y calefacci\u00f3n en el respaldo y asiento. Estas opciones convierten el sof\u00e1 en un centro de relajaci\u00f3n total, ideal para largas sesiones de descanso o entretenimiento. La tecnolog\u00eda avanzada de los motores tambi\u00e9n garantiza un funcionamiento silencioso y sin interrupciones.<\/p>\n<p>\u00bfTe interesa alguno de estos sillones orejeros? \u00a1P\u00e1sate por <a href=\"https:\/\/www.google.com\/search?hl=es-ES&amp;gl=es&amp;q=Muebles+Nebra+-+VIVAREA+Servet,+C.+de+Miguel+Servet,+66,+50013+Zaragoza&amp;ludocid=15481208087226195233&amp;lsig=AB86z5V5Z6SyL7PaRIAEnuHQSoRf#lrd=0xd5914f975b06ecf:0xd6d84cbb7d059d21,1\" target=\"_blank\" rel=\"noopener\">nuestra tienda<\/a>![\/vc_column_text][\/vc_tta_section][\/vc_tta_accordion][\/vc_column][vc_column width=\u00bb1\/6&#8243;][\/vc_column][\/vc_row]<\/p>\n<\/div>","protected":false},"excerpt":{"rendered":"<p>[vc_row full_width=\u00bbstretch_row_content\u00bb css_animation=\u00bbfadeIn\u00bb css=\u00bb.vc_custom_1724144216637{margin-bottom: 0px !important;padding-bottom: 0px !important;background-image: url(http:\/\/www.mueblesnebra.com\/sofas-en-zaragoza\/wp-content\/uploads\/sites\/2\/2024\/08\/portada-sillones-orejeros-en-zaragoza.webp?id=181) !important;background-position: center !important;background-repeat: no-repeat !important;background-size: cover !important;}\u00bb][vc_column][vc_empty_space height=\u00bb100px\u00bb][vc_empty_space height=\u00bb150px\u00bb el_class=\u00bbdisplay-none\u00bb][vc_row_inner gap=\u00bb35&#8243; css=\u00bb.vc_custom_1718355471939{padding-right: 5px !important;padding-left: 5px !important;}\u00bb][vc_column_inner width=\u00bb1\/6&#8243;][\/vc_column_inner][vc_column_inner width=\u00bb2\/3&#8243;][vc_column_text css=\u00bb.vc_custom_1724139893030{margin-right: 10px !important;margin-left: 10px !important;}\u00bb] Sillones orejeros Zaragoza Si te gusta m\u00e1s lo tradicional, un buen sill\u00f3n orejero es lo que est\u00e1s buscando. Reconocidos por su dise\u00f1o cl\u00e1sico [&hellip;]<\/p>\n","protected":false},"author":395,"featured_media":0,"parent":223,"menu_order":0,"comment_status":"closed","ping_status":"closed","template":"","meta":{"_genesis_hide_title":false,"_genesis_hide_breadcrumbs":false,"_genesis_hide_singular_image":false,"_genesis_hide_footer_widgets":false,"_genesis_custom_body_class":"","_genesis_custom_post_class":"","_genesis_layout":"","footnotes":""},"class_list":{"0":"post-170","1":"page","2":"type-page","3":"status-publish","5":"entry"},"_links":{"self":[{"href":"https:\/\/www.mueblesnebra.com\/sofas-en-zaragoza\/wp-json\/wp\/v2\/pages\/170","targetHints":{"allow":["GET"]}}],"collection":[{"href":"https:\/\/www.mueblesnebra.com\/sofas-en-zaragoza\/wp-json\/wp\/v2\/pages"}],"about":[{"href":"https:\/\/www.mueblesnebra.com\/sofas-en-zaragoza\/wp-json\/wp\/v2\/types\/page"}],"author":[{"embeddable":true,"href":"https:\/\/www.mueblesnebra.com\/sofas-en-zaragoza\/wp-json\/wp\/v2\/users\/395"}],"replies":[{"embeddable":true,"href":"https:\/\/www.mueblesnebra.com\/sofas-en-zaragoza\/wp-json\/wp\/v2\/comments?post=170"}],"version-history":[{"count":16,"href":"https:\/\/www.mueblesnebra.com\/sofas-en-zaragoza\/wp-json\/wp\/v2\/pages\/170\/revisions"}],"predecessor-version":[{"id":353,"href":"https:\/\/www.mueblesnebra.com\/sofas-en-zaragoza\/wp-json\/wp\/v2\/pages\/170\/revisions\/353"}],"up":[{"embeddable":true,"href":"https:\/\/www.mueblesnebra.com\/sofas-en-zaragoza\/wp-json\/wp\/v2\/pages\/223"}],"wp:attachment":[{"href":"https:\/\/www.mueblesnebra.com\/sofas-en-zaragoza\/wp-json\/wp\/v2\/media?parent=170"}],"curies":[{"name":"wp","href":"https:\/\/api.w.org\/{rel}","templated":true}]}}