{"id":15963,"date":"2026-04-21T12:51:59","date_gmt":"2026-04-21T10:51:59","guid":{"rendered":"https:\/\/www.mueblesnebra.com\/sofas-en-zaragoza\/?page_id=15963"},"modified":"2026-04-21T12:51:59","modified_gmt":"2026-04-21T10:51:59","slug":"tegar-mobel","status":"publish","type":"page","link":"https:\/\/www.mueblesnebra.com\/sofas-en-zaragoza\/marcas\/tegar-mobel\/","title":{"rendered":"Tegar Mobel"},"content":{"rendered":"<div class=\"wpb-content-wrapper\"><p>[vc_row full_width=\u00bbstretch_row_content\u00bb css_animation=\u00bbnone\u00bb css=\u00bb.vc_custom_1771496601406{margin-bottom: 0px !important;padding-bottom: 0px !important;background-image: url(http:\/\/www.mueblesnebra.com\/sofas-en-zaragoza\/wp-content\/uploads\/sites\/2\/2026\/02\/tienda-de-sofas-cama-de-ibercam.webp?id=15722) !important;background-position: center !important;background-repeat: no-repeat !important;background-size: cover !important;}\u00bb][vc_column][vc_row_inner gap=\u00bb35&#8243; css=\u00bb.vc_custom_1718355471939{padding-right: 5px !important;padding-left: 5px !important;}\u00bb][vc_column_inner width=\u00bb1\/6&#8243;][\/vc_column_inner][vc_column_inner width=\u00bb2\/3&#8243;][vc_column_text css=\u00bb.vc_custom_1776766526191{margin-right: 10px !important;margin-left: 10px !important;}\u00bb]<\/p>\n<h1 style=\"text-align: center;\"><strong><span style=\"color: #ffffff; text-shadow: 4px 4px 4px #333;\">Cat\u00e1logo de Tegar Mobel en Muebles Nebra<\/span><\/strong><\/h1>\n<p style=\"text-align: center;\"><strong><span style=\"color: #ffffff; text-shadow: 4px 4px 4px #333;\">En nuestra tienda tienes disponible el cat\u00e1logo de Tegar Mobel en Zaragoza, una marca especializada en soluciones completas para el hogar: dormitorios juveniles, armarios a medida y muebles de sal\u00f3n con dise\u00f1o actual.<\/span><\/strong><\/p>\n<p style=\"text-align: center;\"><strong><span style=\"color: #ffffff; text-shadow: 4px 4px 4px #333;\">Los dormitorios Tegar Mobel, junto con sus sistemas modulares y armarios, est\u00e1n pensados para adaptarse al espacio real, permitiendo configurar cada estancia seg\u00fan necesidades concretas.<\/span><\/strong><\/p>\n<p>[\/vc_column_text][vc_empty_space height=\u00bb100px\u00bb el_class=\u00bbdisplay-none\u00bb][vc_btn title=\u00bbCONT\u00c1CTANOS\u00bb style=\u00bbcustom\u00bb custom_background=\u00bb#ffa400&#8243; custom_text=\u00bb#ffffff\u00bb shape=\u00bbsquare\u00bb align=\u00bbcenter\u00bb css_animation=\u00bbnone\u00bb css=\u00bb.vc_custom_1733132933932{padding-right: 20px !important;}\u00bb link=\u00bburl:https%3A%2F%2Fwww.mueblesnebra.com%2Fsofas-en-zaragoza%2Fcontacto%2F\u00bb][\/vc_column_inner][vc_column_inner width=\u00bb1\/6&#8243;][\/vc_column_inner][\/vc_row_inner][vc_empty_space height=\u00bb150px\u00bb el_class=\u00bbdisplay-none\u00bb][vc_empty_space height=\u00bb100px\u00bb][\/vc_column][\/vc_row][vc_row full_width=\u00bbstretch_row_content\u00bb][vc_column][vc_row_inner][vc_column_inner width=\u00bb2\/4&#8243;][vc_column_text]<\/p>\n<p style=\"text-align: left;\"><nav aria-label=\"breadcrumbs\" class=\"rank-math-breadcrumb\"><p><span class=\"last\">Inicio<\/span><\/p><\/nav><\/p>\n<p>[\/vc_column_text][\/vc_column_inner][vc_column_inner width=\u00bb1\/4&#8243;][\/vc_column_inner][vc_column_inner width=\u00bb1\/4&#8243;][\/vc_column_inner][\/vc_row_inner][\/vc_column][\/vc_row][vc_row full_width=\u00bbstretch_row_content\u00bb][vc_column width=\u00bb1\/6&#8243;][\/vc_column][vc_column width=\u00bb2\/3&#8243;][vc_column_text css=\u00bb.vc_custom_1776766538398{padding-right: 50px !important;padding-left: 50px !important;}\u00bb]<\/p>\n<h2 style=\"text-align: center;\"><span style=\"color: #ff9900; font-size: 24pt;\">A tu disposici\u00f3n todo el cat\u00e1logo de Tegar Mobel en Zaragoza<\/span><\/h2>\n<p>[\/vc_column_text][vc_column_text css=\u00bb\u00bb]Trabajamos con el <strong>cat\u00e1logo completo<\/strong> de Tegar Mobel, lo que nos permite ofrecer soluciones integrales para distintas zonas del hogar: dormitorios juveniles, armarios, salones y mobiliario auxiliar.<\/p>\n<p>La gran ventaja de esta marca es su capacidad de <strong>personalizaci\u00f3n.<\/strong> No se trata de muebles cerrados, sino de sistemas modulares que permiten adaptar medidas, distribuci\u00f3n y acabados, lo que facilita que cada cliente pueda dise\u00f1ar su espacio en funci\u00f3n del tama\u00f1o de la estancia, el uso diario y el estilo que busca.<\/p>\n<p>Adem\u00e1s, todos los muebles mantienen una <strong>coherencia est\u00e9tica<\/strong> entre s\u00ed, lo que permite crear ambientes completos con un mismo lenguaje de dise\u00f1o, desde el dormitorio hasta el sal\u00f3n.[\/vc_column_text][vc_masonry_media_grid css=\u00bb\u00bb initial_loading_animation=\u00bbnone\u00bb grid_id=\u00bbvc_gid:1776767322413-4c3a67ab-2922-0&#8243; include=\u00bb15971,15976,15974&#8243;][\/vc_column][vc_column width=\u00bb1\/6&#8243;][\/vc_column][\/vc_row][vc_row full_width=\u00bbstretch_row_content_no_spaces\u00bb css=\u00bb.vc_custom_1721117250766{margin-bottom: 0px !important;padding-bottom: 0px !important;}\u00bb][vc_column width=\u00bb1\/6&#8243;][\/vc_column][vc_column width=\u00bb2\/3&#8243;][vc_column_text css=\u00bb.vc_custom_1776766670801{padding-right: 50px !important;padding-left: 50px !important;}\u00bb]<\/p>\n<h2 style=\"text-align: center;\"><span style=\"color: #ff9900; font-size: 24pt;\">Dormitorios Tegar Mobel<\/span><\/h2>\n<p>[\/vc_column_text][vc_column_text css=\u00bb.vc_custom_1776766698372{padding-right: 50px !important;padding-left: 50px !important;}\u00bb]<\/p>\n<p style=\"text-align: center;\">Los dormitorios Tegar Mobel est\u00e1n dise\u00f1ados para aprovechar al <strong>m\u00e1ximo el espacio sin renunciar al dise\u00f1o<\/strong>. Son especialmente \u00fatiles en habitaciones donde hay que combinar <strong>descanso, estudio y almacenaje<\/strong> en pocos metros. Gracias a su sistema modular, permiten configurar diferentes combinaciones en funci\u00f3n de la edad, el uso y las dimensiones del dormitorio.<\/p>\n<p>[\/vc_column_text][vc_btn title=\u00bbNuestras Tiendas\u00bb style=\u00bbcustom\u00bb custom_background=\u00bb#ffa400&#8243; custom_text=\u00bb#ffffff\u00bb shape=\u00bbsquare\u00bb align=\u00bbcenter\u00bb css_animation=\u00bbnone\u00bb css=\u00bb.vc_custom_1771494664589{padding-right: 20px !important;}\u00bb link=\u00bburl:https%3A%2F%2Fwww.mueblesnebra.com%2Fnuestras-tiendas%2F\u00bb][vc_row_inner][vc_column_inner width=\u00bb1\/2&#8243;][vc_column_text css=\u00bb.vc_custom_1776766772741{padding-right: 50px !important;padding-left: 50px !important;}\u00bb]<\/p>\n<h3 style=\"text-align: left;\"><span style=\"color: #ff9900; font-size: 18pt;\">Juveniles<\/span><\/h3>\n<p>La colecci\u00f3n juvenil, como QB Next, destaca por su <strong>enfoque pr\u00e1ctico y adaptable<\/strong>, combinando zonas de descanso, estudio y almacenamiento en una misma composici\u00f3n.<\/p>\n<p>Se trata de dormitorios pensados para <strong>acompa\u00f1ar el crecimiento<\/strong>, con soluciones que permiten modificar la distribuci\u00f3n sin necesidad de cambiar todo el mobiliario. Esto es clave en habitaciones infantiles y juveniles, donde las necesidades cambian con el tiempo. Adem\u00e1s, ofrecen m\u00faltiples opciones de personalizaci\u00f3n en colores y m\u00f3dulos, lo que permite crear espacios \u00fanicos sin limitarse a combinaciones est\u00e1ndar.[\/vc_column_text][\/vc_column_inner][vc_column_inner width=\u00bb1\/2&#8243;][vc_column_text css=\u00bb.vc_custom_1776766871302{padding-right: 50px !important;padding-left: 50px !important;}\u00bb]<\/p>\n<h3 style=\"text-align: left;\"><span style=\"color: #ff9900; font-size: 18pt;\">Otros estilos<\/span><\/h3>\n<p>Adem\u00e1s de la l\u00ednea juvenil, el cat\u00e1logo incluye opciones con un dise\u00f1o m\u00e1s neutro y atemporal, ideales para habitaciones de <strong>invitados<\/strong> o dormitorios que buscan una <strong>est\u00e9tica m\u00e1s sobria<\/strong>.<\/p>\n<p>Estos modelos permiten mantener la funcionalidad de la marca Tegar Mobel, pero con un enfoque m\u00e1s elegante y menos condicionado por la edad, adapt\u00e1ndose a diferentes tipos de vivienda.[\/vc_column_text][\/vc_column_inner][\/vc_row_inner][vc_row_inner][vc_column_inner width=\u00bb1\/6&#8243;][\/vc_column_inner][vc_column_inner width=\u00bb2\/3&#8243;][vc_column_text css=\u00bb.vc_custom_1776766933811{padding-right: 50px !important;padding-left: 50px !important;}\u00bb]<\/p>\n<h3 style=\"text-align: left;\"><span style=\"color: #ff9900; font-size: 18pt;\">Variedad de muebles<\/span><\/h3>\n<p>El cat\u00e1logo de dormitorios incluye una amplia variedad de piezas que permiten configurar el <strong>espacio completo<\/strong> con camas compactas y nido, literas y trenes, camas abatibles para optimizar espacio, escritorios integrados, estanter\u00edas y m\u00f3dulos de almacenaje, cabeceros y elementos auxiliares.<\/p>\n<p>Esto permite <strong>dise\u00f1ar el dormitorio de forma global<\/strong>, integrando todos los elementos en una \u00fanica composici\u00f3n coherente, en lugar de combinar muebles independientes sin conexi\u00f3n entre s\u00ed.[\/vc_column_text][\/vc_column_inner][vc_column_inner width=\u00bb1\/6&#8243;][\/vc_column_inner][\/vc_row_inner][vc_row_inner][vc_column_inner][vc_masonry_media_grid css=\u00bb\u00bb initial_loading_animation=\u00bbnone\u00bb grid_id=\u00bbvc_gid:1776767322416-db870ca9-4031-10&#8243; include=\u00bb15978,15973,15972&#8243;][\/vc_column_inner][\/vc_row_inner][\/vc_column][vc_column width=\u00bb1\/6&#8243;][\/vc_column][\/vc_row][vc_row][vc_column][vc_empty_space height=\u00bb50px\u00bb][\/vc_column][\/vc_row][vc_row full_width=\u00bbstretch_row_content\u00bb][vc_column width=\u00bb1\/2&#8243;][vc_column_text css=\u00bb.vc_custom_1776767009617{padding-right: 50px !important;padding-left: 50px !important;}\u00bb]<\/p>\n<h2><span style=\"color: #ff9900; font-size: 24pt;\">Armarios Tegar Mobel de calidad<\/span><\/h2>\n<p>[\/vc_column_text][vc_column_text css=\u00bb\u00bb]Los armarios Tegar Mobel destacan por su <strong>versatilidad<\/strong> y capacidad de <strong>adaptaci\u00f3n<\/strong> a diferentes espacios, no solo en dormitorios, sino tambi\u00e9n en entradas, salones o zonas de paso.<\/p>\n<p>El cat\u00e1logo incluye <strong>m\u00faltiples sistemas de apertura<\/strong> (batientes, correderas y plegables) as\u00ed como <strong>vestidores<\/strong> configurables, lo que permite elegir la soluci\u00f3n m\u00e1s adecuada seg\u00fan el espacio disponible y el uso diario.<\/p>\n<p>Adem\u00e1s, el interior de los armarios puede organizarse de forma <strong>personalizada,<\/strong> incorporando baldas, cajones, barras y divisiones que facilitan mantener el orden y optimizar el almacenamiento. No son armarios est\u00e1ndar, sino soluciones dise\u00f1adas para integrarse en la vivienda y responder a necesidades reales.[\/vc_column_text][vc_btn title=\u00bbCONT\u00c1CTANOS\u00bb style=\u00bbcustom\u00bb custom_background=\u00bb#ffa400&#8243; custom_text=\u00bb#ffffff\u00bb shape=\u00bbsquare\u00bb align=\u00bbcenter\u00bb css_animation=\u00bbnone\u00bb css=\u00bb.vc_custom_1733132933932{padding-right: 20px !important;}\u00bb link=\u00bburl:https%3A%2F%2Fwww.mueblesnebra.com%2Fsofas-en-zaragoza%2Fcontacto%2F\u00bb][\/vc_column][vc_column width=\u00bb1\/2&#8243;][vc_single_image image=\u00bb15975&#8243; img_size=\u00bbfull\u00bb alignment=\u00bbcenter\u00bb css=\u00bb\u00bb][\/vc_column][\/vc_row][vc_row full_width=\u00bbstretch_row_content\u00bb][vc_column width=\u00bb1\/2&#8243;][vc_single_image image=\u00bb15977&#8243; img_size=\u00bbfull\u00bb alignment=\u00bbcenter\u00bb css=\u00bb\u00bb][\/vc_column][vc_column width=\u00bb1\/2&#8243;][vc_column_text css=\u00bb.vc_custom_1776767191945{padding-right: 50px !important;padding-left: 50px !important;}\u00bb]<\/p>\n<h2><span style=\"color: #ff9900; font-size: 24pt;\">Cat\u00e1logo Tegar Mobel para salones de cualquier estilo<\/span><\/h2>\n<p>[\/vc_column_text][vc_column_text css=\u00bb\u00bb]El cat\u00e1logo de Tegar Mobel para salones ofrece <strong>distintas l\u00edneas de dise\u00f1o<\/strong> que permiten adaptarse a diferentes estilos, desde ambientes m\u00e1s minimalistas hasta propuestas m\u00e1s c\u00e1lidas y combinadas.<\/p>\n<p>El programa <strong>Natur<\/strong> trabaja con m\u00f3dulos que se combinan entre s\u00ed para crear composiciones completas, utilizando estructuras y acabados que aportan continuidad visual y equilibrio en el espacio. Por otro lado, la l\u00ednea <strong>Muss<\/strong> apuesta por un dise\u00f1o m\u00e1s limpio, eliminando tiradores y utilizando sistemas de apertura integrados, lo que da como resultado muebles m\u00e1s actuales y visualmente ligeros.<\/p>\n<p>Ambos programas permiten <strong>configurar el sal\u00f3n a medida<\/strong>, combinando m\u00f3dulos bajos, altos, vitrinas o estanter\u00edas seg\u00fan el espacio y la funcionalidad que se necesite.[\/vc_column_text][\/vc_column][\/vc_row][vc_row full_width=\u00bbstretch_row_content\u00bb][vc_column width=\u00bb1\/6&#8243;][\/vc_column][vc_column width=\u00bb2\/3&#8243;][vc_column_text css=\u00bb.vc_custom_1776767248633{padding-right: 50px !important;padding-left: 50px !important;}\u00bb]<\/p>\n<h2 style=\"text-align: center;\"><span style=\"color: #ff9900; font-size: 24pt;\">Tegar Mobel juvenil disponible en nuestras tiendas<\/span><\/h2>\n<p>[\/vc_column_text][vc_column_text css=\u00bb\u00bb]En nuestras tiendas puedes ver y probar distintas configuraciones de dormitorios Tegar Mobel, especialmente en su l\u00ednea juvenil, donde es importante comprobar c\u00f3mo se adapta cada soluci\u00f3n al espacio real.<\/p>\n<p>No solo trabajamos sobre cat\u00e1logo, sino que ayudamos a definir la mejor distribuci\u00f3n seg\u00fan las medidas de la habitaci\u00f3n, el n\u00famero de usuarios y el uso que se le va a dar. Esto permite tomar decisiones m\u00e1s acertadas antes de comprar, viendo c\u00f3mo encajan los m\u00f3dulos y qu\u00e9 combinaci\u00f3n resulta m\u00e1s funcional para el d\u00eda a d\u00eda.[\/vc_column_text][vc_tta_accordion section_title_tag=\u00bbh2&#8243; active_section=\u00bb2000000000000&#8243; collapsible_all=\u00bbtrue\u00bb][vc_tta_section title=\u00bb\u00bfQu\u00e9 acabados de Tegar Mobel hay disponibles?\u00bb tab_id=\u00bb1776767267635-1c921332-c4b5&#8243;][vc_column_text css=\u00bb\u00bb]Los acabados Tegar Mobel son uno de los puntos clave de la marca, ya que permiten personalizar completamente cada mueble y adaptarlo al estilo del espacio. El cat\u00e1logo incluye una amplia gama de colores, desde tonos neutros como blancos, arenas o grises, hasta opciones m\u00e1s atrevidas como terracota, verde o carb\u00f3n. Adem\u00e1s, se pueden combinar diferentes acabados en un mismo mueble para crear composiciones m\u00e1s din\u00e1micas.<\/p>\n<p>Tambi\u00e9n se trabajan materiales como madera, metal o cristal, lo que permite ajustar el dise\u00f1o tanto a ambientes m\u00e1s modernos como a espacios m\u00e1s c\u00e1lidos o naturales. Esta variedad de acabados es lo que permite que cada proyecto sea diferente, sin limitarse a soluciones est\u00e1ndar.[\/vc_column_text][\/vc_tta_section][\/vc_tta_accordion][\/vc_column][vc_column width=\u00bb1\/6&#8243;][\/vc_column][\/vc_row]<\/p>\n<\/div>","protected":false},"excerpt":{"rendered":"<p>[vc_row full_width=\u00bbstretch_row_content\u00bb css_animation=\u00bbnone\u00bb css=\u00bb.vc_custom_1771496601406{margin-bottom: 0px !important;padding-bottom: 0px !important;background-image: url(http:\/\/www.mueblesnebra.com\/sofas-en-zaragoza\/wp-content\/uploads\/sites\/2\/2026\/02\/tienda-de-sofas-cama-de-ibercam.webp?id=15722) !important;background-position: center !important;background-repeat: no-repeat !important;background-size: cover !important;}\u00bb][vc_column][vc_row_inner gap=\u00bb35&#8243; css=\u00bb.vc_custom_1718355471939{padding-right: 5px !important;padding-left: 5px !important;}\u00bb][vc_column_inner width=\u00bb1\/6&#8243;][\/vc_column_inner][vc_column_inner width=\u00bb2\/3&#8243;][vc_column_text css=\u00bb.vc_custom_1776766526191{margin-right: 10px !important;margin-left: 10px !important;}\u00bb] Cat\u00e1logo de Tegar Mobel en Muebles Nebra En nuestra tienda tienes disponible el cat\u00e1logo de Tegar Mobel en Zaragoza, una marca especializada en soluciones completas para [&hellip;]<\/p>\n","protected":false},"author":395,"featured_media":0,"parent":15656,"menu_order":0,"comment_status":"closed","ping_status":"closed","template":"","meta":{"_genesis_hide_title":false,"_genesis_hide_breadcrumbs":false,"_genesis_hide_singular_image":false,"_genesis_hide_footer_widgets":false,"_genesis_custom_body_class":"","_genesis_custom_post_class":"","_genesis_layout":"","footnotes":""},"class_list":{"0":"post-15963","1":"page","2":"type-page","3":"status-publish","5":"entry"},"_links":{"self":[{"href":"https:\/\/www.mueblesnebra.com\/sofas-en-zaragoza\/wp-json\/wp\/v2\/pages\/15963","targetHints":{"allow":["GET"]}}],"collection":[{"href":"https:\/\/www.mueblesnebra.com\/sofas-en-zaragoza\/wp-json\/wp\/v2\/pages"}],"about":[{"href":"https:\/\/www.mueblesnebra.com\/sofas-en-zaragoza\/wp-json\/wp\/v2\/types\/page"}],"author":[{"embeddable":true,"href":"https:\/\/www.mueblesnebra.com\/sofas-en-zaragoza\/wp-json\/wp\/v2\/users\/395"}],"replies":[{"embeddable":true,"href":"https:\/\/www.mueblesnebra.com\/sofas-en-zaragoza\/wp-json\/wp\/v2\/comments?post=15963"}],"version-history":[{"count":9,"href":"https:\/\/www.mueblesnebra.com\/sofas-en-zaragoza\/wp-json\/wp\/v2\/pages\/15963\/revisions"}],"predecessor-version":[{"id":15980,"href":"https:\/\/www.mueblesnebra.com\/sofas-en-zaragoza\/wp-json\/wp\/v2\/pages\/15963\/revisions\/15980"}],"up":[{"embeddable":true,"href":"https:\/\/www.mueblesnebra.com\/sofas-en-zaragoza\/wp-json\/wp\/v2\/pages\/15656"}],"wp:attachment":[{"href":"https:\/\/www.mueblesnebra.com\/sofas-en-zaragoza\/wp-json\/wp\/v2\/media?parent=15963"}],"curies":[{"name":"wp","href":"https:\/\/api.w.org\/{rel}","templated":true}]}}