{"id":15942,"date":"2026-04-21T11:07:27","date_gmt":"2026-04-21T09:07:27","guid":{"rendered":"https:\/\/www.mueblesnebra.com\/sofas-en-zaragoza\/?page_id=15942"},"modified":"2026-04-21T11:07:27","modified_gmt":"2026-04-21T09:07:27","slug":"tapizados-mydel","status":"publish","type":"page","link":"https:\/\/www.mueblesnebra.com\/sofas-en-zaragoza\/marcas\/tapizados-mydel\/","title":{"rendered":"Tapizados Mydel"},"content":{"rendered":"<div class=\"wpb-content-wrapper\"><p>[vc_row full_width=\u00bbstretch_row_content\u00bb css_animation=\u00bbnone\u00bb css=\u00bb.vc_custom_1771496601406{margin-bottom: 0px !important;padding-bottom: 0px !important;background-image: url(http:\/\/www.mueblesnebra.com\/sofas-en-zaragoza\/wp-content\/uploads\/sites\/2\/2026\/02\/tienda-de-sofas-cama-de-ibercam.webp?id=15722) !important;background-position: center !important;background-repeat: no-repeat !important;background-size: cover !important;}\u00bb][vc_column][vc_row_inner gap=\u00bb35&#8243; css=\u00bb.vc_custom_1718355471939{padding-right: 5px !important;padding-left: 5px !important;}\u00bb][vc_column_inner width=\u00bb1\/6&#8243;][\/vc_column_inner][vc_column_inner width=\u00bb2\/3&#8243;][vc_column_text css=\u00bb.vc_custom_1776760342122{margin-right: 10px !important;margin-left: 10px !important;}\u00bb]<\/p>\n<h1 style=\"text-align: center;\"><strong><span style=\"color: #ffffff; text-shadow: 4px 4px 4px #333;\">Todo el cat\u00e1logo de Tapizados Mydel en Zaragoza<\/span><\/strong><\/h1>\n<p style=\"text-align: center;\"><strong><span style=\"color: #ffffff; text-shadow: 4px 4px 4px #333;\">En nuestra tienda puedes encontrar todo el cat\u00e1logo de Tapizados Mydel en Zaragoza, una marca especializada en sof\u00e1s y sillones relax que combina funcionalidad, variedad de mecanismos y opciones de configuraci\u00f3n.<\/span><\/strong><\/p>\n<p style=\"text-align: center;\"><strong><span style=\"color: #ffffff; text-shadow: 4px 4px 4px #333;\">Los sof\u00e1s de Tapizados Mydel est\u00e1n fabricados para adaptarse a distintos tipos de uso, desde modelos el\u00e9ctricos hasta sof\u00e1s cama o sistemas extra\u00edbles, permitiendo elegir en funci\u00f3n del espacio y del nivel de confort que buscas.<\/span><\/strong><\/p>\n<p>[\/vc_column_text][vc_empty_space height=\u00bb100px\u00bb el_class=\u00bbdisplay-none\u00bb][vc_btn title=\u00bbCONT\u00c1CTANOS\u00bb style=\u00bbcustom\u00bb custom_background=\u00bb#ffa400&#8243; custom_text=\u00bb#ffffff\u00bb shape=\u00bbsquare\u00bb align=\u00bbcenter\u00bb css_animation=\u00bbnone\u00bb css=\u00bb.vc_custom_1733132933932{padding-right: 20px !important;}\u00bb link=\u00bburl:https%3A%2F%2Fwww.mueblesnebra.com%2Fsofas-en-zaragoza%2Fcontacto%2F\u00bb][\/vc_column_inner][vc_column_inner width=\u00bb1\/6&#8243;][\/vc_column_inner][\/vc_row_inner][vc_empty_space height=\u00bb150px\u00bb el_class=\u00bbdisplay-none\u00bb][vc_empty_space height=\u00bb100px\u00bb][\/vc_column][\/vc_row][vc_row full_width=\u00bbstretch_row_content\u00bb][vc_column][vc_row_inner][vc_column_inner width=\u00bb2\/4&#8243;][vc_column_text]<\/p>\n<p style=\"text-align: left;\"><nav aria-label=\"breadcrumbs\" class=\"rank-math-breadcrumb\"><p><span class=\"last\">Inicio<\/span><\/p><\/nav><\/p>\n<p>[\/vc_column_text][\/vc_column_inner][vc_column_inner width=\u00bb1\/4&#8243;][\/vc_column_inner][vc_column_inner width=\u00bb1\/4&#8243;][\/vc_column_inner][\/vc_row_inner][\/vc_column][\/vc_row][vc_row full_width=\u00bbstretch_row_content\u00bb][vc_column width=\u00bb1\/6&#8243;][\/vc_column][vc_column width=\u00bb2\/3&#8243;][vc_column_text css=\u00bb.vc_custom_1776760459415{padding-right: 50px !important;padding-left: 50px !important;}\u00bb]<\/p>\n<h2 style=\"text-align: center;\"><span style=\"color: #ff9900; font-size: 24pt;\">Cat\u00e1logo de Tapizados Mydel en Muebles Nebra<\/span><\/h2>\n<p>[\/vc_column_text][vc_column_text css=\u00bb\u00bb]El cat\u00e1logo de Tapizados Mydel <strong>se organiza en diferentes tipos de sof\u00e1<\/strong> seg\u00fan el mecanismo y la funcionalidad, lo que facilita encontrar una opci\u00f3n concreta para cada necesidad. Dentro del cat\u00e1logo puedes encontrar:<\/p>\n<ul>\n<li>Sof\u00e1s <strong>el\u00e9ctricos<\/strong><\/li>\n<li>Sof\u00e1s <strong>cama<\/strong><\/li>\n<li>Sof\u00e1s <strong>extra\u00edbles<\/strong><\/li>\n<li>Sof\u00e1s <strong>extra\u00edbles<\/strong> al <strong>suelo<\/strong><\/li>\n<li><strong>Sillones relax<\/strong> independientes<\/li>\n<\/ul>\n<p>Esta variedad permite configurar el sal\u00f3n combinando diferentes sof\u00e1s de Tapizados Mydel con sillones a juego, manteniendo <strong>coherencia en dise\u00f1o y uso<\/strong>.[\/vc_column_text][vc_masonry_media_grid element_width=\u00bb6&#8243; css=\u00bb\u00bb initial_loading_animation=\u00bbnone\u00bb grid_id=\u00bbvc_gid:1776761688799-9e08a740-29b9-5&#8243; include=\u00bb15952,15953,15954,15955&#8243;][\/vc_column][vc_column width=\u00bb1\/6&#8243;][\/vc_column][\/vc_row][vc_row full_width=\u00bbstretch_row_content_no_spaces\u00bb css=\u00bb.vc_custom_1721117250766{margin-bottom: 0px !important;padding-bottom: 0px !important;}\u00bb][vc_column width=\u00bb1\/6&#8243;][\/vc_column][vc_column width=\u00bb2\/3&#8243;][vc_column_text css=\u00bb.vc_custom_1776760528914{padding-right: 50px !important;padding-left: 50px !important;}\u00bb]<\/p>\n<h2 style=\"text-align: center;\"><span style=\"color: #ff9900; font-size: 24pt;\">Sof\u00e1s de Tapizados Mydel<\/span><\/h2>\n<p>[\/vc_column_text][vc_column_text css=\u00bb.vc_custom_1776760595497{padding-right: 50px !important;padding-left: 50px !important;}\u00bb]<\/p>\n<p style=\"text-align: center;\">Trabajamos diferentes l\u00edneas dentro del cat\u00e1logo de Tapizados Mydel, organizadas seg\u00fan el tipo de mecanismo.<\/p>\n<p>[\/vc_column_text][vc_row_inner][vc_column_inner width=\u00bb1\/2&#8243;][vc_column_text css=\u00bb.vc_custom_1776760706156{padding-right: 50px !important;padding-left: 50px !important;}\u00bb]<\/p>\n<h3 style=\"text-align: left;\"><span style=\"color: #ff9900; font-size: 18pt;\">El\u00e9ctricos<\/span><\/h3>\n<p>Los sof\u00e1s el\u00e9ctricos est\u00e1n dise\u00f1ados para ofrecer mayor comodidad mediante sistemas motorizados que permiten ajustar la posici\u00f3n del asiento o respaldo. Dentro de esta categor\u00eda destacan modelos como <strong>Londres, Java, Dubl\u00edn y Bolton<\/strong>, pensados para un uso diario donde se prioriza el confort. <strong>Destacable<\/strong> el sof\u00e1 el\u00e9ctrico Londres por su estructura de madera de pino con almohadas de asiento de poliuretano alta densidad.[\/vc_column_text][\/vc_column_inner][vc_column_inner width=\u00bb1\/2&#8243;][vc_column_text css=\u00bb.vc_custom_1776760803174{padding-right: 50px !important;padding-left: 50px !important;}\u00bb]<\/p>\n<h3 style=\"text-align: left;\"><span style=\"color: #ff9900; font-size: 18pt;\">Sof\u00e1s cama<\/span><\/h3>\n<p>Los sof\u00e1s cama Tapizados Mydel est\u00e1n orientados a ofrecer una <strong>soluci\u00f3n pr\u00e1ctica<\/strong> sin perder funcionalidad como sof\u00e1. Modelos como <strong>One y Lena<\/strong> permiten disponer de una cama adicional, adapt\u00e1ndose a diferentes espacios sin necesidad de a\u00f1adir mobiliario extra. Os <strong>aconsejamos<\/strong> el modelo One por sus respaldos y brazos de fibra hueca siliconada, adem\u00e1s del sistema italiano de apertura.[\/vc_column_text][\/vc_column_inner][\/vc_row_inner][vc_row_inner][vc_column_inner width=\u00bb1\/2&#8243;][vc_column_text css=\u00bb.vc_custom_1776760869588{padding-right: 50px !important;padding-left: 50px !important;}\u00bb]<\/p>\n<h3 style=\"text-align: left;\"><span style=\"color: #ff9900; font-size: 18pt;\">Extra\u00edbles<\/span><\/h3>\n<p>Los sof\u00e1s extra\u00edbles permiten <strong>ampliar la superficie de asiento<\/strong> de forma sencilla, mejorando la comodidad sin modificar la estructura del sof\u00e1. En esta categor\u00eda encontramos modelos como <strong>Laura y Oxford<\/strong>, pensados para un uso diario con mayor profundidad de asiento. El modelo <strong>Laura<\/strong> es el m\u00e1s vendido por sus excelentes prestaciones, as\u00ed que os lo recomendamos.[\/vc_column_text][\/vc_column_inner][vc_column_inner width=\u00bb1\/2&#8243;][vc_column_text css=\u00bb.vc_custom_1776761109480{padding-right: 50px !important;padding-left: 50px !important;}\u00bb]<\/p>\n<h3 style=\"text-align: left;\"><span style=\"color: #ff9900; font-size: 18pt;\">Extra\u00edbles al suelo<\/span><\/h3>\n<p>Los modelos extra\u00edbles al suelo ofrecen una <strong>superficie continua<\/strong> al extenderse, acerc\u00e1ndose m\u00e1s a una posici\u00f3n tipo cama. Destacan modelos como <strong>Vila, Lecco, Nydia y Tur\u00edn<\/strong>, muy utilizados dentro del cat\u00e1logo de Tapizados Mydel cuando se busca un mayor nivel de confort. Os <strong>recomendamos<\/strong> el sof\u00e1 Lecco por su sentada, que es mullida y confortante, adem\u00e1s del respaldo reclinable.[\/vc_column_text][\/vc_column_inner][\/vc_row_inner][vc_row_inner][vc_column_inner][vc_masonry_media_grid element_width=\u00bb6&#8243; css=\u00bb\u00bb initial_loading_animation=\u00bbnone\u00bb grid_id=\u00bbvc_gid:1776761688805-94fc6d54-1494-1&#8243; include=\u00bb15959,15958,15957,15956&#8243;][\/vc_column_inner][\/vc_row_inner][\/vc_column][vc_column width=\u00bb1\/6&#8243;][\/vc_column][\/vc_row][vc_row][vc_column][vc_empty_space height=\u00bb50px\u00bb][\/vc_column][\/vc_row][vc_row full_width=\u00bbstretch_row_content\u00bb][vc_column width=\u00bb1\/6&#8243;][\/vc_column][vc_column width=\u00bb2\/3&#8243;][vc_column_text css=\u00bb.vc_custom_1776761293637{padding-right: 50px !important;padding-left: 50px !important;}\u00bb]<\/p>\n<h2 style=\"text-align: center;\"><span style=\"color: #ff9900; font-size: 24pt;\">Sillones relax de Tapizados Mydel de calidad<\/span><\/h2>\n<p>[\/vc_column_text][vc_column_text css=\u00bb\u00bb]Los sillones relax Tapizados Mydel est\u00e1n dise\u00f1ados para ofrecer un descanso individual m\u00e1s <strong>c\u00f3modo<\/strong>, adapt\u00e1ndose a la postura del cuerpo y permitiendo un <strong>uso prolongado sin p\u00e9rdida de confort<\/strong>. Son una opci\u00f3n pr\u00e1ctica tanto como complemento del sof\u00e1 como para crear una zona de descanso independiente dentro del sal\u00f3n.<\/p>\n<p>Modelos como <strong>Leyre, Berl\u00edn, Blesa, Silver o Donna<\/strong> incorporan diferentes configuraciones seg\u00fan el tipo de mecanismo, permitiendo elegir entre opciones manuales o motorizadas seg\u00fan la preferencia de uso. Adem\u00e1s, su dise\u00f1o est\u00e1 pensado para integrarse con los sof\u00e1s de Tapizados Mydel, manteniendo coherencia est\u00e9tica en el conjunto del espacio.<\/p>\n<p>Este tipo de sill\u00f3n es especialmente \u00fatil cuando se busca una <strong>mayor comodidad<\/strong> en el d\u00eda a d\u00eda, ya que permite ajustar la posici\u00f3n de forma m\u00e1s precisa que un sof\u00e1 convencional.[\/vc_column_text][vc_column_text css=\u00bb.vc_custom_1776761493701{padding-right: 50px !important;padding-left: 50px !important;}\u00bb]<\/p>\n<h2 style=\"text-align: center;\"><span style=\"color: #ff9900; font-size: 24pt;\">Un Cat\u00e1logo de Tapizados Mydel con los mejores materiales<\/span><\/h2>\n<p>[\/vc_column_text][vc_column_text css=\u00bb\u00bb]El cat\u00e1logo de Tapizados Mydel se caracteriza por trabajar con <strong>materiales orientados a la durabilidad y al uso continuado<\/strong>, algo clave en muebles que se utilizan a diario como sof\u00e1s y sillones.<\/p>\n<p>Uno de los puntos m\u00e1s destacados es el uso de <strong>gomas de alta densidad<\/strong>, dise\u00f1adas para soportar hasta 100.000 sentadas de 80 kg sin perder propiedades, lo que garantiza que el sof\u00e1 mantenga su firmeza con el paso del tiempo. A esto se suman <strong>mecanismos extra\u00edbles robustos<\/strong>, preparados para un uso frecuente sin desgaste prematuro.<\/p>\n<p>En cuanto a la ergonom\u00eda, los modelos incorporan <strong>cabezales reclinables<\/strong>, muchos de ellos con sistema de carraca italiano, que permite ajustar la posici\u00f3n en distintos puntos seg\u00fan la comodidad que se busque. Todo esto hace que los sof\u00e1s Tapizados Mydel y sus sillones relax no solo ofrezcan una buena sensaci\u00f3n inicial, sino que mantengan su <strong>rendimiento a largo plazo<\/strong> en condiciones de uso reales.[\/vc_column_text][vc_tta_accordion section_title_tag=\u00bbh2&#8243; active_section=\u00bb2000000000000&#8243; collapsible_all=\u00bbtrue\u00bb][vc_tta_section title=\u00bbVen a nuestra tienda y descubre todos los sof\u00e1s de Tapizados Mydel\u00bb tab_id=\u00bb1776761550840-c3125bfc-592f\u00bb][vc_column_text css=\u00bb\u00bb]En nuestra tienda puedes ver distintos modelos del cat\u00e1logo de Tapizados Mydel, probarlos y comparar sensaciones antes de elegir. Trabajamos diferentes configuraciones de sof\u00e1s y sillones de esta marca, ayud\u00e1ndote a encontrar la opci\u00f3n que mejor se adapte a tu sal\u00f3n.<\/p>\n<p>Si buscas sof\u00e1s funcionales y c\u00f3modos en Zaragoza, <strong><a href=\"https:\/\/www.mueblesnebra.com\/nuestras-tiendas\/\">aqu\u00ed<\/a> <\/strong>puedes ver diferentes modelos y elegir el que mejor encaje contigo.[\/vc_column_text][\/vc_tta_section][\/vc_tta_accordion][vc_btn title=\u00bbCONT\u00c1CTANOS\u00bb style=\u00bbcustom\u00bb custom_background=\u00bb#ffa400&#8243; custom_text=\u00bb#ffffff\u00bb shape=\u00bbsquare\u00bb align=\u00bbcenter\u00bb css_animation=\u00bbnone\u00bb css=\u00bb.vc_custom_1733132933932{padding-right: 20px !important;}\u00bb link=\u00bburl:https%3A%2F%2Fwww.mueblesnebra.com%2Fsofas-en-zaragoza%2Fcontacto%2F\u00bb][\/vc_column][vc_column width=\u00bb1\/6&#8243;][\/vc_column][\/vc_row]<\/p>\n<\/div>","protected":false},"excerpt":{"rendered":"<p>[vc_row full_width=\u00bbstretch_row_content\u00bb css_animation=\u00bbnone\u00bb css=\u00bb.vc_custom_1771496601406{margin-bottom: 0px !important;padding-bottom: 0px !important;background-image: url(http:\/\/www.mueblesnebra.com\/sofas-en-zaragoza\/wp-content\/uploads\/sites\/2\/2026\/02\/tienda-de-sofas-cama-de-ibercam.webp?id=15722) !important;background-position: center !important;background-repeat: no-repeat !important;background-size: cover !important;}\u00bb][vc_column][vc_row_inner gap=\u00bb35&#8243; css=\u00bb.vc_custom_1718355471939{padding-right: 5px !important;padding-left: 5px !important;}\u00bb][vc_column_inner width=\u00bb1\/6&#8243;][\/vc_column_inner][vc_column_inner width=\u00bb2\/3&#8243;][vc_column_text css=\u00bb.vc_custom_1776760342122{margin-right: 10px !important;margin-left: 10px !important;}\u00bb] Todo el cat\u00e1logo de Tapizados Mydel en Zaragoza En nuestra tienda puedes encontrar todo el cat\u00e1logo de Tapizados Mydel en Zaragoza, una marca especializada en sof\u00e1s [&hellip;]<\/p>\n","protected":false},"author":395,"featured_media":0,"parent":15656,"menu_order":0,"comment_status":"closed","ping_status":"closed","template":"","meta":{"_genesis_hide_title":false,"_genesis_hide_breadcrumbs":false,"_genesis_hide_singular_image":false,"_genesis_hide_footer_widgets":false,"_genesis_custom_body_class":"","_genesis_custom_post_class":"","_genesis_layout":"","footnotes":""},"class_list":{"0":"post-15942","1":"page","2":"type-page","3":"status-publish","5":"entry"},"_links":{"self":[{"href":"https:\/\/www.mueblesnebra.com\/sofas-en-zaragoza\/wp-json\/wp\/v2\/pages\/15942","targetHints":{"allow":["GET"]}}],"collection":[{"href":"https:\/\/www.mueblesnebra.com\/sofas-en-zaragoza\/wp-json\/wp\/v2\/pages"}],"about":[{"href":"https:\/\/www.mueblesnebra.com\/sofas-en-zaragoza\/wp-json\/wp\/v2\/types\/page"}],"author":[{"embeddable":true,"href":"https:\/\/www.mueblesnebra.com\/sofas-en-zaragoza\/wp-json\/wp\/v2\/users\/395"}],"replies":[{"embeddable":true,"href":"https:\/\/www.mueblesnebra.com\/sofas-en-zaragoza\/wp-json\/wp\/v2\/comments?post=15942"}],"version-history":[{"count":10,"href":"https:\/\/www.mueblesnebra.com\/sofas-en-zaragoza\/wp-json\/wp\/v2\/pages\/15942\/revisions"}],"predecessor-version":[{"id":15960,"href":"https:\/\/www.mueblesnebra.com\/sofas-en-zaragoza\/wp-json\/wp\/v2\/pages\/15942\/revisions\/15960"}],"up":[{"embeddable":true,"href":"https:\/\/www.mueblesnebra.com\/sofas-en-zaragoza\/wp-json\/wp\/v2\/pages\/15656"}],"wp:attachment":[{"href":"https:\/\/www.mueblesnebra.com\/sofas-en-zaragoza\/wp-json\/wp\/v2\/media?parent=15942"}],"curies":[{"name":"wp","href":"https:\/\/api.w.org\/{rel}","templated":true}]}}