{"id":15922,"date":"2026-04-21T09:58:31","date_gmt":"2026-04-21T07:58:31","guid":{"rendered":"https:\/\/www.mueblesnebra.com\/sofas-en-zaragoza\/?page_id=15922"},"modified":"2026-04-21T09:58:31","modified_gmt":"2026-04-21T07:58:31","slug":"reyes-ordonez","status":"publish","type":"page","link":"https:\/\/www.mueblesnebra.com\/sofas-en-zaragoza\/marcas\/reyes-ordonez\/","title":{"rendered":"Reyes Ord\u00f3\u00f1ez"},"content":{"rendered":"<div class=\"wpb-content-wrapper\"><p>[vc_row full_width=\u00bbstretch_row_content\u00bb css_animation=\u00bbnone\u00bb css=\u00bb.vc_custom_1771496601406{margin-bottom: 0px !important;padding-bottom: 0px !important;background-image: url(http:\/\/www.mueblesnebra.com\/sofas-en-zaragoza\/wp-content\/uploads\/sites\/2\/2026\/02\/tienda-de-sofas-cama-de-ibercam.webp?id=15722) !important;background-position: center !important;background-repeat: no-repeat !important;background-size: cover !important;}\u00bb][vc_column][vc_row_inner gap=\u00bb35&#8243; css=\u00bb.vc_custom_1718355471939{padding-right: 5px !important;padding-left: 5px !important;}\u00bb][vc_column_inner width=\u00bb1\/6&#8243;][\/vc_column_inner][vc_column_inner width=\u00bb2\/3&#8243;][vc_column_text css=\u00bb.vc_custom_1776756305218{margin-right: 10px !important;margin-left: 10px !important;}\u00bb]<\/p>\n<h1 style=\"text-align: center;\"><strong><span style=\"color: #ffffff; text-shadow: 4px 4px 4px #333;\">Muebles Reyes Ord\u00f3\u00f1ez en Zaragoza<\/span><\/strong><\/h1>\n<p style=\"text-align: center;\"><strong><span style=\"color: #ffffff; text-shadow: 4px 4px 4px #333;\">En nuestra tienda trabajamos con una selecci\u00f3n de muebles Reyes Ord\u00f3\u00f1ez en Zaragoza, una marca especializada en sof\u00e1s, sillones relax y butacas, con diferentes sistemas y configuraciones seg\u00fan el uso.<\/span><\/strong><\/p>\n<p style=\"text-align: center;\"><strong><span style=\"color: #ffffff; text-shadow: 4px 4px 4px #333;\">Los sof\u00e1s de Reyes Ord\u00f3\u00f1ez est\u00e1n dise\u00f1ados para adaptarse a distintas formas de descanso, combinando modelos sin mecanismo, deslizantes, motorizados o convertibles en cama. Si buscas butacas Reyes Ord\u00f3\u00f1ez o soluciones completas para tu sal\u00f3n, aqu\u00ed puedes ver diferentes opciones disponibles.<\/span><\/strong><\/p>\n<p>[\/vc_column_text][vc_empty_space height=\u00bb100px\u00bb el_class=\u00bbdisplay-none\u00bb][vc_btn title=\u00bbCONT\u00c1CTANOS\u00bb style=\u00bbcustom\u00bb custom_background=\u00bb#ffa400&#8243; custom_text=\u00bb#ffffff\u00bb shape=\u00bbsquare\u00bb align=\u00bbcenter\u00bb css_animation=\u00bbnone\u00bb css=\u00bb.vc_custom_1733132933932{padding-right: 20px !important;}\u00bb link=\u00bburl:https%3A%2F%2Fwww.mueblesnebra.com%2Fsofas-en-zaragoza%2Fcontacto%2F\u00bb][\/vc_column_inner][vc_column_inner width=\u00bb1\/6&#8243;][\/vc_column_inner][\/vc_row_inner][vc_empty_space height=\u00bb150px\u00bb el_class=\u00bbdisplay-none\u00bb][vc_empty_space height=\u00bb100px\u00bb][\/vc_column][\/vc_row][vc_row full_width=\u00bbstretch_row_content\u00bb][vc_column][vc_row_inner][vc_column_inner width=\u00bb2\/4&#8243;][vc_column_text]<\/p>\n<p style=\"text-align: left;\"><nav aria-label=\"breadcrumbs\" class=\"rank-math-breadcrumb\"><p><span class=\"last\">Inicio<\/span><\/p><\/nav><\/p>\n<p>[\/vc_column_text][\/vc_column_inner][vc_column_inner width=\u00bb1\/4&#8243;][\/vc_column_inner][vc_column_inner width=\u00bb1\/4&#8243;][\/vc_column_inner][\/vc_row_inner][\/vc_column][\/vc_row][vc_row full_width=\u00bbstretch_row_content\u00bb][vc_column width=\u00bb1\/6&#8243;][\/vc_column][vc_column width=\u00bb2\/3&#8243;][vc_column_text css=\u00bb.vc_custom_1776756365768{padding-right: 50px !important;padding-left: 50px !important;}\u00bb]<\/p>\n<h2 style=\"text-align: center;\"><span style=\"color: #ff9900; font-size: 24pt;\">Amplio cat\u00e1logo de muebles de Reyes Ordo\u00f1ez<\/span><\/h2>\n<p>[\/vc_column_text][vc_column_text css=\u00bb\u00bb]El cat\u00e1logo de muebles Reyes Ord\u00f3\u00f1ez incluye una <strong>amplia variedad de modelos<\/strong> para cubrir diferentes necesidades dentro del sal\u00f3n. Si vienes a nuestra tienda en Zaragoza podr\u00e1s encontrar:<\/p>\n<ul>\n<li><strong>Sof\u00e1s<\/strong> con distintos tipos de mecanismo<\/li>\n<li><strong>Butacas y sillones<\/strong> independientes<\/li>\n<li>Opciones relax <strong>manuales y motorizadas<\/strong><\/li>\n<li><strong>Sof\u00e1s cama<\/strong> y modelos espec\u00edficos para <strong>exterior<\/strong><\/li>\n<\/ul>\n<p>Esta variedad permite elegir entre diferentes sof\u00e1s de Reyes Ord\u00f3\u00f1ez seg\u00fan el tipo de uso, el espacio disponible y el nivel de confort que se busca.[\/vc_column_text][vc_masonry_media_grid element_width=\u00bb6&#8243; css=\u00bb\u00bb initial_loading_animation=\u00bbnone\u00bb grid_id=\u00bbvc_gid:1776757579348-bb430d44-1fa1-10&#8243; include=\u00bb15930,15931,15932,15933&#8243;][\/vc_column][vc_column width=\u00bb1\/6&#8243;][\/vc_column][\/vc_row][vc_row full_width=\u00bbstretch_row_content_no_spaces\u00bb css=\u00bb.vc_custom_1721117250766{margin-bottom: 0px !important;padding-bottom: 0px !important;}\u00bb][vc_column width=\u00bb1\/6&#8243;][\/vc_column][vc_column width=\u00bb2\/3&#8243;][vc_column_text css=\u00bb.vc_custom_1776756788858{padding-right: 50px !important;padding-left: 50px !important;}\u00bb]<\/p>\n<h2 style=\"text-align: center;\"><span style=\"color: #ff9900; font-size: 24pt;\">Todo el cat\u00e1logo de Sof\u00e1s Reyes Ord\u00f3\u00f1ez en tienda<\/span><\/h2>\n<p>[\/vc_column_text][vc_column_text css=\u00bb.vc_custom_1776756807272{padding-right: 50px !important;padding-left: 50px !important;}\u00bb]<\/p>\n<p style=\"text-align: center;\">Trabajamos diferentes l\u00edneas dentro del cat\u00e1logo de sof\u00e1s de Reyes Ord\u00f3\u00f1ez, organizadas seg\u00fan el tipo de <strong>mecanismo y funcionalidad<\/strong>.<\/p>\n<p>[\/vc_column_text][vc_btn title=\u00bbNuestras Tiendas\u00bb style=\u00bbcustom\u00bb custom_background=\u00bb#ffa400&#8243; custom_text=\u00bb#ffffff\u00bb shape=\u00bbsquare\u00bb align=\u00bbcenter\u00bb css_animation=\u00bbnone\u00bb css=\u00bb.vc_custom_1771494664589{padding-right: 20px !important;}\u00bb link=\u00bburl:https%3A%2F%2Fwww.mueblesnebra.com%2Fnuestras-tiendas%2F\u00bb][vc_row_inner][vc_column_inner width=\u00bb1\/2&#8243;][vc_column_text css=\u00bb.vc_custom_1776756876154{padding-right: 50px !important;padding-left: 50px !important;}\u00bb]<\/p>\n<h3 style=\"text-align: left;\"><span style=\"color: #ff9900; font-size: 18pt;\">Sin mecanismo<\/span><\/h3>\n<p>Los modelos sin mecanismo son perfectos para quienes buscan un <strong>sof\u00e1 fijo con dise\u00f1o limpio y estructura estable<\/strong>. Dentro de esta categor\u00eda encontramos dise\u00f1os como <strong>Baobab, Divo, Goffre, Hippo, Koala, Krema, Loris u Origen capiton\u00e9<\/strong>, que destacan por su est\u00e9tica y por una sentada equilibrada, sin elementos m\u00f3viles.[\/vc_column_text][\/vc_column_inner][vc_column_inner width=\u00bb1\/2&#8243;][vc_column_text css=\u00bb.vc_custom_1776756979395{padding-right: 50px !important;padding-left: 50px !important;}\u00bb]<\/p>\n<h3 style=\"text-align: left;\"><span style=\"color: #ff9900; font-size: 18pt;\">Deslizantes<\/span><\/h3>\n<p>Los sof\u00e1s deslizantes permiten aumentar la <strong>profundidad del asiento<\/strong>, ofreciendo mayor comodidad sin necesidad de ocupar m\u00e1s espacio fijo. En esta l\u00ednea destacan modelos como <strong>Calma, Aston, Aloe, Cosmo, Flamingo, Nube o Ilana<\/strong>, pensados para un uso diario donde se prioriza el confort y aport\u00e1ndote un equilibrio entre estilo y funcionalidad.[\/vc_column_text][\/vc_column_inner][\/vc_row_inner][vc_row_inner][vc_column_inner width=\u00bb1\/2&#8243;][vc_column_text css=\u00bb.vc_custom_1776757026734{padding-right: 50px !important;padding-left: 50px !important;}\u00bb]<\/p>\n<h3 style=\"text-align: left;\"><span style=\"color: #ff9900; font-size: 18pt;\">Motorizados<\/span><\/h3>\n<p>Los sof\u00e1s motorizados incorporan sistemas el\u00e9ctricos que permiten <strong>ajustar la posici\u00f3n<\/strong> del respaldo o reposapi\u00e9s, facilitando una <strong>postura m\u00e1s c\u00f3moda<\/strong>. Dentro de los sof\u00e1s de Reyes Ord\u00f3\u00f1ez con este sistema encontramos modelos como <strong>Cielo, Cora, Bosco, \u00cdbero, L\u00e9mur, Mag\u00fa, Pap\u00faa, Tuc\u00e1n, Yogui, Diverso, Indie o Rocco<\/strong>, con diferentes configuraciones seg\u00fan el espacio.[\/vc_column_text][\/vc_column_inner][vc_column_inner width=\u00bb1\/2&#8243;][vc_column_text css=\u00bb.vc_custom_1776757233826{padding-right: 50px !important;padding-left: 50px !important;}\u00bb]<\/p>\n<h3 style=\"text-align: left;\"><span style=\"color: #ff9900; font-size: 18pt;\">Sof\u00e1s cama<\/span><\/h3>\n<p>Los sof\u00e1s cama est\u00e1n dise\u00f1ados para ofrecer una <strong>soluci\u00f3n pr\u00e1ctica<\/strong> sin perder funcionalidad como sof\u00e1, ideales si no te sobra mucho espacio. Modelos como <strong>Botton, N\u00f3mada, Simba, Stich o Wanda<\/strong> permiten disponer de una cama adicional, adapt\u00e1ndose a distintas casas y necesidades. Variedad de estilos, desde l\u00edneas limpias y modernas hasta detalles sofisticados.[\/vc_column_text][\/vc_column_inner][\/vc_row_inner][vc_row_inner][vc_column_inner][vc_masonry_media_grid element_width=\u00bb6&#8243; css=\u00bb\u00bb initial_loading_animation=\u00bbnone\u00bb grid_id=\u00bbvc_gid:1776757579351-2f1eb3dd-a345-5&#8243; include=\u00bb15937,15936,15935,15934&#8243;][\/vc_column_inner][\/vc_row_inner][\/vc_column][vc_column width=\u00bb1\/6&#8243;][\/vc_column][\/vc_row][vc_row][vc_column][vc_empty_space height=\u00bb50px\u00bb][\/vc_column][\/vc_row][vc_row full_width=\u00bbstretch_row_content\u00bb][vc_column width=\u00bb1\/6&#8243;][\/vc_column][vc_column width=\u00bb2\/3&#8243;][vc_column_text css=\u00bb.vc_custom_1776757272155{padding-right: 50px !important;padding-left: 50px !important;}\u00bb]<\/p>\n<h2 style=\"text-align: center;\"><span style=\"color: #ff9900; font-size: 24pt;\">Sof\u00e1s de exterior para tu jard\u00edn o terraza<\/span><\/h2>\n<p>[\/vc_column_text][vc_column_text css=\u00bb\u00bb]Dentro del cat\u00e1logo de sof\u00e1s de Reyes Ord\u00f3\u00f1ez tambi\u00e9n encontrar\u00e1s <strong>opciones espec\u00edficas para exterior<\/strong>, dise\u00f1adas para su uso en <strong>terrazas, jardines o zonas chill out<\/strong>.<\/p>\n<p>Modelos como <strong>PALM y CACTUS<\/strong> est\u00e1n fabricados con materiales preparados para soportar condiciones exteriores, combinando resistencia y comodidad en un mismo conjunto. Estos sof\u00e1s permiten crear zonas de descanso fuera de casa sin renunciar a una est\u00e9tica cuidada, manteniendo la l\u00ednea de dise\u00f1o de los muebles Reyes Ord\u00f3\u00f1ez.<\/p>\n<p>Son una soluci\u00f3n pr\u00e1ctica para quienes buscan ampliar el espacio de uso de la vivienda hacia el exterior, con modelos que se adaptan tanto a terrazas urbanas como a jardines m\u00e1s amplios.[\/vc_column_text][vc_tta_accordion section_title_tag=\u00bbh2&#8243; active_section=\u00bb2000000000000&#8243; collapsible_all=\u00bbtrue\u00bb][vc_tta_section title=\u00bbButacas Reyes Ord\u00f3\u00f1ez con tapizado de calidad\u00bb tab_id=\u00bb1776757398011-b5d26b54-adaa\u00bb][vc_column_text css=\u00bb\u00bb]Las butacas Reyes Ord\u00f3\u00f1ez permiten completar el sal\u00f3n con asientos independientes, manteniendo coherencia en dise\u00f1o y confort.<\/p>\n<p>Son una opci\u00f3n pr\u00e1ctica tanto como complemento del sof\u00e1 como para crear zonas de descanso independientes, con diferentes opciones de tapizado dentro del cat\u00e1logo.[\/vc_column_text][\/vc_tta_section][vc_tta_section title=\u00bbTambi\u00e9n a tu disposici\u00f3n las sillas relax de la marca Reyes Ord\u00f3\u00f1ez\u00bb tab_id=\u00bb1776757398021-0f200a93-7076&#8243;][vc_column_text css=\u00bb\u00bb]La marca cuenta tambi\u00e9n con sillones relax dise\u00f1ados para ofrecer mayor <strong>comodidad<\/strong> en el uso diario. Dentro de esta categor\u00eda puedes encontrar:<\/p>\n<ul>\n<li>Sillones de <strong>pata alta<\/strong>, m\u00e1s ligeros visualmente<\/li>\n<li>Sillones de <strong>pata baja<\/strong>, con mayor estabilidad y presencia<\/li>\n<\/ul>\n<p>Estas opciones permiten elegir el tipo de sill\u00f3n seg\u00fan el <strong>espacio disponible y el uso<\/strong> que se le vaya a dar.[\/vc_column_text][\/vc_tta_section][vc_tta_section title=\u00bbLas mejores telas de Reyes Ord\u00f3\u00f1ez para tapicer\u00eda\u00bb tab_id=\u00bb1776757487067-6e9f0533-e7be\u00bb][vc_column_text css=\u00bb\u00bb]Los muebles Reyes Ord\u00f3\u00f1ez ofrecen una <strong>amplia variedad<\/strong> de telas para tapicer\u00eda, lo que permite <strong>adaptar<\/strong> cada sof\u00e1, butaca o sill\u00f3n al uso real y al estilo del espacio. No se trata solo de elegir un color, sino de seleccionar el tipo de tejido en funci\u00f3n de c\u00f3mo se va a utilizar el mueble.<\/p>\n<p>Dentro de las opciones disponibles encontrar\u00e1s <strong>tejidos m\u00e1s resistentes<\/strong> para uso intensivo, opciones con <strong>tacto m\u00e1s suave<\/strong> orientadas al confort, y acabados <strong>f\u00e1ciles de mantener<\/strong> en el d\u00eda a d\u00eda. Esto facilita elegir entre distintas alternativas seg\u00fan si el sof\u00e1 va a tener un uso diario, si hay mascotas o si se busca un acabado m\u00e1s decorativo.<\/p>\n<p>Adem\u00e1s, la variedad de colores y texturas permite integrar los sof\u00e1s de Reyes Ord\u00f3\u00f1ez dentro del conjunto del sal\u00f3n, manteniendo coherencia con el resto del mobiliario.[\/vc_column_text][\/vc_tta_section][\/vc_tta_accordion][vc_btn title=\u00bbCont\u00e1ctanos sin compromiso\u00bb style=\u00bbcustom\u00bb custom_background=\u00bb#ffa400&#8243; custom_text=\u00bb#ffffff\u00bb shape=\u00bbsquare\u00bb align=\u00bbcenter\u00bb css_animation=\u00bbnone\u00bb css=\u00bb.vc_custom_1776757570698{padding-right: 20px !important;}\u00bb link=\u00bburl:https%3A%2F%2Fwww.mueblesnebra.com%2Fsofas-en-zaragoza%2Fcontacto%2F\u00bb][\/vc_column][vc_column width=\u00bb1\/6&#8243;][\/vc_column][\/vc_row]<\/p>\n<\/div>","protected":false},"excerpt":{"rendered":"<p>[vc_row full_width=\u00bbstretch_row_content\u00bb css_animation=\u00bbnone\u00bb css=\u00bb.vc_custom_1771496601406{margin-bottom: 0px !important;padding-bottom: 0px !important;background-image: url(http:\/\/www.mueblesnebra.com\/sofas-en-zaragoza\/wp-content\/uploads\/sites\/2\/2026\/02\/tienda-de-sofas-cama-de-ibercam.webp?id=15722) !important;background-position: center !important;background-repeat: no-repeat !important;background-size: cover !important;}\u00bb][vc_column][vc_row_inner gap=\u00bb35&#8243; css=\u00bb.vc_custom_1718355471939{padding-right: 5px !important;padding-left: 5px !important;}\u00bb][vc_column_inner width=\u00bb1\/6&#8243;][\/vc_column_inner][vc_column_inner width=\u00bb2\/3&#8243;][vc_column_text css=\u00bb.vc_custom_1776756305218{margin-right: 10px !important;margin-left: 10px !important;}\u00bb] Muebles Reyes Ord\u00f3\u00f1ez en Zaragoza En nuestra tienda trabajamos con una selecci\u00f3n de muebles Reyes Ord\u00f3\u00f1ez en Zaragoza, una marca especializada en sof\u00e1s, sillones relax y [&hellip;]<\/p>\n","protected":false},"author":395,"featured_media":0,"parent":15656,"menu_order":0,"comment_status":"closed","ping_status":"closed","template":"","meta":{"_genesis_hide_title":false,"_genesis_hide_breadcrumbs":false,"_genesis_hide_singular_image":false,"_genesis_hide_footer_widgets":false,"_genesis_custom_body_class":"","_genesis_custom_post_class":"","_genesis_layout":"","footnotes":""},"class_list":{"0":"post-15922","1":"page","2":"type-page","3":"status-publish","5":"entry"},"_links":{"self":[{"href":"https:\/\/www.mueblesnebra.com\/sofas-en-zaragoza\/wp-json\/wp\/v2\/pages\/15922","targetHints":{"allow":["GET"]}}],"collection":[{"href":"https:\/\/www.mueblesnebra.com\/sofas-en-zaragoza\/wp-json\/wp\/v2\/pages"}],"about":[{"href":"https:\/\/www.mueblesnebra.com\/sofas-en-zaragoza\/wp-json\/wp\/v2\/types\/page"}],"author":[{"embeddable":true,"href":"https:\/\/www.mueblesnebra.com\/sofas-en-zaragoza\/wp-json\/wp\/v2\/users\/395"}],"replies":[{"embeddable":true,"href":"https:\/\/www.mueblesnebra.com\/sofas-en-zaragoza\/wp-json\/wp\/v2\/comments?post=15922"}],"version-history":[{"count":9,"href":"https:\/\/www.mueblesnebra.com\/sofas-en-zaragoza\/wp-json\/wp\/v2\/pages\/15922\/revisions"}],"predecessor-version":[{"id":15939,"href":"https:\/\/www.mueblesnebra.com\/sofas-en-zaragoza\/wp-json\/wp\/v2\/pages\/15922\/revisions\/15939"}],"up":[{"embeddable":true,"href":"https:\/\/www.mueblesnebra.com\/sofas-en-zaragoza\/wp-json\/wp\/v2\/pages\/15656"}],"wp:attachment":[{"href":"https:\/\/www.mueblesnebra.com\/sofas-en-zaragoza\/wp-json\/wp\/v2\/media?parent=15922"}],"curies":[{"name":"wp","href":"https:\/\/api.w.org\/{rel}","templated":true}]}}