{"id":15894,"date":"2026-04-21T08:56:53","date_gmt":"2026-04-21T06:56:53","guid":{"rendered":"https:\/\/www.mueblesnebra.com\/sofas-en-zaragoza\/?page_id=15894"},"modified":"2026-04-21T08:56:53","modified_gmt":"2026-04-21T06:56:53","slug":"ramiro-tarazona","status":"publish","type":"page","link":"https:\/\/www.mueblesnebra.com\/sofas-en-zaragoza\/marcas\/ramiro-tarazona\/","title":{"rendered":"Ramiro Tarazona"},"content":{"rendered":"<div class=\"wpb-content-wrapper\"><p>[vc_row full_width=\u00bbstretch_row_content\u00bb css_animation=\u00bbnone\u00bb css=\u00bb.vc_custom_1771496601406{margin-bottom: 0px !important;padding-bottom: 0px !important;background-image: url(http:\/\/www.mueblesnebra.com\/sofas-en-zaragoza\/wp-content\/uploads\/sites\/2\/2026\/02\/tienda-de-sofas-cama-de-ibercam.webp?id=15722) !important;background-position: center !important;background-repeat: no-repeat !important;background-size: cover !important;}\u00bb][vc_column][vc_row_inner gap=\u00bb35&#8243; css=\u00bb.vc_custom_1718355471939{padding-right: 5px !important;padding-left: 5px !important;}\u00bb][vc_column_inner width=\u00bb1\/6&#8243;][\/vc_column_inner][vc_column_inner width=\u00bb2\/3&#8243;][vc_column_text css=\u00bb.vc_custom_1776750933845{margin-right: 10px !important;margin-left: 10px !important;}\u00bb]<\/p>\n<h1 style=\"text-align: center;\"><strong><span style=\"color: #ffffff; text-shadow: 4px 4px 4px #333;\">Nuestros muebles de Ramiro Tarazona<\/span><\/strong><\/h1>\n<p style=\"text-align: center;\"><strong><span style=\"color: #ffffff; text-shadow: 4px 4px 4px #333;\">En nuestra tienda trabajamos con una selecci\u00f3n de muebles Ramiro Tarazona, una marca especializada en mesas, sillas y complementos para comedor y sal\u00f3n, con un enfoque claro en dise\u00f1o actual y combinaciones de materiales.<\/span><\/strong><\/p>\n<p style=\"text-align: center;\"><strong><span style=\"color: #ffffff; text-shadow: 4px 4px 4px #333;\">Los productos de la marca est\u00e1n fabricados para crear espacios funcionales, donde las mesas y sillas se adaptan tanto a comedores principales como a zonas m\u00e1s vers\u00e1tiles dentro del hogar. Si buscas mesas y sillas de Ramiro Tarazona, aqu\u00ed puedes ver diferentes modelos y configuraciones disponibles.<\/span><\/strong><\/p>\n<p>[\/vc_column_text][vc_empty_space height=\u00bb100px\u00bb el_class=\u00bbdisplay-none\u00bb][vc_btn title=\u00bbCont\u00e1ctanos sin compromiso\u00bb style=\u00bbcustom\u00bb custom_background=\u00bb#ffa400&#8243; custom_text=\u00bb#ffffff\u00bb shape=\u00bbsquare\u00bb align=\u00bbcenter\u00bb css_animation=\u00bbnone\u00bb css=\u00bb.vc_custom_1776750964647{padding-right: 20px !important;}\u00bb link=\u00bburl:https%3A%2F%2Fwww.mueblesnebra.com%2Fsofas-en-zaragoza%2Fcontacto%2F\u00bb][\/vc_column_inner][vc_column_inner width=\u00bb1\/6&#8243;][\/vc_column_inner][\/vc_row_inner][vc_empty_space height=\u00bb150px\u00bb el_class=\u00bbdisplay-none\u00bb][vc_empty_space height=\u00bb100px\u00bb][\/vc_column][\/vc_row][vc_row full_width=\u00bbstretch_row_content\u00bb][vc_column][vc_row_inner][vc_column_inner width=\u00bb2\/4&#8243;][vc_column_text]<\/p>\n<p style=\"text-align: left;\"><nav aria-label=\"breadcrumbs\" class=\"rank-math-breadcrumb\"><p><span class=\"last\">Inicio<\/span><\/p><\/nav><\/p>\n<p>[\/vc_column_text][\/vc_column_inner][vc_column_inner width=\u00bb1\/4&#8243;][\/vc_column_inner][vc_column_inner width=\u00bb1\/4&#8243;][\/vc_column_inner][\/vc_row_inner][\/vc_column][\/vc_row][vc_row full_width=\u00bbstretch_row_content\u00bb][vc_column width=\u00bb1\/6&#8243;][\/vc_column][vc_column width=\u00bb2\/3&#8243;][vc_column_text css=\u00bb.vc_custom_1776751014936{padding-right: 50px !important;padding-left: 50px !important;}\u00bb]<\/p>\n<h2 style=\"text-align: center;\"><span style=\"color: #ff9900; font-size: 24pt;\">Cat\u00e1logo de mesas y sillas de Ramiro Tarazona<\/span><\/h2>\n<p>[\/vc_column_text][vc_column_text css=\u00bb\u00bb]El cat\u00e1logo de muebles Ramiro Tarazona incluye mesas de comedor, mesas de centro, sillas y otros elementos que permiten completar el espacio con una l\u00ednea coherente. Dentro del cat\u00e1logo puedes encontrar:<\/p>\n<ul>\n<li>Mesas de comedor fijas y extensibles<\/li>\n<li>Mesas de centro<\/li>\n<li>Sillas con distintos dise\u00f1os y estructuras<\/li>\n<li>Diferentes combinaciones de materiales en tablero y patas<\/li>\n<\/ul>\n<p>Esto permite configurar el comedor o sal\u00f3n combinando mesas Ramiro Tarazona con sillas compatibles en dise\u00f1o y proporciones.[\/vc_column_text][vc_masonry_media_grid element_width=\u00bb6&#8243; css=\u00bb\u00bb initial_loading_animation=\u00bbnone\u00bb grid_id=\u00bbvc_gid:1776753399570-ff99a239-bc17-7&#8243; include=\u00bb15907,15908,15909,15910&#8243;][\/vc_column][vc_column width=\u00bb1\/6&#8243;][\/vc_column][\/vc_row][vc_row full_width=\u00bbstretch_row_content_no_spaces\u00bb css=\u00bb.vc_custom_1721117250766{margin-bottom: 0px !important;padding-bottom: 0px !important;}\u00bb][vc_column width=\u00bb1\/6&#8243;][\/vc_column][vc_column width=\u00bb2\/3&#8243;][vc_column_text css=\u00bb.vc_custom_1776751082124{padding-right: 50px !important;padding-left: 50px !important;}\u00bb]<\/p>\n<h2 style=\"text-align: center;\"><span style=\"color: #ff9900; font-size: 24pt;\">Mesas de Ramiro Tarazona para tu comedor<\/span><\/h2>\n<p>[\/vc_column_text][vc_column_text css=\u00bb.vc_custom_1776751114972{padding-right: 50px !important;padding-left: 50px !important;}\u00bb]<\/p>\n<p style=\"text-align: center;\">Tenemos todo el cat\u00e1logo disponible, pero estas son algunas de las mesas Ramiro Tarazona m\u00e1s destacadas por dise\u00f1o y funcionalidad.<\/p>\n<p>[\/vc_column_text][vc_btn title=\u00bbNuestras Tiendas\u00bb style=\u00bbcustom\u00bb custom_background=\u00bb#ffa400&#8243; custom_text=\u00bb#ffffff\u00bb shape=\u00bbsquare\u00bb align=\u00bbcenter\u00bb css_animation=\u00bbnone\u00bb css=\u00bb.vc_custom_1771494664589{padding-right: 20px !important;}\u00bb link=\u00bburl:https%3A%2F%2Fwww.mueblesnebra.com%2Fnuestras-tiendas%2F\u00bb][vc_row_inner][vc_column_inner width=\u00bb1\/2&#8243;][vc_column_text css=\u00bb.vc_custom_1776751588972{padding-right: 50px !important;padding-left: 50px !important;}\u00bb]<\/p>\n<h3 style=\"text-align: left;\"><span style=\"color: #ff9900; font-size: 18pt;\">Butterfly<\/span><\/h3>\n<p>La mesa Butterfly tiene una estructura de acero, y es una mesa de comedor fija o extensible, por lo que te <strong>aportar\u00e1 versatilidad al comedor<\/strong>. Los acabados de la estructura pueden ser lacado (antracita, arena, blanco, bronce, caf\u00e9 y m\u00e1s), con una mayor variedad en el acabado de las tapas con un vidrio natural, vidrio \u00f3ptico, madera o cer\u00e1mica.[\/vc_column_text][\/vc_column_inner][vc_column_inner width=\u00bb1\/2&#8243;][vc_column_text css=\u00bb.vc_custom_1776751578879{padding-right: 50px !important;padding-left: 50px !important;}\u00bb]<\/p>\n<h3 style=\"text-align: left;\"><span style=\"color: #ff9900; font-size: 18pt;\">Victory<\/span><\/h3>\n<p>Victory es una mesa extensible o fija con <strong>mayor presencia<\/strong>, dise\u00f1ada en madera y con una estructura de acero, es perfecta para comedores donde el mueble tiene un papel central. Combina estructura s\u00f3lida con opciones de personalizaci\u00f3n en acabados. Tiene los mismos acabados en estructura y tapas que la mesa Butterfly.[\/vc_column_text][\/vc_column_inner][\/vc_row_inner][vc_row_inner][vc_column_inner width=\u00bb1\/2&#8243;][vc_column_text css=\u00bb.vc_custom_1776751715154{padding-right: 50px !important;padding-left: 50px !important;}\u00bb]<\/p>\n<h3 style=\"text-align: left;\"><span style=\"color: #ff9900; font-size: 18pt;\">Melody<\/span><\/h3>\n<p>La mesa Melody ofrece un dise\u00f1o m\u00e1s <strong>ligero<\/strong> dentro del cat\u00e1logo, facilitando su integraci\u00f3n en distintos estilos de comedor, siendo una opci\u00f3n equilibrada entre est\u00e9tica y funcionalidad. Los <strong>extensibles son regulables en altura<\/strong> y el sistema es de alta resistencia y durabilidad. Tambi\u00e9n dispone de los mismos acabados de estructura y tapas.[\/vc_column_text][\/vc_column_inner][vc_column_inner width=\u00bb1\/2&#8243;][vc_column_text css=\u00bb.vc_custom_1776752000527{padding-right: 50px !important;padding-left: 50px !important;}\u00bb]<\/p>\n<h3 style=\"text-align: left;\"><span style=\"color: #ff9900; font-size: 18pt;\">Loop<\/span><\/h3>\n<p>Loop destaca por su dise\u00f1o m\u00e1s <strong>actual,<\/strong> con l\u00edneas que aportan <strong>dinamismo<\/strong> al conjunto. Es una mesa para ambientes <strong>modernos<\/strong> donde se busca una pieza con <strong>personalidad.<\/strong> Tiene la posibilidad de pedir la tapa redonda o cuadrada, solo nos lo ten\u00e9is que comentar en tienda. Mismos acabados en lacado para la estructura y vidrios, madera o cer\u00e1mica para la tapa.[\/vc_column_text][\/vc_column_inner][\/vc_row_inner][vc_row_inner][vc_column_inner][vc_masonry_media_grid element_width=\u00bb6&#8243; css=\u00bb\u00bb initial_loading_animation=\u00bbnone\u00bb grid_id=\u00bbvc_gid:1776753399574-e1ef39ea-5d02-8&#8243; include=\u00bb15912,15913,15914,15915&#8243;][\/vc_column_inner][\/vc_row_inner][\/vc_column][vc_column width=\u00bb1\/6&#8243;][\/vc_column][\/vc_row][vc_row][vc_column][vc_empty_space height=\u00bb50px\u00bb][\/vc_column][\/vc_row][vc_row full_width=\u00bbstretch_row_content_no_spaces\u00bb css=\u00bb.vc_custom_1721117250766{margin-bottom: 0px !important;padding-bottom: 0px !important;}\u00bb][vc_column width=\u00bb1\/6&#8243;][\/vc_column][vc_column width=\u00bb2\/3&#8243;][vc_column_text css=\u00bb.vc_custom_1776752048788{padding-right: 50px !important;padding-left: 50px !important;}\u00bb]<\/p>\n<h2 style=\"text-align: center;\"><span style=\"color: #ff9900; font-size: 24pt;\">Sillas de Ramiro Tarazona en Zaragoza<\/span><\/h2>\n<p>[\/vc_column_text][vc_column_text css=\u00bb.vc_custom_1776752079087{padding-right: 50px !important;padding-left: 50px !important;}\u00bb]<\/p>\n<p style=\"text-align: center;\">Trabajamos diferentes modelos de sillas de Ramiro Tarazona, fabricadas para combinar con sus mesas y completar el conjunto del comedor.<\/p>\n<p>[\/vc_column_text][vc_btn title=\u00bbNuestras Tiendas\u00bb style=\u00bbcustom\u00bb custom_background=\u00bb#ffa400&#8243; custom_text=\u00bb#ffffff\u00bb shape=\u00bbsquare\u00bb align=\u00bbcenter\u00bb css_animation=\u00bbnone\u00bb css=\u00bb.vc_custom_1771494664589{padding-right: 20px !important;}\u00bb link=\u00bburl:https%3A%2F%2Fwww.mueblesnebra.com%2Fnuestras-tiendas%2F\u00bb][vc_row_inner][vc_column_inner width=\u00bb1\/2&#8243;][vc_column_text css=\u00bb.vc_custom_1776752270934{padding-right: 50px !important;padding-left: 50px !important;}\u00bb]<\/p>\n<h3 style=\"text-align: left;\"><span style=\"color: #ff9900; font-size: 18pt;\">Class<\/span><\/h3>\n<p>Esta silla de Ramiro Tarazona tiene un <strong>dise\u00f1o equilibrado y f\u00e1cil de integrar<\/strong> con distintos modelos de mesa. Estructura de acero con acabados en lacado de antracita, arena, blanco, bronce, caf\u00e9, grafito, gris, lino, nube, piedra, titanio o vis\u00f3n. Opci\u00f3n bastante vers\u00e1til si no sabes por cu\u00e1l decidirte para que conjunte bien.[\/vc_column_text][\/vc_column_inner][vc_column_inner width=\u00bb1\/2&#8243;][vc_column_text css=\u00bb.vc_custom_1776752594642{padding-right: 50px !important;padding-left: 50px !important;}\u00bb]<\/p>\n<h3 style=\"text-align: left;\"><span style=\"color: #ff9900; font-size: 18pt;\">Chic<\/span><\/h3>\n<p>Chic aporta una est\u00e9tica m\u00e1s estilizada, pensada para espacios donde se busca una <strong>imagen m\u00e1s ligera sin perder comodidad<\/strong>. La estructura tambi\u00e9n es de acero y tiene la posibilidad de lacarla en cualquiera de los colores de la carta RAL o NCS.[\/vc_column_text][\/vc_column_inner][\/vc_row_inner][vc_row_inner][vc_column_inner width=\u00bb1\/2&#8243;][vc_column_text css=\u00bb.vc_custom_1776752687493{padding-right: 50px !important;padding-left: 50px !important;}\u00bb]<\/p>\n<h3 style=\"text-align: left;\"><span style=\"color: #ff9900; font-size: 18pt;\">Air<\/span><\/h3>\n<p>La silla Air destaca por su dise\u00f1o m\u00e1s <strong>abierto y ligero<\/strong>, ideal para comedores donde se quiere evitar sobrecargar visualmente el espacio. Adem\u00e1s del acabado, las patas pueden ir en un cromado brillante.[\/vc_column_text][\/vc_column_inner][vc_column_inner width=\u00bb1\/2&#8243;][vc_column_text css=\u00bb.vc_custom_1776752786313{padding-right: 50px !important;padding-left: 50px !important;}\u00bb]<\/p>\n<h3 style=\"text-align: left;\"><span style=\"color: #ff9900; font-size: 18pt;\">Maxi<\/span><\/h3>\n<p>Maxi es una silla con mayor <strong>presencia<\/strong>, perfecta para quienes priorizan <strong>comodidad y un asiento m\u00e1s amplio<\/strong> dentro del conjunto del comedor. Tiene una gran variedad de medidas seg\u00fan elijas el modelo normal, Top, Plus o Confort.[\/vc_column_text][\/vc_column_inner][\/vc_row_inner][vc_row_inner][vc_column_inner][vc_masonry_media_grid element_width=\u00bb6&#8243; css=\u00bb\u00bb initial_loading_animation=\u00bbnone\u00bb grid_id=\u00bbvc_gid:1776753399577-71d33214-7fa2-1&#8243; include=\u00bb15916,15917,15918,15919&#8243;][\/vc_column_inner][\/vc_row_inner][\/vc_column][vc_column width=\u00bb1\/6&#8243;][\/vc_column][\/vc_row][vc_row][vc_column][vc_empty_space height=\u00bb50px\u00bb][\/vc_column][\/vc_row][vc_row full_width=\u00bbstretch_row_content\u00bb][vc_column width=\u00bb1\/6&#8243;][\/vc_column][vc_column width=\u00bb2\/3&#8243;][vc_column_text css=\u00bb.vc_custom_1776752814303{padding-right: 50px !important;padding-left: 50px !important;}\u00bb]<\/p>\n<h2 style=\"text-align: center;\"><span style=\"color: #ff9900; font-size: 24pt;\">Tambi\u00e9n disponemos de las mesas de centro de Ramiro Tarazona<\/span><\/h2>\n<p>[\/vc_column_text][vc_column_text css=\u00bb\u00bb]<\/p>\n<p style=\"text-align: left;\">Adem\u00e1s de mesas de comedor, el cat\u00e1logo incluye mesas de centro que permiten completar el sal\u00f3n manteniendo una coherencia est\u00e9tica con el resto del mobiliario. Estas mesas est\u00e1n dise\u00f1adas para integrarse con diferentes estilos, combinando materiales y acabados presentes en el resto de los muebles Ramiro Tarazona.<\/p>\n<p>[\/vc_column_text][vc_tta_accordion section_title_tag=\u00bbh2&#8243; active_section=\u00bb2000000000000&#8243; collapsible_all=\u00bbtrue\u00bb][vc_tta_section title=\u00bbTodas las mesas y sillas de Ramiro Tarazona a tu disposici\u00f3n\u00bb tab_id=\u00bb1776752849711-994711d8-2c69&#8243;][vc_column_text css=\u00bb\u00bb]En nuestra tienda puedes consultar <strong>todo el cat\u00e1logo<\/strong> de mesas Ramiro Tarazona y sillas Ramiro Tarazona, comparar modelos y configurar el conjunto que mejor se adapte a tu espacio. Trabajamos tanto piezas <strong>individuales<\/strong> como <strong>combinaciones<\/strong> completas, facilitando la elecci\u00f3n seg\u00fan el tama\u00f1o del comedor y el uso que se le va a dar.<\/p>\n<h3>Acabados Ramiro Tarazona<\/h3>\n<p>Los muebles Ramiro Tarazona ofrecen diferentes opciones de acabado que permiten personalizar cada pieza seg\u00fan el estilo del espacio:<\/p>\n<ul>\n<li><strong>Metal,<\/strong> utilizado en estructuras y patas<\/li>\n<li><strong>Vidrio natural<\/strong>, disponible en acabado brillo o mate<\/li>\n<li><strong>Vidrio \u00f3ptico<\/strong>, tambi\u00e9n en brillo o mate<\/li>\n<li><strong>Maderas,<\/strong> para aportar calidez al conjunto<\/li>\n<li><strong>Cer\u00e1mica,<\/strong> como opci\u00f3n resistente y f\u00e1cil de mantener<\/li>\n<\/ul>\n<p>Esta variedad de materiales permite <strong>adaptar las mesas y sillas a distintos entornos<\/strong>, combinando est\u00e9tica y funcionalidad dentro del mismo conjunto.[\/vc_column_text][\/vc_tta_section][\/vc_tta_accordion][\/vc_column][vc_column width=\u00bb1\/6&#8243;][\/vc_column][\/vc_row]<\/p>\n<\/div>","protected":false},"excerpt":{"rendered":"<p>[vc_row full_width=\u00bbstretch_row_content\u00bb css_animation=\u00bbnone\u00bb css=\u00bb.vc_custom_1771496601406{margin-bottom: 0px !important;padding-bottom: 0px !important;background-image: url(http:\/\/www.mueblesnebra.com\/sofas-en-zaragoza\/wp-content\/uploads\/sites\/2\/2026\/02\/tienda-de-sofas-cama-de-ibercam.webp?id=15722) !important;background-position: center !important;background-repeat: no-repeat !important;background-size: cover !important;}\u00bb][vc_column][vc_row_inner gap=\u00bb35&#8243; css=\u00bb.vc_custom_1718355471939{padding-right: 5px !important;padding-left: 5px !important;}\u00bb][vc_column_inner width=\u00bb1\/6&#8243;][\/vc_column_inner][vc_column_inner width=\u00bb2\/3&#8243;][vc_column_text css=\u00bb.vc_custom_1776750933845{margin-right: 10px !important;margin-left: 10px !important;}\u00bb] Nuestros muebles de Ramiro Tarazona En nuestra tienda trabajamos con una selecci\u00f3n de muebles Ramiro Tarazona, una marca especializada en mesas, sillas y complementos para comedor [&hellip;]<\/p>\n","protected":false},"author":395,"featured_media":0,"parent":15656,"menu_order":0,"comment_status":"closed","ping_status":"closed","template":"","meta":{"_genesis_hide_title":false,"_genesis_hide_breadcrumbs":false,"_genesis_hide_singular_image":false,"_genesis_hide_footer_widgets":false,"_genesis_custom_body_class":"","_genesis_custom_post_class":"","_genesis_layout":"","footnotes":""},"class_list":{"0":"post-15894","1":"page","2":"type-page","3":"status-publish","5":"entry"},"_links":{"self":[{"href":"https:\/\/www.mueblesnebra.com\/sofas-en-zaragoza\/wp-json\/wp\/v2\/pages\/15894","targetHints":{"allow":["GET"]}}],"collection":[{"href":"https:\/\/www.mueblesnebra.com\/sofas-en-zaragoza\/wp-json\/wp\/v2\/pages"}],"about":[{"href":"https:\/\/www.mueblesnebra.com\/sofas-en-zaragoza\/wp-json\/wp\/v2\/types\/page"}],"author":[{"embeddable":true,"href":"https:\/\/www.mueblesnebra.com\/sofas-en-zaragoza\/wp-json\/wp\/v2\/users\/395"}],"replies":[{"embeddable":true,"href":"https:\/\/www.mueblesnebra.com\/sofas-en-zaragoza\/wp-json\/wp\/v2\/comments?post=15894"}],"version-history":[{"count":13,"href":"https:\/\/www.mueblesnebra.com\/sofas-en-zaragoza\/wp-json\/wp\/v2\/pages\/15894\/revisions"}],"predecessor-version":[{"id":15920,"href":"https:\/\/www.mueblesnebra.com\/sofas-en-zaragoza\/wp-json\/wp\/v2\/pages\/15894\/revisions\/15920"}],"up":[{"embeddable":true,"href":"https:\/\/www.mueblesnebra.com\/sofas-en-zaragoza\/wp-json\/wp\/v2\/pages\/15656"}],"wp:attachment":[{"href":"https:\/\/www.mueblesnebra.com\/sofas-en-zaragoza\/wp-json\/wp\/v2\/media?parent=15894"}],"curies":[{"name":"wp","href":"https:\/\/api.w.org\/{rel}","templated":true}]}}