{"id":15656,"date":"2026-02-19T10:20:21","date_gmt":"2026-02-19T09:20:21","guid":{"rendered":"https:\/\/www.mueblesnebra.com\/sofas-en-zaragoza\/?page_id=15656"},"modified":"2026-04-21T12:53:27","modified_gmt":"2026-04-21T10:53:27","slug":"marcas","status":"publish","type":"page","link":"https:\/\/www.mueblesnebra.com\/sofas-en-zaragoza\/marcas\/","title":{"rendered":"Nuestras marcas"},"content":{"rendered":"<div class=\"wpb-content-wrapper\"><p>[vc_row full_width=\u00bbstretch_row_content\u00bb][vc_column width=\u00bb1\/6&#8243;][\/vc_column][vc_column width=\u00bb2\/3&#8243;][vc_column_text css=\u00bb.vc_custom_1771492236865{padding-right: 50px !important;padding-left: 50px !important;}\u00bb]<\/p>\n<h1 style=\"text-align: center;\"><span style=\"color: #ff9900; font-size: 30pt;\">Marcas y Fabricantes<\/span><\/h1>\n<p>[\/vc_column_text][vc_column_text css=\u00bb\u00bb]<\/p>\n<p style=\"text-align: center;\">Desde Muebles Nebra, tu tienda de sof\u00e1s en Zaragoza, somos distribuidores de una gran selecci\u00f3n de marcas para cubrir todas vuestras necesidades en cuanto a comodidad y descanso. Esto nos permite ofreceros sof\u00e1s y otro mobiliario adaptado a distintos estilos, tama\u00f1os de casa y presupuestos.<\/p>\n<p>[\/vc_column_text][\/vc_column][vc_column width=\u00bb1\/6&#8243;][\/vc_column][\/vc_row][vc_row full_width=\u00bbstretch_row_content\u00bb][vc_column][vc_row_inner][vc_column_inner width=\u00bb2\/4&#8243;][vc_column_text]<\/p>\n<p style=\"text-align: left;\"><nav aria-label=\"breadcrumbs\" class=\"rank-math-breadcrumb\"><p><span class=\"last\">Inicio<\/span><\/p><\/nav><\/p>\n<p>[\/vc_column_text][\/vc_column_inner][vc_column_inner width=\u00bb1\/4&#8243;][\/vc_column_inner][vc_column_inner width=\u00bb1\/4&#8243;][\/vc_column_inner][\/vc_row_inner][\/vc_column][\/vc_row][vc_row full_width=\u00bbstretch_row_content_no_spaces\u00bb css=\u00bb.vc_custom_1771488990094{margin-bottom: 0px !important;padding-bottom: 0px !important;}\u00bb][vc_column width=\u00bb1\/6&#8243;][\/vc_column][vc_column width=\u00bb2\/3&#8243;][vc_column_text css=\u00bb.vc_custom_1771488655369{padding-right: 50px !important;padding-left: 50px !important;}\u00bb]<\/p>\n<h2 style=\"text-align: center;\"><span style=\"color: #ff9900; font-size: 24pt;\">Marcas de las que somos distribuidores en Zaragoza<\/span><\/h2>\n<p>[\/vc_column_text][vc_column_text css=\u00bb.vc_custom_1771488709910{padding-right: 50px !important;padding-left: 50px !important;}\u00bb]<\/p>\n<p style=\"text-align: center;\">Cada fabricante aporta soluciones distintas en dise\u00f1o, medidas y acabados, permiti\u00e9ndonos ofrecer una gama completa de opciones en nuestra <strong><a href=\"https:\/\/www.mueblesnebra.com\/sofas-en-zaragoza\/\">tienda de sof\u00e1s en Zaragoza<\/a><\/strong>.<\/p>\n<p>[\/vc_column_text][vc_row_inner][vc_column_inner width=\u00bb1\/3&#8243;][vc_single_image image=\u00bb15665&#8243; img_size=\u00bbfull\u00bb alignment=\u00bbcenter\u00bb css=\u00bb\u00bb][vc_btn title=\u00bbSuinta\u00bb style=\u00bbcustom\u00bb custom_background=\u00bb#ffa400&#8243; custom_text=\u00bb#ffffff\u00bb shape=\u00bbsquare\u00bb align=\u00bbcenter\u00bb css_animation=\u00bbnone\u00bb css=\u00bb.vc_custom_1771492816856{padding-right: 20px !important;}\u00bb link=\u00bburl:https%3A%2F%2Fwww.mueblesnebra.com%2Fsofas-en-zaragoza%2Fmarcas%2Fsuinta%2F\u00bb][\/vc_column_inner][vc_column_inner width=\u00bb1\/3&#8243;][vc_single_image image=\u00bb15672&#8243; img_size=\u00bbfull\u00bb alignment=\u00bbcenter\u00bb css=\u00bb\u00bb][vc_btn title=\u00bbIbercam\u00bb style=\u00bbcustom\u00bb custom_background=\u00bb#ffa400&#8243; custom_text=\u00bb#ffffff\u00bb shape=\u00bbsquare\u00bb align=\u00bbcenter\u00bb css_animation=\u00bbnone\u00bb css=\u00bb.vc_custom_1771496477727{padding-right: 20px !important;}\u00bb link=\u00bburl:https%3A%2F%2Fwww.mueblesnebra.com%2Fsofas-en-zaragoza%2Fmarcas%2Fibercam%2F\u00bb][\/vc_column_inner][vc_column_inner width=\u00bb1\/3&#8243;][vc_single_image image=\u00bb15674&#8243; img_size=\u00bbfull\u00bb alignment=\u00bbcenter\u00bb css=\u00bb\u00bb][vc_btn title=\u00bbFrances Ba\u00f1on\u00bb style=\u00bbcustom\u00bb custom_background=\u00bb#ffa400&#8243; custom_text=\u00bb#ffffff\u00bb shape=\u00bbsquare\u00bb align=\u00bbcenter\u00bb css_animation=\u00bbnone\u00bb css=\u00bb.vc_custom_1773743476413{padding-right: 20px !important;}\u00bb link=\u00bburl:https%3A%2F%2Fwww.mueblesnebra.com%2Fsofas-en-zaragoza%2Fmarcas%2Ffrances-banon%2F\u00bb][\/vc_column_inner][\/vc_row_inner][vc_empty_space height=\u00bb20px\u00bb][vc_row_inner][vc_column_inner width=\u00bb1\/3&#8243;][vc_single_image image=\u00bb15676&#8243; img_size=\u00bbfull\u00bb alignment=\u00bbcenter\u00bb css=\u00bb\u00bb][vc_btn title=\u00bbSalgueiro\u00bb style=\u00bbcustom\u00bb custom_background=\u00bb#ffa400&#8243; custom_text=\u00bb#ffffff\u00bb shape=\u00bbsquare\u00bb align=\u00bbcenter\u00bb css_animation=\u00bbnone\u00bb css=\u00bb.vc_custom_1773749408803{padding-right: 20px !important;}\u00bb link=\u00bburl:https%3A%2F%2Fwww.mueblesnebra.com%2Fsofas-en-zaragoza%2Fmarcas%2Falfombras-salgueiro%2F\u00bb][\/vc_column_inner][vc_column_inner width=\u00bb1\/3&#8243;][vc_single_image image=\u00bb15678&#8243; img_size=\u00bbfull\u00bb alignment=\u00bbcenter\u00bb css=\u00bb\u00bb][vc_btn title=\u00bbFranco Furniture\u00bb style=\u00bbcustom\u00bb custom_background=\u00bb#ffa400&#8243; custom_text=\u00bb#ffffff\u00bb shape=\u00bbsquare\u00bb align=\u00bbcenter\u00bb css_animation=\u00bbnone\u00bb css=\u00bb.vc_custom_1773753495141{padding-right: 20px !important;}\u00bb link=\u00bburl:https%3A%2F%2Fwww.mueblesnebra.com%2Fsofas-en-zaragoza%2Fmarcas%2Ffranco-furniture%2F\u00bb][\/vc_column_inner][vc_column_inner width=\u00bb1\/3&#8243;][vc_single_image image=\u00bb15680&#8243; img_size=\u00bbfull\u00bb alignment=\u00bbcenter\u00bb css=\u00bb\u00bb][vc_btn title=\u00bbGrupo Seys\u00bb style=\u00bbcustom\u00bb custom_background=\u00bb#ffa400&#8243; custom_text=\u00bb#ffffff\u00bb shape=\u00bbsquare\u00bb align=\u00bbcenter\u00bb css_animation=\u00bbnone\u00bb css=\u00bb.vc_custom_1775720886418{padding-right: 20px !important;}\u00bb link=\u00bburl:https%3A%2F%2Fwww.mueblesnebra.com%2Fsofas-en-zaragoza%2Fmarcas%2Fgrupo-seys%2F\u00bb][\/vc_column_inner][\/vc_row_inner][vc_empty_space height=\u00bb20px\u00bb][vc_row_inner][vc_column_inner width=\u00bb1\/3&#8243;][vc_single_image image=\u00bb15682&#8243; img_size=\u00bbfull\u00bb alignment=\u00bbcenter\u00bb css=\u00bb\u00bb][vc_btn title=\u00bbJotajotape\u00bb style=\u00bbcustom\u00bb custom_background=\u00bb#ffa400&#8243; custom_text=\u00bb#ffffff\u00bb shape=\u00bbsquare\u00bb align=\u00bbcenter\u00bb css_animation=\u00bbnone\u00bb css=\u00bb.vc_custom_1773815346740{padding-right: 20px !important;}\u00bb link=\u00bburl:https%3A%2F%2Fwww.mueblesnebra.com%2Fsofas-en-zaragoza%2Fmarcas%2Fjotajotape%2F\u00bb][\/vc_column_inner][vc_column_inner width=\u00bb1\/3&#8243;][vc_single_image image=\u00bb15684&#8243; img_size=\u00bbfull\u00bb alignment=\u00bbcenter\u00bb css=\u00bb\u00bb][vc_btn title=\u00bbKaribian Descanso\u00bb style=\u00bbcustom\u00bb custom_background=\u00bb#ffa400&#8243; custom_text=\u00bb#ffffff\u00bb shape=\u00bbsquare\u00bb align=\u00bbcenter\u00bb css_animation=\u00bbnone\u00bb css=\u00bb.vc_custom_1775725316382{padding-right: 20px !important;}\u00bb link=\u00bburl:https%3A%2F%2Fwww.mueblesnebra.com%2Fsofas-en-zaragoza%2Fmarcas%2Fkaribian-descanso%2F\u00bb][\/vc_column_inner][vc_column_inner width=\u00bb1\/3&#8243;][vc_single_image image=\u00bb15685&#8243; img_size=\u00bbfull\u00bb alignment=\u00bbcenter\u00bb css=\u00bb\u00bb][vc_btn title=\u00bbKazzano\u00bb style=\u00bbcustom\u00bb custom_background=\u00bb#ffa400&#8243; custom_text=\u00bb#ffffff\u00bb shape=\u00bbsquare\u00bb align=\u00bbcenter\u00bb css_animation=\u00bbnone\u00bb css=\u00bb.vc_custom_1775731799357{padding-right: 20px !important;}\u00bb link=\u00bburl:https%3A%2F%2Fwww.mueblesnebra.com%2Fsofas-en-zaragoza%2Fmarcas%2Fkazzano%2F\u00bb][\/vc_column_inner][\/vc_row_inner][vc_empty_space height=\u00bb20px\u00bb][vc_row_inner][vc_column_inner width=\u00bb1\/3&#8243;][vc_single_image image=\u00bb15687&#8243; img_size=\u00bbfull\u00bb alignment=\u00bbcenter\u00bb css=\u00bb\u00bb][vc_btn title=\u00bbPedro Ortiz\u00bb style=\u00bbcustom\u00bb custom_background=\u00bb#ffa400&#8243; custom_text=\u00bb#ffffff\u00bb shape=\u00bbsquare\u00bb align=\u00bbcenter\u00bb css_animation=\u00bbnone\u00bb css=\u00bb.vc_custom_1775735508255{padding-right: 20px !important;}\u00bb link=\u00bburl:https%3A%2F%2Fwww.mueblesnebra.com%2Fsofas-en-zaragoza%2Fmarcas%2Fpedro-ortiz%2F\u00bb][\/vc_column_inner][vc_column_inner width=\u00bb1\/3&#8243;][vc_single_image image=\u00bb15688&#8243; img_size=\u00bbfull\u00bb alignment=\u00bbcenter\u00bb css=\u00bb\u00bb][vc_btn title=\u00bbPemi\u00bb style=\u00bbcustom\u00bb custom_background=\u00bb#ffa400&#8243; custom_text=\u00bb#ffffff\u00bb shape=\u00bbsquare\u00bb align=\u00bbcenter\u00bb css_animation=\u00bbnone\u00bb css=\u00bb.vc_custom_1775739589901{padding-right: 20px !important;}\u00bb link=\u00bburl:https%3A%2F%2Fwww.mueblesnebra.com%2Fsofas-en-zaragoza%2Fmarcas%2Fpemi%2F\u00bb][\/vc_column_inner][vc_column_inner width=\u00bb1\/3&#8243;][vc_single_image image=\u00bb15693&#8243; img_size=\u00bbfull\u00bb alignment=\u00bbcenter\u00bb css=\u00bb\u00bb][vc_btn title=\u00bbRamiro Tarazona\u00bb style=\u00bbcustom\u00bb custom_background=\u00bb#ffa400&#8243; custom_text=\u00bb#ffffff\u00bb shape=\u00bbsquare\u00bb align=\u00bbcenter\u00bb css_animation=\u00bbnone\u00bb css=\u00bb.vc_custom_1776754664664{padding-right: 20px !important;}\u00bb link=\u00bburl:https%3A%2F%2Fwww.mueblesnebra.com%2Fsofas-en-zaragoza%2Fmarcas%2Framiro-tarazona%2F\u00bb][\/vc_column_inner][\/vc_row_inner][vc_empty_space height=\u00bb20px\u00bb][vc_row_inner][vc_column_inner width=\u00bb1\/3&#8243;][vc_single_image image=\u00bb15689&#8243; img_size=\u00bbfull\u00bb alignment=\u00bbcenter\u00bb css=\u00bb\u00bb][vc_btn title=\u00bbReyes Ordo\u00f1ez\u00bb style=\u00bbcustom\u00bb custom_background=\u00bb#ffa400&#8243; custom_text=\u00bb#ffffff\u00bb shape=\u00bbsquare\u00bb align=\u00bbcenter\u00bb css_animation=\u00bbnone\u00bb css=\u00bb.vc_custom_1776758616058{padding-right: 20px !important;}\u00bb link=\u00bburl:https%3A%2F%2Fwww.mueblesnebra.com%2Fsofas-en-zaragoza%2Fmarcas%2Freyes-ordonez%2F\u00bb][\/vc_column_inner][vc_column_inner width=\u00bb1\/3&#8243;][vc_single_image image=\u00bb15690&#8243; img_size=\u00bbfull\u00bb alignment=\u00bbcenter\u00bb css=\u00bb\u00bb][vc_btn title=\u00bbTapizados Mydel\u00bb style=\u00bbcustom\u00bb custom_background=\u00bb#ffa400&#8243; custom_text=\u00bb#ffffff\u00bb shape=\u00bbsquare\u00bb align=\u00bbcenter\u00bb css_animation=\u00bbnone\u00bb css=\u00bb.vc_custom_1776762472651{padding-right: 20px !important;}\u00bb link=\u00bburl:https%3A%2F%2Fwww.mueblesnebra.com%2Fsofas-en-zaragoza%2Fmarcas%2Ftapizados-mydel%2F\u00bb][\/vc_column_inner][vc_column_inner width=\u00bb1\/3&#8243;][vc_single_image image=\u00bb15691&#8243; img_size=\u00bbfull\u00bb alignment=\u00bbcenter\u00bb css=\u00bb\u00bb][vc_btn title=\u00bbTegar Mobel\u00bb style=\u00bbcustom\u00bb custom_background=\u00bb#ffa400&#8243; custom_text=\u00bb#ffffff\u00bb shape=\u00bbsquare\u00bb align=\u00bbcenter\u00bb css_animation=\u00bbnone\u00bb css=\u00bb.vc_custom_1776768802582{padding-right: 20px !important;}\u00bb link=\u00bburl:https%3A%2F%2Fwww.mueblesnebra.com%2Fsofas-en-zaragoza%2Fmarcas%2Ftegar-mobel%2F\u00bb][\/vc_column_inner][\/vc_row_inner][\/vc_column][vc_column width=\u00bb1\/6&#8243;][\/vc_column][\/vc_row]<\/p>\n<\/div>","protected":false},"excerpt":{"rendered":"<p>[vc_row full_width=\u00bbstretch_row_content\u00bb][vc_column width=\u00bb1\/6&#8243;][\/vc_column][vc_column width=\u00bb2\/3&#8243;][vc_column_text css=\u00bb.vc_custom_1771492236865{padding-right: 50px !important;padding-left: 50px !important;}\u00bb] Marcas y Fabricantes [\/vc_column_text][vc_column_text css=\u00bb\u00bb] Desde Muebles Nebra, tu tienda de sof\u00e1s en Zaragoza, somos distribuidores de una gran selecci\u00f3n de marcas para cubrir todas vuestras necesidades en cuanto a comodidad y descanso. Esto nos permite ofreceros sof\u00e1s y otro mobiliario adaptado a distintos estilos, tama\u00f1os [&hellip;]<\/p>\n","protected":false},"author":395,"featured_media":0,"parent":0,"menu_order":0,"comment_status":"closed","ping_status":"closed","template":"","meta":{"_genesis_hide_title":false,"_genesis_hide_breadcrumbs":false,"_genesis_hide_singular_image":false,"_genesis_hide_footer_widgets":false,"_genesis_custom_body_class":"","_genesis_custom_post_class":"","_genesis_layout":"","footnotes":""},"class_list":{"0":"post-15656","1":"page","2":"type-page","3":"status-publish","5":"entry"},"_links":{"self":[{"href":"https:\/\/www.mueblesnebra.com\/sofas-en-zaragoza\/wp-json\/wp\/v2\/pages\/15656","targetHints":{"allow":["GET"]}}],"collection":[{"href":"https:\/\/www.mueblesnebra.com\/sofas-en-zaragoza\/wp-json\/wp\/v2\/pages"}],"about":[{"href":"https:\/\/www.mueblesnebra.com\/sofas-en-zaragoza\/wp-json\/wp\/v2\/types\/page"}],"author":[{"embeddable":true,"href":"https:\/\/www.mueblesnebra.com\/sofas-en-zaragoza\/wp-json\/wp\/v2\/users\/395"}],"replies":[{"embeddable":true,"href":"https:\/\/www.mueblesnebra.com\/sofas-en-zaragoza\/wp-json\/wp\/v2\/comments?post=15656"}],"version-history":[{"count":38,"href":"https:\/\/www.mueblesnebra.com\/sofas-en-zaragoza\/wp-json\/wp\/v2\/pages\/15656\/revisions"}],"predecessor-version":[{"id":15981,"href":"https:\/\/www.mueblesnebra.com\/sofas-en-zaragoza\/wp-json\/wp\/v2\/pages\/15656\/revisions\/15981"}],"wp:attachment":[{"href":"https:\/\/www.mueblesnebra.com\/sofas-en-zaragoza\/wp-json\/wp\/v2\/media?parent=15656"}],"curies":[{"name":"wp","href":"https:\/\/api.w.org\/{rel}","templated":true}]}}