{"id":15625,"date":"2026-02-19T08:55:08","date_gmt":"2026-02-19T07:55:08","guid":{"rendered":"https:\/\/www.mueblesnebra.com\/sofas-en-zaragoza\/?page_id=15625"},"modified":"2026-03-17T10:22:15","modified_gmt":"2026-03-17T09:22:15","slug":"suinta","status":"publish","type":"page","link":"https:\/\/www.mueblesnebra.com\/sofas-en-zaragoza\/marcas\/suinta\/","title":{"rendered":"Sof\u00e1s Suinta"},"content":{"rendered":"<div class=\"wpb-content-wrapper\"><p>[vc_row full_width=\u00bbstretch_row_content\u00bb css_animation=\u00bbnone\u00bb css=\u00bb.vc_custom_1771484008972{margin-bottom: 0px !important;padding-bottom: 0px !important;background-image: url(http:\/\/www.mueblesnebra.com\/sofas-en-zaragoza\/wp-content\/uploads\/sites\/2\/2026\/02\/distribuidor-de-suinta-en-zaragoza.webp?id=15628) !important;background-position: center !important;background-repeat: no-repeat !important;background-size: cover !important;}\u00bb][vc_column][vc_row_inner gap=\u00bb35&#8243; css=\u00bb.vc_custom_1718355471939{padding-right: 5px !important;padding-left: 5px !important;}\u00bb][vc_column_inner width=\u00bb1\/6&#8243;][\/vc_column_inner][vc_column_inner width=\u00bb2\/3&#8243;][vc_column_text css=\u00bb.vc_custom_1771483722889{margin-right: 10px !important;margin-left: 10px !important;}\u00bb]<\/p>\n<h1 style=\"text-align: center;\"><strong><span style=\"color: #ffffff; text-shadow: 4px 4px 4px #333;\">Tienda de Sof\u00e1s Suinta en Zaragoza<\/span><\/strong><\/h1>\n<p style=\"text-align: center;\"><strong><span style=\"color: #ffffff; text-shadow: 4px 4px 4px #333;\">Como sus distribuidores en Zaragoza, en nuestra tienda vas a encontrar una selecci\u00f3n de sof\u00e1s de Suinta, una marca reconocida por su dise\u00f1o, comodidad y funcionalidad, trabajando adem\u00e1s con los modelos actuales del fabricante. Suinta destacan por su versatilidad, la posibilidad de elegir diferentes configuraciones y una amplia variedad de tapizados, as\u00ed pod\u00e9is encontrar el que encaje tanto a nivel est\u00e9tico como pr\u00e1ctico.<\/span><\/strong><\/p>\n<p>[\/vc_column_text][vc_empty_space height=\u00bb100px\u00bb el_class=\u00bbdisplay-none\u00bb][vc_btn title=\u00bbCONT\u00c1CTANOS\u00bb style=\u00bbcustom\u00bb custom_background=\u00bb#ffa400&#8243; custom_text=\u00bb#ffffff\u00bb shape=\u00bbsquare\u00bb align=\u00bbcenter\u00bb css_animation=\u00bbnone\u00bb css=\u00bb.vc_custom_1733132933932{padding-right: 20px !important;}\u00bb link=\u00bburl:https%3A%2F%2Fwww.mueblesnebra.com%2Fsofas-en-zaragoza%2Fcontacto%2F\u00bb][\/vc_column_inner][vc_column_inner width=\u00bb1\/6&#8243;][\/vc_column_inner][\/vc_row_inner][vc_empty_space height=\u00bb150px\u00bb el_class=\u00bbdisplay-none\u00bb][vc_empty_space height=\u00bb100px\u00bb][\/vc_column][\/vc_row][vc_row full_width=\u00bbstretch_row_content\u00bb][vc_column][vc_row_inner][vc_column_inner width=\u00bb2\/4&#8243;][vc_column_text]<\/p>\n<p style=\"text-align: left;\"><nav aria-label=\"breadcrumbs\" class=\"rank-math-breadcrumb\"><p><span class=\"last\">Inicio<\/span><\/p><\/nav><\/p>\n<p>[\/vc_column_text][\/vc_column_inner][vc_column_inner width=\u00bb1\/4&#8243;][\/vc_column_inner][vc_column_inner width=\u00bb1\/4&#8243;][\/vc_column_inner][\/vc_row_inner][\/vc_column][\/vc_row][vc_row full_width=\u00bbstretch_row_content\u00bb][vc_column width=\u00bb1\/6&#8243;][\/vc_column][vc_column width=\u00bb2\/3&#8243;][vc_column_text css=\u00bb.vc_custom_1771483486472{padding-right: 50px !important;padding-left: 50px !important;}\u00bb]<\/p>\n<h2 style=\"text-align: center;\"><span style=\"color: #ff9900; font-size: 24pt;\">Cat\u00e1logo de Suinta<\/span><\/h2>\n<p>[\/vc_column_text][vc_column_text css=\u00bb\u00bb]<\/p>\n<p style=\"text-align: center;\">Aqu\u00ed ten\u00e9is parte de nuestro cat\u00e1logo de Suinta que distribuimos, pero si os pas\u00e1is por una de <strong><a href=\"https:\/\/www.mueblesnebra.com\/nuestras-tiendas\/\">nuestras tiendas<\/a><\/strong>, tenemos muchos m\u00e1s sof\u00e1s de la marca. Desde sof\u00e1s compactos hasta composiciones m\u00e1s grandes, con distintas opciones de brazos, respaldos, asientos y m\u00f3dulos.<\/p>\n<p style=\"text-align: center;\">Cada uno de los sof\u00e1s de Suinta se puede <strong>personalizar<\/strong> seg\u00fan las necesidades de cada cliente, tanto en <strong>tama\u00f1o como en acabados<\/strong>. Nuestro equipo te ayuda a interpretar las opciones del cat\u00e1logo para que puedas elegir el modelo m\u00e1s adecuado sin complicaciones.<\/p>\n<p>[\/vc_column_text][vc_masonry_media_grid css=\u00bb\u00bb initial_loading_animation=\u00bbnone\u00bb grid_id=\u00bbvc_gid:1773739221822-b635cf8e-2302-8&#8243; include=\u00bb15630,15631,15651,15633,15634,15635,15652,15653,15632&#8243;][\/vc_column][vc_column width=\u00bb1\/6&#8243;][\/vc_column][\/vc_row][vc_row full_width=\u00bbstretch_row_content_no_spaces\u00bb css=\u00bb.vc_custom_1721117250766{margin-bottom: 0px !important;padding-bottom: 0px !important;}\u00bb][vc_column width=\u00bb1\/6&#8243;][\/vc_column][vc_column width=\u00bb2\/3&#8243;][vc_column_text css=\u00bb.vc_custom_1771485817284{padding-right: 50px !important;padding-left: 50px !important;}\u00bb]<\/p>\n<h2 style=\"text-align: center;\"><span style=\"color: #ff9900; font-size: 24pt;\">Gran variedad de sof\u00e1s Suinta en Zaragoza<\/span><\/h2>\n<p>[\/vc_column_text][vc_column_text css=\u00bb.vc_custom_1771485784386{padding-right: 50px !important;padding-left: 50px !important;}\u00bb]<\/p>\n<p style=\"text-align: center;\">En Muebles Nebra somos distribuidores de la marca, por lo que disponemos de una gran variedad de sof\u00e1s de Suinta, cubriendo distintos tipos de salones y usos, tanto si es para un sal\u00f3n peque\u00f1o como para un espacio amplio o una vivienda donde el sof\u00e1 se vaya a usar mucho.<\/p>\n<p>[\/vc_column_text][vc_btn title=\u00bbSolicita tu proyecto personalizado\u00bb style=\u00bbcustom\u00bb custom_background=\u00bb#ffa400&#8243; custom_text=\u00bb#ffffff\u00bb shape=\u00bbsquare\u00bb align=\u00bbcenter\u00bb css_animation=\u00bbnone\u00bb css=\u00bb.vc_custom_1721118184816{padding-right: 20px !important;}\u00bb link=\u00bburl:https%3A%2F%2Fwww.mueblesnebra.com%2Fsofas-en-zaragoza%2Fsolicitar-proyecto%2F\u00bb][vc_row_inner][vc_column_inner width=\u00bb1\/2&#8243;][vc_column_text css=\u00bb.vc_custom_1771486045426{padding-right: 50px !important;padding-left: 50px !important;}\u00bb]<\/p>\n<h3 style=\"text-align: left;\"><span style=\"color: #ff9900; font-size: 18pt;\">Sof\u00e1s cama<\/span><\/h3>\n<p>Los sof\u00e1s cama de Suinta son una muy buena opci\u00f3n para viviendas donde se necesita una <strong>soluci\u00f3n polivalente<\/strong>. Est\u00e1n dise\u00f1ados para funcionar correctamente tanto como sof\u00e1 en el d\u00eda a d\u00eda como cama ocasional o frecuente. Sistemas de apertura sencillos con dise\u00f1os actuales y diferentes tama\u00f1os seg\u00fan el espacio disponible.[\/vc_column_text][\/vc_column_inner][vc_column_inner width=\u00bb1\/2&#8243;][vc_column_text css=\u00bb.vc_custom_1771486126132{padding-right: 50px !important;padding-left: 50px !important;}\u00bb]<\/p>\n<h3 style=\"text-align: left;\"><span style=\"color: #ff9900; font-size: 18pt;\">Chaise longue<\/span><\/h3>\n<p>Las chaise longue de Suinta son una de las <strong>mejores configuraciones<\/strong> de su cat\u00e1logo. Aportan un extra de espacio y comodidad, permitiendo estirarse o compartir el sof\u00e1 con mayor amplitud. Tenemos diferentes longitudes, con la configuraci\u00f3n izquierda o derecha disponibles e incluso con opciones de almacenaje en algunos modelos.[\/vc_column_text][\/vc_column_inner][\/vc_row_inner][vc_row_inner][vc_column_inner width=\u00bb1\/6&#8243;][\/vc_column_inner][vc_column_inner width=\u00bb2\/3&#8243;][vc_column_text css=\u00bb.vc_custom_1771486203752{padding-right: 50px !important;padding-left: 50px !important;}\u00bb]<\/p>\n<h3 style=\"text-align: left;\"><span style=\"color: #ff9900; font-size: 18pt;\">Sillones<\/span><\/h3>\n<p>Permiten completar el conjunto del sal\u00f3n o crear un asiento independiente. Son una soluci\u00f3n <strong>pr\u00e1ctica<\/strong> para a\u00f1adir comodidad sin necesidad de colocar un sof\u00e1 de gran tama\u00f1o, siendo bastante ergon\u00f3micos para un uso diario. Tenemos modelos fijos o con sistema relax, con diferentes alturas de respaldo y con m\u00faltiples opciones de tapizado.[\/vc_column_text][\/vc_column_inner][vc_column_inner width=\u00bb1\/6&#8243;][\/vc_column_inner][\/vc_row_inner][vc_row_inner][vc_column_inner][vc_gallery type=\u00bbimage_grid\u00bb images=\u00bb15641,15640,15639,15646&#8243; img_size=\u00bb500&#215;500&#8243; onclick=\u00bb\u00bb css=\u00bb\u00bb][\/vc_column_inner][\/vc_row_inner][\/vc_column][vc_column width=\u00bb1\/6&#8243;][\/vc_column][\/vc_row][vc_row][vc_column][vc_empty_space height=\u00bb50px\u00bb][\/vc_column][\/vc_row][vc_row full_width=\u00bbstretch_row_content\u00bb][vc_column width=\u00bb1\/6&#8243;][\/vc_column][vc_column width=\u00bb2\/3&#8243;][vc_column_text css=\u00bb.vc_custom_1771486704189{padding-right: 50px !important;padding-left: 50px !important;}\u00bb]<\/p>\n<h2 style=\"text-align: center;\"><span style=\"color: #ff9900; font-size: 24pt;\">Tambi\u00e9n te hacemos tapizados de Suinta<\/span><\/h2>\n<p>[\/vc_column_text][vc_column_text css=\u00bb\u00bb]Adem\u00e1s de sof\u00e1s nuevos, tambi\u00e9n realizamos tapizados de Suinta para clientes que desean renovar su sof\u00e1 manteniendo la estructura original. El tapizado es una soluci\u00f3n pr\u00e1ctica cuando el sof\u00e1 sigue siendo c\u00f3modo, pero el tejido est\u00e1 desgastado o se quiere actualizar su aspecto. Podemos:<\/p>\n<ol>\n<li>Cambiar completamente el tejido del sof\u00e1.<\/li>\n<li>Actualizar color y acabado.<\/li>\n<li>Adaptar el sof\u00e1 a nuevas necesidades de uso y alargar su vida \u00fatil.<\/li>\n<\/ol>\n<p>Si adem\u00e1s de estar mirando sof\u00e1s de Suinta te interesan otros muebles, te pueden interesar:[\/vc_column_text][vc_row_inner][vc_column_inner width=\u00bb1\/2&#8243;][vc_btn title=\u00bbSof\u00e1s chaise longue\u00bb style=\u00bbcustom\u00bb custom_background=\u00bb#ffa400&#8243; custom_text=\u00bb#ffffff\u00bb shape=\u00bbsquare\u00bb align=\u00bbcenter\u00bb css_animation=\u00bbnone\u00bb css=\u00bb.vc_custom_1771486875575{padding-right: 20px !important;}\u00bb link=\u00bburl:https%3A%2F%2Fwww.mueblesnebra.com%2Fsofas-en-zaragoza%2Fsofas-chaise-longue%2F\u00bb][\/vc_column_inner][vc_column_inner width=\u00bb1\/2&#8243;][vc_btn title=\u00bbSof\u00e1s cama\u00bb style=\u00bbcustom\u00bb custom_background=\u00bb#ffa400&#8243; custom_text=\u00bb#ffffff\u00bb shape=\u00bbsquare\u00bb align=\u00bbcenter\u00bb css_animation=\u00bbnone\u00bb css=\u00bb.vc_custom_1771486894565{padding-right: 20px !important;}\u00bb link=\u00bburl:https%3A%2F%2Fwww.mueblesnebra.com%2Fsofas-en-zaragoza%2Fsofas-cama%2F\u00bb][\/vc_column_inner][\/vc_row_inner][\/vc_column][vc_column width=\u00bb1\/6&#8243;][\/vc_column][\/vc_row]<\/p>\n<\/div>","protected":false},"excerpt":{"rendered":"<p>[vc_row full_width=\u00bbstretch_row_content\u00bb css_animation=\u00bbnone\u00bb css=\u00bb.vc_custom_1771484008972{margin-bottom: 0px !important;padding-bottom: 0px !important;background-image: url(http:\/\/www.mueblesnebra.com\/sofas-en-zaragoza\/wp-content\/uploads\/sites\/2\/2026\/02\/distribuidor-de-suinta-en-zaragoza.webp?id=15628) !important;background-position: center !important;background-repeat: no-repeat !important;background-size: cover !important;}\u00bb][vc_column][vc_row_inner gap=\u00bb35&#8243; css=\u00bb.vc_custom_1718355471939{padding-right: 5px !important;padding-left: 5px !important;}\u00bb][vc_column_inner width=\u00bb1\/6&#8243;][\/vc_column_inner][vc_column_inner width=\u00bb2\/3&#8243;][vc_column_text css=\u00bb.vc_custom_1771483722889{margin-right: 10px !important;margin-left: 10px !important;}\u00bb] Tienda de Sof\u00e1s Suinta en Zaragoza Como sus distribuidores en Zaragoza, en nuestra tienda vas a encontrar una selecci\u00f3n de sof\u00e1s de Suinta, una marca reconocida [&hellip;]<\/p>\n","protected":false},"author":395,"featured_media":0,"parent":15656,"menu_order":0,"comment_status":"closed","ping_status":"closed","template":"","meta":{"_genesis_hide_title":false,"_genesis_hide_breadcrumbs":false,"_genesis_hide_singular_image":false,"_genesis_hide_footer_widgets":false,"_genesis_custom_body_class":"","_genesis_custom_post_class":"","_genesis_layout":"","footnotes":""},"class_list":{"0":"post-15625","1":"page","2":"type-page","3":"status-publish","5":"entry"},"_links":{"self":[{"href":"https:\/\/www.mueblesnebra.com\/sofas-en-zaragoza\/wp-json\/wp\/v2\/pages\/15625","targetHints":{"allow":["GET"]}}],"collection":[{"href":"https:\/\/www.mueblesnebra.com\/sofas-en-zaragoza\/wp-json\/wp\/v2\/pages"}],"about":[{"href":"https:\/\/www.mueblesnebra.com\/sofas-en-zaragoza\/wp-json\/wp\/v2\/types\/page"}],"author":[{"embeddable":true,"href":"https:\/\/www.mueblesnebra.com\/sofas-en-zaragoza\/wp-json\/wp\/v2\/users\/395"}],"replies":[{"embeddable":true,"href":"https:\/\/www.mueblesnebra.com\/sofas-en-zaragoza\/wp-json\/wp\/v2\/comments?post=15625"}],"version-history":[{"count":18,"href":"https:\/\/www.mueblesnebra.com\/sofas-en-zaragoza\/wp-json\/wp\/v2\/pages\/15625\/revisions"}],"predecessor-version":[{"id":15729,"href":"https:\/\/www.mueblesnebra.com\/sofas-en-zaragoza\/wp-json\/wp\/v2\/pages\/15625\/revisions\/15729"}],"up":[{"embeddable":true,"href":"https:\/\/www.mueblesnebra.com\/sofas-en-zaragoza\/wp-json\/wp\/v2\/pages\/15656"}],"wp:attachment":[{"href":"https:\/\/www.mueblesnebra.com\/sofas-en-zaragoza\/wp-json\/wp\/v2\/media?parent=15625"}],"curies":[{"name":"wp","href":"https:\/\/api.w.org\/{rel}","templated":true}]}}