{"id":153,"date":"2024-08-20T09:09:50","date_gmt":"2024-08-20T07:09:50","guid":{"rendered":"https:\/\/www.mueblesnebra.com\/sofas-en-zaragoza\/?page_id=153"},"modified":"2024-12-02T14:52:27","modified_gmt":"2024-12-02T13:52:27","slug":"sofas-relax","status":"publish","type":"page","link":"https:\/\/www.mueblesnebra.com\/sofas-en-zaragoza\/sofas-relax\/","title":{"rendered":"Sof\u00e1s relax"},"content":{"rendered":"<div class=\"wpb-content-wrapper\"><p>[vc_row full_width=\u00bbstretch_row_content\u00bb css_animation=\u00bbfadeIn\u00bb css=\u00bb.vc_custom_1724137500598{margin-bottom: 0px !important;padding-bottom: 0px !important;background-image: url(http:\/\/www.mueblesnebra.com\/sofas-en-zaragoza\/wp-content\/uploads\/sites\/2\/2024\/08\/portada-sofas-relax-en-zaragoza.webp?id=166) !important;background-position: center !important;background-repeat: no-repeat !important;background-size: cover !important;}\u00bb][vc_column][vc_empty_space height=\u00bb100px\u00bb][vc_empty_space height=\u00bb150px\u00bb el_class=\u00bbdisplay-none\u00bb][vc_row_inner gap=\u00bb35&#8243; css=\u00bb.vc_custom_1718355471939{padding-right: 5px !important;padding-left: 5px !important;}\u00bb][vc_column_inner width=\u00bb1\/6&#8243;][\/vc_column_inner][vc_column_inner width=\u00bb2\/3&#8243;][vc_column_text css=\u00bb.vc_custom_1724133969125{margin-right: 10px !important;margin-left: 10px !important;}\u00bb]<\/p>\n<h1 style=\"text-align: center;\"><strong><span style=\"color: #ffffff; text-shadow: 4px 4px 4px #333;\">Sof\u00e1s relax Zaragoza<\/span><\/strong><\/h1>\n<p style=\"text-align: center;\"><strong><span style=\"color: #ffffff; text-shadow: 4px 4px 4px #333;\">Si lo primero que quieres hacer al llegar a casa, es relajarte en el sof\u00e1, est\u00e1s en el sitio adecuado. Nos adaptamos a tus necesidades y estilo de vida, puesto que nos dedicamos a la proporcionar el mejor sof\u00e1 relax para cada uno de vosotros.<\/span><\/strong><\/p>\n<p>[\/vc_column_text][vc_empty_space height=\u00bb100px\u00bb el_class=\u00bbdisplay-none\u00bb][vc_btn title=\u00bbCAT\u00c1LOGO DE SOF\u00c1S\u00bb style=\u00bbcustom\u00bb custom_background=\u00bb#ffa400&#8243; custom_text=\u00bb#ffffff\u00bb shape=\u00bbsquare\u00bb align=\u00bbcenter\u00bb css_animation=\u00bbnone\u00bb link=\u00bburl:https%3A%2F%2Fwww.mueblesnebra.com%2Fsofas-en-zaragoza%2Fcatalogo-sofas%2F\u00bb css=\u00bb.vc_custom_1721116678828{padding-right: 20px !important;}\u00bb][\/vc_column_inner][vc_column_inner width=\u00bb1\/6&#8243;][\/vc_column_inner][\/vc_row_inner][vc_empty_space height=\u00bb150px\u00bb el_class=\u00bbdisplay-none\u00bb][vc_empty_space height=\u00bb100px\u00bb][\/vc_column][\/vc_row][vc_row full_width=\u00bbstretch_row_content\u00bb][vc_column][vc_row_inner][vc_column_inner width=\u00bb2\/4&#8243;][vc_column_text]<\/p>\n<p style=\"text-align: left;\"><nav aria-label=\"breadcrumbs\" class=\"rank-math-breadcrumb\"><p><span class=\"last\">Inicio<\/span><\/p><\/nav><\/p>\n<p>[\/vc_column_text][\/vc_column_inner][vc_column_inner width=\u00bb1\/4&#8243;][\/vc_column_inner][vc_column_inner width=\u00bb1\/4&#8243;][\/vc_column_inner][\/vc_row_inner][vc_column_text css=\u00bb.vc_custom_1724134220782{padding-right: 50px !important;padding-left: 50px !important;}\u00bb]<\/p>\n<h2 style=\"text-align: center;\"><span style=\"color: #ff9900; font-size: 24pt;\">Sof\u00e1s relax fabricados en Espa\u00f1a<\/span><\/h2>\n<p>[\/vc_column_text][\/vc_column][\/vc_row][vc_row full_width=\u00bbstretch_row_content_no_spaces\u00bb css=\u00bb.vc_custom_1721117250766{margin-bottom: 0px !important;padding-bottom: 0px !important;}\u00bb][vc_column width=\u00bb1\/3&#8243;][vc_column_text css=\u00bb.vc_custom_1724134257485{padding-right: 50px !important;padding-left: 50px !important;}\u00bb]<\/p>\n<h2 style=\"text-align: left;\"><span style=\"color: #ff9900; font-size: 24pt;\">\u00bfNecesitas alg\u00fan modelo de sof\u00e1 relax en concreto?<\/span><\/h2>\n<p>[\/vc_column_text][vc_column_text css=\u00bb.vc_custom_1731579088373{padding-right: 50px !important;padding-left: 50px !important;}\u00bb]Con tantas opciones disponibles, es f\u00e1cil sentirse perdido buscando el sof\u00e1 relax que realmente quieres. Por eso mismo, siempre te ofrecemos solo la mejor calidad, contando con sof\u00e1s el\u00e9ctricos motorizados o deslizantes.<\/p>\n<p>No importa si buscas un sof\u00e1 relax en Zaragoza para un sal\u00f3n grande o peque\u00f1o, un modelo con funciones de masaje o un sof\u00e1 relax el\u00e9ctrico con m\u00faltiples posiciones, nosotros lo tenemos.<\/p>\n<p>Si tienes alguna preferencia especial o necesitas un sof\u00e1 con caracter\u00edsticas espec\u00edficas, no dudes en solicitar tu proyecto personalizado. Estamos aqu\u00ed para asegurarnos de que encuentres exactamente lo que buscas: calidad, y confort.[\/vc_column_text][vc_btn title=\u00bbSolicita tu proyecto personalizado\u00bb style=\u00bbcustom\u00bb custom_background=\u00bb#ffa400&#8243; custom_text=\u00bb#ffffff\u00bb shape=\u00bbsquare\u00bb align=\u00bbcenter\u00bb css_animation=\u00bbnone\u00bb link=\u00bburl:https%3A%2F%2Fwww.mueblesnebra.com%2Fsofas-en-zaragoza%2Fsolicitar-proyecto%2F\u00bb css=\u00bb.vc_custom_1721118184816{padding-right: 20px !important;}\u00bb][vc_empty_space height=\u00bb100px\u00bb][\/vc_column][vc_column width=\u00bb2\/3&#8243;][vc_single_image image=\u00bb164&#8243; img_size=\u00bb1366\u00d7768&#8243; alignment=\u00bbcenter\u00bb][\/vc_column][\/vc_row][vc_row][vc_column][vc_empty_space height=\u00bb50px\u00bb][\/vc_column][\/vc_row][vc_row full_width=\u00bbstretch_row_content_no_spaces\u00bb][vc_column width=\u00bb2\/3&#8243;][vc_single_image image=\u00bb168&#8243; img_size=\u00bb1366\u00d7768&#8243; alignment=\u00bbcenter\u00bb][\/vc_column][vc_column width=\u00bb1\/3&#8243;][vc_column_text css=\u00bb.vc_custom_1724136248957{padding-right: 50px !important;padding-left: 50px !important;}\u00bb]<\/p>\n<h3 style=\"text-align: left;\"><strong><span style=\"color: #ff9900; font-size: 24pt;\">\u00bfLo necesitas a medida?<\/span><\/strong><\/h3>\n<p>[\/vc_column_text][vc_column_text css=\u00bb.vc_custom_1724136570799{padding-right: 50px !important;padding-left: 50px !important;}\u00bb]No s\u00f3lo cada sal\u00f3n es \u00fanico, tambi\u00e9n lo es cada persona. Por este motivo, ofrecemos un servicio personalizado para crear un sof\u00e1 relax a tu medida. Un sof\u00e1 m\u00e1s grande, m\u00e1s peque\u00f1o, con un dise\u00f1o especial o con caracter\u00edsticas particulares&#8230; nosotros te ayudamos.<\/p>\n<p>Elige las dimensiones, la tapicer\u00eda, los colores, las funcionalidades&#8230; \u00a1Todo! As\u00ed, conseguir\u00e1s el sof\u00e1 relax que mejor se adapte a ti y a tu espacio disponible en casa. Adem\u00e1s, te podemos asesorarte si lo necesitas, solo tienes que pasarte por nuestra tienda, o contactarnos.[\/vc_column_text][vc_empty_space height=\u00bb100px\u00bb][\/vc_column][\/vc_row][vc_row][vc_column][vc_empty_space height=\u00bb50px\u00bb][\/vc_column][\/vc_row][vc_row full_width=\u00bbstretch_row_content\u00bb][vc_column width=\u00bb1\/6&#8243;][\/vc_column][vc_column width=\u00bb2\/3&#8243;][vc_column_text css=\u00bb.vc_custom_1724135243989{padding-right: 50px !important;padding-left: 50px !important;}\u00bb]<\/p>\n<h2 style=\"text-align: center;\"><span style=\"color: #ff9900; font-size: 24pt;\">\u00bfQu\u00e9 sof\u00e1 relax est\u00e1s buscando?<\/span><\/h2>\n<p>[\/vc_column_text][vc_column_text]A priori parece una pregunta f\u00e1cil, pero la verdad es que debes tener en cuenta muchos factores. \u00bfD\u00f3nde lo vas a colocar? \u00bfCu\u00e1nto espacio tengo en el sal\u00f3n? \u00bfQu\u00e9 estilo busco? Y as\u00ed podr\u00edamos seguir.<\/p>\n<p>Por eso, nuestros sof\u00e1s relax el\u00e9ctricos destacan por su dise\u00f1o \u00fanico y tecnolog\u00eda. Son perfectos para todo el mundo, incluso para personas mayores o con movilidad reducida, ya que permiten ajustar el sof\u00e1 sin esfuerzo. Adem\u00e1s, est\u00e1n disponibles en diferentes tama\u00f1os y estilos, desde modelos compactos para espacios peque\u00f1os hasta grandes sof\u00e1s de esquina para toda la familia.[\/vc_column_text][vc_row_inner][vc_column_inner width=\u00bb1\/3&#8243;][vc_column_text]<\/p>\n<h3 style=\"text-align: left;\"><span style=\"color: #ff9900; font-size: 20pt;\">Sof\u00e1s masaje<\/span><\/h3>\n<p>Mejor opci\u00f3n para los que buscan relajarse despu\u00e9s de un d\u00eda agotador. Equipados con motor, est\u00e1n dise\u00f1ados para ofrecer una experiencia \u00fanica en tu casa, aliviando tu estr\u00e9s, y reduciendo la tensi\u00f3n muscular y mejorando la circulaci\u00f3n.[\/vc_column_text][\/vc_column_inner][vc_column_inner width=\u00bb1\/3&#8243;][vc_column_text]<\/p>\n<h3 style=\"text-align: left;\"><span style=\"color: #ff9900; font-size: 20pt;\">Sof\u00e1s relax el\u00e9ctricos<\/span><\/h3>\n<p>F\u00e1ciles de usar y muy c\u00f3modos. Con solo presionar un bot\u00f3n, puedes reclinar el respaldo, levantar el reposapi\u00e9s o ajustar el \u00e1ngulo del asiento para encontrar la posici\u00f3n m\u00e1s c\u00f3moda para ti. Algunos modelos incluso vienen con puertos USB integrados para que puedas cargar tus dispositivos mientras te relajas.[\/vc_column_text][\/vc_column_inner][vc_column_inner width=\u00bb1\/3&#8243;][vc_column_text]<\/p>\n<h3 style=\"text-align: left;\"><span style=\"color: #ff9900; font-size: 20pt;\">Sof\u00e1s relax manuales<\/span><\/h3>\n<p>Si prefieres un enfoque m\u00e1s tradicional, los sof\u00e1s relax manuales son una excelente elecci\u00f3n. Estos modelos no requieren electricidad y funcionan mediante un mecanismo de palanca o empuje. Aunque no ofrecen tantas posiciones como los modelos el\u00e9ctricos, son extremadamente duraderos y f\u00e1ciles de usar.[\/vc_column_text][\/vc_column_inner][\/vc_row_inner][vc_row_inner][vc_column_inner][vc_btn title=\u00bb\u00a1Cont\u00e1ctanos!\u00bb style=\u00bbcustom\u00bb custom_background=\u00bb#ffa400&#8243; custom_text=\u00bb#ffffff\u00bb shape=\u00bbsquare\u00bb align=\u00bbcenter\u00bb css_animation=\u00bbnone\u00bb link=\u00bburl:https%3A%2F%2Fwww.mueblesnebra.com%2Fsofas-en-zaragoza%2Fcontacto%2F\u00bb css=\u00bb.vc_custom_1721121664143{padding-right: 20px !important;}\u00bb][vc_empty_space height=\u00bb20px\u00bb][\/vc_column_inner][\/vc_row_inner][vc_tta_accordion section_title_tag=\u00bbh2&#8243; active_section=\u00bb2000000000000&#8243; collapsible_all=\u00bbtrue\u00bb][vc_tta_section title=\u00bbM\u00e1s sobre nuestros sof\u00e1s relax en Zaragoza\u00bb tab_id=\u00bb1731578575739-5023df13-19ac\u00bb][vc_column_text]<\/p>\n<h3>Sof\u00e1s Relax de 1 Plaza<\/h3>\n<p>Los sof\u00e1s relax de 1 plaza son la elecci\u00f3n perfecta para quienes buscan un asiento individual de m\u00e1ximo confort. En nuestra tienda en Zaragoza, ofrecemos una selecci\u00f3n de sof\u00e1s de una plaza que combinan elegancia, ergonom\u00eda y tecnolog\u00eda avanzada para ofrecer el mejor descanso. Son ideales para colocar en una sala de estar, en una zona de lectura o incluso en el dormitorio, aportando un espacio de relax personalizable y exclusivo.<\/p>\n<h3>Sof\u00e1s Relax de 2 Plazas<\/h3>\n<p>Los sof\u00e1s relax de 2 plazas son una excelente opci\u00f3n para parejas o familias que buscan un sof\u00e1 c\u00f3modo y funcional sin ocupar demasiado espacio en la sala de estar. Contamos con modelos que combinan dise\u00f1o y tecnolog\u00eda para ofrecer un relax incomparable, permitiendo que dos personas disfruten de un descanso de alta calidad a la vez.<\/p>\n<h3>Sof\u00e1s Relax de 3 Plazas<\/h3>\n<p>Si buscas lo m\u00e1s c\u00f3modo para toda la familia, los sof\u00e1s relax de 3 plazas son la elecci\u00f3n perfecta. Estos sof\u00e1s permiten que tres personas se relajen c\u00f3modamente y, en algunos modelos, cada asiento es reclinable de forma independiente, lo que os permite que los tres est\u00e9is mucho m\u00e1s c\u00f3modos, seg\u00fan vuestras preferencias.[\/vc_column_text][\/vc_tta_section][\/vc_tta_accordion][\/vc_column][vc_column width=\u00bb1\/6&#8243;][\/vc_column][\/vc_row]<\/p>\n<\/div>","protected":false},"excerpt":{"rendered":"<p>[vc_row full_width=\u00bbstretch_row_content\u00bb css_animation=\u00bbfadeIn\u00bb css=\u00bb.vc_custom_1724137500598{margin-bottom: 0px !important;padding-bottom: 0px !important;background-image: url(http:\/\/www.mueblesnebra.com\/sofas-en-zaragoza\/wp-content\/uploads\/sites\/2\/2024\/08\/portada-sofas-relax-en-zaragoza.webp?id=166) !important;background-position: center !important;background-repeat: no-repeat !important;background-size: cover !important;}\u00bb][vc_column][vc_empty_space height=\u00bb100px\u00bb][vc_empty_space height=\u00bb150px\u00bb el_class=\u00bbdisplay-none\u00bb][vc_row_inner gap=\u00bb35&#8243; css=\u00bb.vc_custom_1718355471939{padding-right: 5px !important;padding-left: 5px !important;}\u00bb][vc_column_inner width=\u00bb1\/6&#8243;][\/vc_column_inner][vc_column_inner width=\u00bb2\/3&#8243;][vc_column_text css=\u00bb.vc_custom_1724133969125{margin-right: 10px !important;margin-left: 10px !important;}\u00bb] Sof\u00e1s relax Zaragoza Si lo primero que quieres hacer al llegar a casa, es relajarte en el sof\u00e1, est\u00e1s en el sitio adecuado. [&hellip;]<\/p>\n","protected":false},"author":395,"featured_media":0,"parent":0,"menu_order":0,"comment_status":"closed","ping_status":"closed","template":"","meta":{"_genesis_hide_title":false,"_genesis_hide_breadcrumbs":false,"_genesis_hide_singular_image":false,"_genesis_hide_footer_widgets":false,"_genesis_custom_body_class":"","_genesis_custom_post_class":"","_genesis_layout":"","footnotes":""},"class_list":{"0":"post-153","1":"page","2":"type-page","3":"status-publish","5":"entry"},"_links":{"self":[{"href":"https:\/\/www.mueblesnebra.com\/sofas-en-zaragoza\/wp-json\/wp\/v2\/pages\/153","targetHints":{"allow":["GET"]}}],"collection":[{"href":"https:\/\/www.mueblesnebra.com\/sofas-en-zaragoza\/wp-json\/wp\/v2\/pages"}],"about":[{"href":"https:\/\/www.mueblesnebra.com\/sofas-en-zaragoza\/wp-json\/wp\/v2\/types\/page"}],"author":[{"embeddable":true,"href":"https:\/\/www.mueblesnebra.com\/sofas-en-zaragoza\/wp-json\/wp\/v2\/users\/395"}],"replies":[{"embeddable":true,"href":"https:\/\/www.mueblesnebra.com\/sofas-en-zaragoza\/wp-json\/wp\/v2\/comments?post=153"}],"version-history":[{"count":17,"href":"https:\/\/www.mueblesnebra.com\/sofas-en-zaragoza\/wp-json\/wp\/v2\/pages\/153\/revisions"}],"predecessor-version":[{"id":359,"href":"https:\/\/www.mueblesnebra.com\/sofas-en-zaragoza\/wp-json\/wp\/v2\/pages\/153\/revisions\/359"}],"wp:attachment":[{"href":"https:\/\/www.mueblesnebra.com\/sofas-en-zaragoza\/wp-json\/wp\/v2\/media?parent=153"}],"curies":[{"name":"wp","href":"https:\/\/api.w.org\/{rel}","templated":true}]}}